{"id":699,"date":"2020-12-08T21:34:22","date_gmt":"2020-12-09T02:34:22","guid":{"rendered":"https:\/\/torney.progressionstudios.com\/?page_id=699"},"modified":"2025-05-11T13:14:26","modified_gmt":"2025-05-11T18:14:26","slug":"comercio-internacional","status":"publish","type":"page","link":"https:\/\/www.edtij.com\/esp\/areas-practica\/comercio-internacional\/","title":{"rendered":"Comercio Internacional"},"content":{"rendered":"\t\t<div data-elementor-type=\"wp-page\" data-elementor-id=\"699\" class=\"elementor elementor-699\">\n\t\t\t\t\t\t<section class=\"elementor-section elementor-top-section elementor-element elementor-element-1d5abbd1 elementor-reverse-mobile elementor-section-boxed elementor-section-height-default elementor-section-height-default\" data-id=\"1d5abbd1\" data-element_type=\"section\" data-e-type=\"section\">\n\t\t\t\t\t\t<div class=\"elementor-container elementor-column-gap-default\">\n\t\t\t\t\t<div class=\"elementor-column elementor-col-50 elementor-top-column elementor-element elementor-element-3d1aeb39\" data-id=\"3d1aeb39\" data-element_type=\"column\" data-e-type=\"column\">\n\t\t\t<div class=\"elementor-widget-wrap elementor-element-populated\">\n\t\t\t\t\t\t<div class=\"elementor-element elementor-element-2e7d4369 elementor-widget elementor-widget-heading\" data-id=\"2e7d4369\" data-element_type=\"widget\" data-e-type=\"widget\" data-widget_type=\"heading.default\">\n\t\t\t\t<div class=\"elementor-widget-container\">\n\t\t\t\t\t<h2 class=\"elementor-heading-title elementor-size-default\">\u00c1reas de Pr\u00e1ctica<\/h2>\t\t\t\t<\/div>\n\t\t\t\t<\/div>\n\t\t\t\t<div class=\"elementor-element elementor-element-f786e55 elementor-icon-list--layout-traditional elementor-list-item-link-full_width elementor-widget elementor-widget-icon-list\" data-id=\"f786e55\" data-element_type=\"widget\" data-e-type=\"widget\" data-widget_type=\"icon-list.default\">\n\t\t\t\t<div class=\"elementor-widget-container\">\n\t\t\t\t\t\t\t<ul class=\"elementor-icon-list-items\">\n\t\t\t\t\t\t\t<li class=\"elementor-icon-list-item\">\n\t\t\t\t\t\t\t\t\t\t\t<a href=\"https:\/\/www.edtij.com\/esp\/areas-practica\/derecho-corporativo\/\">\n\n\t\t\t\t\t\t\t\t\t\t\t\t<span class=\"elementor-icon-list-icon\">\n\t\t\t\t\t\t\t<i aria-hidden=\"true\" class=\"fas fa-long-arrow-alt-right\"><\/i>\t\t\t\t\t\t<\/span>\n\t\t\t\t\t\t\t\t\t\t<span class=\"elementor-icon-list-text\">Derecho Corporativo<\/span>\n\t\t\t\t\t\t\t\t\t\t\t<\/a>\n\t\t\t\t\t\t\t\t\t<\/li>\n\t\t\t\t\t\t\t\t<li class=\"elementor-icon-list-item\">\n\t\t\t\t\t\t\t\t\t\t\t<a href=\"https:\/\/www.edtij.com\/esp\/\/areas-practica\/derecho-fiscal\/\">\n\n\t\t\t\t\t\t\t\t\t\t\t\t<span class=\"elementor-icon-list-icon\">\n\t\t\t\t\t\t\t<i aria-hidden=\"true\" class=\"fas fa-long-arrow-alt-right\"><\/i>\t\t\t\t\t\t<\/span>\n\t\t\t\t\t\t\t\t\t\t<span class=\"elementor-icon-list-text\">Derecho Fiscal<\/span>\n\t\t\t\t\t\t\t\t\t\t\t<\/a>\n\t\t\t\t\t\t\t\t\t<\/li>\n\t\t\t\t\t\t\t\t<li class=\"elementor-icon-list-item\">\n\t\t\t\t\t\t\t\t\t\t\t<a href=\"https:\/\/www.edtij.com\/esp\/areas-practica\/migracion\/\">\n\n\t\t\t\t\t\t\t\t\t\t\t\t<span class=\"elementor-icon-list-icon\">\n\t\t\t\t\t\t\t<i aria-hidden=\"true\" class=\"fas fa-long-arrow-alt-right\"><\/i>\t\t\t\t\t\t<\/span>\n\t\t\t\t\t\t\t\t\t\t<span class=\"elementor-icon-list-text\">Migraci\u00f3n<\/span>\n\t\t\t\t\t\t\t\t\t\t\t<\/a>\n\t\t\t\t\t\t\t\t\t<\/li>\n\t\t\t\t\t\t\t\t<li class=\"elementor-icon-list-item\">\n\t\t\t\t\t\t\t\t\t\t\t<a href=\"https:\/\/www.edtij.com\/esp\/areas-practica\/derecho-laboral\/\">\n\n\t\t\t\t\t\t\t\t\t\t\t\t<span class=\"elementor-icon-list-icon\">\n\t\t\t\t\t\t\t<i aria-hidden=\"true\" class=\"fas fa-long-arrow-alt-right\"><\/i>\t\t\t\t\t\t<\/span>\n\t\t\t\t\t\t\t\t\t\t<span class=\"elementor-icon-list-text\">Derecho Laboral<\/span>\n\t\t\t\t\t\t\t\t\t\t\t<\/a>\n\t\t\t\t\t\t\t\t\t<\/li>\n\t\t\t\t\t\t\t\t<li class=\"elementor-icon-list-item\">\n\t\t\t\t\t\t\t\t\t\t\t<a href=\"https:\/\/www.edtij.com\/esp\/areas-practica\/derecho-inmobiliario\/\">\n\n\t\t\t\t\t\t\t\t\t\t\t\t<span class=\"elementor-icon-list-icon\">\n\t\t\t\t\t\t\t<i aria-hidden=\"true\" class=\"fas fa-long-arrow-alt-right\"><\/i>\t\t\t\t\t\t<\/span>\n\t\t\t\t\t\t\t\t\t\t<span class=\"elementor-icon-list-text\">Derecho Inmobiliario<\/span>\n\t\t\t\t\t\t\t\t\t\t\t<\/a>\n\t\t\t\t\t\t\t\t\t<\/li>\n\t\t\t\t\t\t\t\t<li class=\"elementor-icon-list-item\">\n\t\t\t\t\t\t\t\t\t\t\t<a href=\"https:\/\/www.edtij.com\/esp\/areas-practica\/derecho-familia\/\">\n\n\t\t\t\t\t\t\t\t\t\t\t\t<span class=\"elementor-icon-list-icon\">\n\t\t\t\t\t\t\t<i aria-hidden=\"true\" class=\"fas fa-long-arrow-alt-right\"><\/i>\t\t\t\t\t\t<\/span>\n\t\t\t\t\t\t\t\t\t\t<span class=\"elementor-icon-list-text\">Planeaci\u00f3n Patrimonial Familiar y Derecho de Familia<\/span>\n\t\t\t\t\t\t\t\t\t\t\t<\/a>\n\t\t\t\t\t\t\t\t\t<\/li>\n\t\t\t\t\t\t\t\t<li class=\"elementor-icon-list-item\">\n\t\t\t\t\t\t\t\t\t\t\t<a href=\"https:\/\/www.edtij.com\/esp\/areas-practica\/comercio-internacional\/\" class=\"selected\">\n\n\t\t\t\t\t\t\t\t\t\t\t\t<span class=\"elementor-icon-list-icon\">\n\t\t\t\t\t\t\t<i aria-hidden=\"true\" class=\"fas fa-long-arrow-alt-right\"><\/i>\t\t\t\t\t\t<\/span>\n\t\t\t\t\t\t\t\t\t\t<span class=\"elementor-icon-list-text\">Comercio Internacional<\/span>\n\t\t\t\t\t\t\t\t\t\t\t<\/a>\n\t\t\t\t\t\t\t\t\t<\/li>\n\t\t\t\t\t\t\t\t<li class=\"elementor-icon-list-item\">\n\t\t\t\t\t\t\t\t\t\t\t<a href=\"https:\/\/www.edtij.com\/esp\/areas-practica\/valores\/\">\n\n\t\t\t\t\t\t\t\t\t\t\t\t<span class=\"elementor-icon-list-icon\">\n\t\t\t\t\t\t\t<i aria-hidden=\"true\" class=\"fas fa-long-arrow-alt-right\"><\/i>\t\t\t\t\t\t<\/span>\n\t\t\t\t\t\t\t\t\t\t<span class=\"elementor-icon-list-text\">Valores<\/span>\n\t\t\t\t\t\t\t\t\t\t\t<\/a>\n\t\t\t\t\t\t\t\t\t<\/li>\n\t\t\t\t\t\t<\/ul>\n\t\t\t\t\t\t<\/div>\n\t\t\t\t<\/div>\n\t\t\t\t<section class=\"elementor-section elementor-inner-section elementor-element elementor-element-2156c625 elementor-section-boxed elementor-section-height-default elementor-section-height-default\" data-id=\"2156c625\" data-element_type=\"section\" data-e-type=\"section\" data-settings=\"{&quot;background_background&quot;:&quot;classic&quot;}\">\n\t\t\t\t\t\t\t<div class=\"elementor-background-overlay\"><\/div>\n\t\t\t\t\t\t\t<div class=\"elementor-container elementor-column-gap-default\">\n\t\t\t\t\t<div class=\"elementor-column elementor-col-100 elementor-inner-column elementor-element elementor-element-4713d7d8\" data-id=\"4713d7d8\" data-element_type=\"column\" data-e-type=\"column\">\n\t\t\t<div class=\"elementor-widget-wrap elementor-element-populated\">\n\t\t\t\t\t\t<div class=\"elementor-element elementor-element-6fdf4d78 elementor-widget elementor-widget-image\" data-id=\"6fdf4d78\" data-element_type=\"widget\" data-e-type=\"widget\" data-widget_type=\"image.default\">\n\t\t\t\t<div class=\"elementor-widget-container\">\n\t\t\t\t\t\t\t\t\t\t\t\t\t\t\t<img decoding=\"async\" width=\"82\" height=\"82\" src=\"https:\/\/www.edtij.com\/esp\/wp-content\/uploads\/2020\/12\/phone-icon.png\" class=\"attachment-large size-large wp-image-608\" alt=\"\" \/>\t\t\t\t\t\t\t\t\t\t\t\t\t\t\t<\/div>\n\t\t\t\t<\/div>\n\t\t\t\t<div class=\"elementor-element elementor-element-14acce9c elementor-widget elementor-widget-heading\" data-id=\"14acce9c\" data-element_type=\"widget\" data-e-type=\"widget\" data-widget_type=\"heading.default\">\n\t\t\t\t<div class=\"elementor-widget-container\">\n\t\t\t\t\t<h2 class=\"elementor-heading-title elementor-size-default\">Obtenga ayuda profesional\npara atender su necesidad<\/h2>\t\t\t\t<\/div>\n\t\t\t\t<\/div>\n\t\t\t\t<div class=\"elementor-element elementor-element-2125cbe2 elementor-widget elementor-widget-heading\" data-id=\"2125cbe2\" data-element_type=\"widget\" data-e-type=\"widget\" data-widget_type=\"heading.default\">\n\t\t\t\t<div class=\"elementor-widget-container\">\n\t\t\t\t\t<h6 class=\"elementor-heading-title elementor-size-default\">+507-340-6324<\/h6>\t\t\t\t<\/div>\n\t\t\t\t<\/div>\n\t\t\t\t\t<\/div>\n\t\t<\/div>\n\t\t\t\t\t<\/div>\n\t\t<\/section>\n\t\t\t\t\t<\/div>\n\t\t<\/div>\n\t\t\t\t<div class=\"elementor-column elementor-col-50 elementor-top-column elementor-element elementor-element-10afa5c0\" data-id=\"10afa5c0\" data-element_type=\"column\" data-e-type=\"column\">\n\t\t\t<div class=\"elementor-widget-wrap elementor-element-populated\">\n\t\t\t\t\t\t<div class=\"elementor-element elementor-element-44d78d70 elementor-widget elementor-widget-image\" data-id=\"44d78d70\" data-element_type=\"widget\" data-e-type=\"widget\" data-widget_type=\"image.default\">\n\t\t\t\t<div class=\"elementor-widget-container\">\n\t\t\t\t\t\t\t\t\t\t\t\t\t\t\t<img decoding=\"async\" src=\"https:\/\/www.edtij.com\/esp\/wp-content\/uploads\/elementor\/thumbs\/pic_ser_comercio-q21idhqtakq67ten00m8t9enw24kzmuxnh30oonp9c.jpg\" title=\"\" alt=\"\" loading=\"lazy\" \/>\t\t\t\t\t\t\t\t\t\t\t\t\t\t\t<\/div>\n\t\t\t\t<\/div>\n\t\t\t\t<div class=\"elementor-element elementor-element-34bd012 elementor-widget elementor-widget-heading\" data-id=\"34bd012\" data-element_type=\"widget\" data-e-type=\"widget\" data-widget_type=\"heading.default\">\n\t\t\t\t<div class=\"elementor-widget-container\">\n\t\t\t\t\t<h2 class=\"elementor-heading-title elementor-size-default\">Comercio Internacional<\/h2>\t\t\t\t<\/div>\n\t\t\t\t<\/div>\n\t\t\t\t<div class=\"elementor-element elementor-element-4161db81 elementor-widget elementor-widget-text-editor\" data-id=\"4161db81\" data-element_type=\"widget\" data-e-type=\"widget\" data-widget_type=\"text-editor.default\">\n\t\t\t\t<div class=\"elementor-widget-container\">\n\t\t\t\t\t\t\t\t\t<p class=\"\" data-start=\"0\" data-end=\"405\">En EDTIJ ofrecemos <strong data-start=\"58\" data-end=\"108\">asesor\u00eda estrat\u00e9gica en comercio internacional<\/strong>, apoy\u00e1ndote en el aprovechamiento efectivo de los <strong data-start=\"159\" data-end=\"189\" data-is-only-node=\"\">tratados de libre comercio<\/strong> suscritos por Panam\u00e1. Nuestro equipo, con amplia experiencia tanto ante entidades gubernamentales como agencias extranjeras, garantiza el cumplimiento normativo y la optimizaci\u00f3n de tus operaciones transfronterizas.<\/p><p class=\"\" data-start=\"407\" data-end=\"434\"><strong data-start=\"407\" data-end=\"432\">Servicios destacados:<\/strong><\/p><ul data-start=\"435\" data-end=\"1159\"><li class=\"\" data-start=\"435\" data-end=\"577\"><p class=\"\" data-start=\"437\" data-end=\"577\"><strong data-start=\"437\" data-end=\"477\">Implementaci\u00f3n y cumplimiento de TLC<\/strong>: interpretaci\u00f3n de cl\u00e1usulas, procedimientos aduaneros y requisitos regulatorios de cada tratado.<\/p><\/li><li class=\"\" data-start=\"578\" data-end=\"749\"><p class=\"\" data-start=\"580\" data-end=\"749\"><strong data-start=\"580\" data-end=\"613\">Acceso a mercados extranjeros<\/strong>: identificaci\u00f3n de oportunidades, an\u00e1lisis de barreras no arancelarias y estrategias para franquear requisitos t\u00e9cnicos y sanitarios.<\/p><\/li><li class=\"\" data-start=\"750\" data-end=\"877\"><p class=\"\" data-start=\"752\" data-end=\"877\"><strong data-start=\"752\" data-end=\"780\">Optimizaci\u00f3n arancelaria<\/strong>: clasificaci\u00f3n de mercanc\u00edas, gesti\u00f3n de preferenciales y consultor\u00eda en mecanismos de origen.<\/p><\/li><li class=\"\" data-start=\"878\" data-end=\"1036\"><p class=\"\" data-start=\"880\" data-end=\"1036\"><strong data-start=\"880\" data-end=\"918\">Normas fitosanitarias y sanitarias<\/strong>: asesor\u00eda en certificaciones, inspecciones y protocolos de importaci\u00f3n\/exportaci\u00f3n para productos agroindustriales.<\/p><\/li><li class=\"\" data-start=\"1037\" data-end=\"1159\"><p class=\"\" data-start=\"1039\" data-end=\"1159\"><strong data-start=\"1039\" data-end=\"1074\">Reglas y certificados de origen<\/strong>: elaboraci\u00f3n y validaci\u00f3n de documentaci\u00f3n para maximizar beneficios arancelarios.<\/p><\/li><\/ul><p class=\"\" data-start=\"1161\" data-end=\"1386\">Con un enfoque pr\u00e1ctico y profundo conocimiento de la Direcci\u00f3n General de Comercio Exterior y de los procedimientos aduaneros, en EDTIJ te ayudamos a expandir tu negocio sin fricciones y con la seguridad legal que necesitas.<\/p>\t\t\t\t\t\t\t\t<\/div>\n\t\t\t\t<\/div>\n\t\t\t\t<div class=\"elementor-element elementor-element-2878852 elementor-widget-divider--view-line elementor-widget elementor-widget-divider\" data-id=\"2878852\" data-element_type=\"widget\" data-e-type=\"widget\" data-widget_type=\"divider.default\">\n\t\t\t\t<div class=\"elementor-widget-container\">\n\t\t\t\t\t\t\t<div class=\"elementor-divider\">\n\t\t\t<span class=\"elementor-divider-separator\">\n\t\t\t\t\t\t<\/span>\n\t\t<\/div>\n\t\t\t\t\t\t<\/div>\n\t\t\t\t<\/div>\n\t\t\t\t<section class=\"elementor-section elementor-inner-section elementor-element elementor-element-6fc684ad elementor-section-content-middle elementor-section-boxed elementor-section-height-default elementor-section-height-default\" data-id=\"6fc684ad\" data-element_type=\"section\" data-e-type=\"section\">\n\t\t\t\t\t\t<div class=\"elementor-container elementor-column-gap-no\">\n\t\t\t\t\t<div class=\"elementor-column elementor-col-50 elementor-inner-column elementor-element elementor-element-1996cbee\" data-id=\"1996cbee\" data-element_type=\"column\" data-e-type=\"column\">\n\t\t\t<div class=\"elementor-widget-wrap elementor-element-populated\">\n\t\t\t\t\t\t<div class=\"elementor-element elementor-element-50204f0b elementor-widget elementor-widget-heading\" data-id=\"50204f0b\" data-element_type=\"widget\" data-e-type=\"widget\" data-widget_type=\"heading.default\">\n\t\t\t\t<div class=\"elementor-widget-container\">\n\t\t\t\t\t<h2 class=\"elementor-heading-title elementor-size-default\">Nosotros podemos ayudarle<\/h2>\t\t\t\t<\/div>\n\t\t\t\t<\/div>\n\t\t\t\t<div class=\"elementor-element elementor-element-42d665ca elementor-widget elementor-widget-heading\" data-id=\"42d665ca\" data-element_type=\"widget\" data-e-type=\"widget\" data-widget_type=\"heading.default\">\n\t\t\t\t<div class=\"elementor-widget-container\">\n\t\t\t\t\t<h6 class=\"elementor-heading-title elementor-size-default\">Nuestra firma  fue creada con el objetivo de brindar soluciones adecuadas .<\/h6>\t\t\t\t<\/div>\n\t\t\t\t<\/div>\n\t\t\t\t<div class=\"elementor-element elementor-element-773c72bf elementor-icon-list--layout-traditional elementor-list-item-link-full_width elementor-widget elementor-widget-icon-list\" data-id=\"773c72bf\" data-element_type=\"widget\" data-e-type=\"widget\" data-widget_type=\"icon-list.default\">\n\t\t\t\t<div class=\"elementor-widget-container\">\n\t\t\t\t\t\t\t<ul class=\"elementor-icon-list-items\">\n\t\t\t\t\t\t\t<li class=\"elementor-icon-list-item\">\n\t\t\t\t\t\t\t\t\t\t\t<span class=\"elementor-icon-list-icon\">\n\t\t\t\t\t\t\t<i aria-hidden=\"true\" class=\"fas fa-check-circle\"><\/i>\t\t\t\t\t\t<\/span>\n\t\t\t\t\t\t\t\t\t\t<span class=\"elementor-icon-list-text\">Fundada en Panam\u00e1 en el a\u00f1o 2004<\/span>\n\t\t\t\t\t\t\t\t\t<\/li>\n\t\t\t\t\t\t\t\t<li class=\"elementor-icon-list-item\">\n\t\t\t\t\t\t\t\t\t\t\t<span class=\"elementor-icon-list-icon\">\n\t\t\t\t\t\t\t<i aria-hidden=\"true\" class=\"fas fa-check-circle\"><\/i>\t\t\t\t\t\t<\/span>\n\t\t\t\t\t\t\t\t\t\t<span class=\"elementor-icon-list-text\">Asesor\u00edas y soluciones calificadas<\/span>\n\t\t\t\t\t\t\t\t\t<\/li>\n\t\t\t\t\t\t\t\t<li class=\"elementor-icon-list-item\">\n\t\t\t\t\t\t\t\t\t\t\t<span class=\"elementor-icon-list-icon\">\n\t\t\t\t\t\t\t<i aria-hidden=\"true\" class=\"fas fa-check-circle\"><\/i>\t\t\t\t\t\t<\/span>\n\t\t\t\t\t\t\t\t\t\t<span class=\"elementor-icon-list-text\">Experiencia en diversas ramas<\/span>\n\t\t\t\t\t\t\t\t\t<\/li>\n\t\t\t\t\t\t\t\t<li class=\"elementor-icon-list-item\">\n\t\t\t\t\t\t\t\t\t\t\t<span class=\"elementor-icon-list-icon\">\n\t\t\t\t\t\t\t<i aria-hidden=\"true\" class=\"fas fa-check-circle\"><\/i>\t\t\t\t\t\t<\/span>\n\t\t\t\t\t\t\t\t\t\t<span class=\"elementor-icon-list-text\">Clientes  locales y multinacionales <\/span>\n\t\t\t\t\t\t\t\t\t<\/li>\n\t\t\t\t\t\t<\/ul>\n\t\t\t\t\t\t<\/div>\n\t\t\t\t<\/div>\n\t\t\t\t\t<\/div>\n\t\t<\/div>\n\t\t\t\t<div class=\"elementor-column elementor-col-50 elementor-inner-column elementor-element elementor-element-624fff64\" data-id=\"624fff64\" data-element_type=\"column\" data-e-type=\"column\">\n\t\t\t<div class=\"elementor-widget-wrap elementor-element-populated\">\n\t\t\t\t\t\t<div class=\"elementor-element elementor-element-3bf5d0ec elementor-widget elementor-widget-image\" data-id=\"3bf5d0ec\" data-element_type=\"widget\" data-e-type=\"widget\" data-widget_type=\"image.default\">\n\t\t\t\t<div class=\"elementor-widget-container\">\n\t\t\t\t\t\t\t\t\t\t\t\t\t\t\t<img decoding=\"async\" src=\"https:\/\/www.edtij.com\/esp\/wp-content\/uploads\/elementor\/thumbs\/firma-abogados-panama-q21g47n4nr4jh10emt85k0w6epmiruhj04u3u9fa2a.jpg\" title=\"firma-abogados-panama\" alt=\"firma-abogados-panama\" loading=\"lazy\" \/>\t\t\t\t\t\t\t\t\t\t\t\t\t\t\t<\/div>\n\t\t\t\t<\/div>\n\t\t\t\t\t<\/div>\n\t\t<\/div>\n\t\t\t\t\t<\/div>\n\t\t<\/section>\n\t\t\t\t<div class=\"elementor-element elementor-element-4e0f506f elementor-widget-divider--view-line elementor-widget elementor-widget-divider\" data-id=\"4e0f506f\" data-element_type=\"widget\" data-e-type=\"widget\" data-widget_type=\"divider.default\">\n\t\t\t\t<div class=\"elementor-widget-container\">\n\t\t\t\t\t\t\t<div class=\"elementor-divider\">\n\t\t\t<span class=\"elementor-divider-separator\">\n\t\t\t\t\t\t<\/span>\n\t\t<\/div>\n\t\t\t\t\t\t<\/div>\n\t\t\t\t<\/div>\n\t\t\t\t\t<\/div>\n\t\t<\/div>\n\t\t\t\t\t<\/div>\n\t\t<\/section>\n\t\t\t\t<\/div>\n\t\t","protected":false},"excerpt":{"rendered":"<p>\u00c1reas de Pr\u00e1ctica Derecho Corporativo Derecho Fiscal Migraci\u00f3n Derecho Laboral Derecho Inmobiliario Planeaci\u00f3n Patrimonial Familiar y Derecho de Familia Comercio Internacional Valores Obtenga ayuda profesional para atender su necesidad +507-340-6324 Comercio Internacional En EDTIJ ofrecemos asesor\u00eda estrat\u00e9gica en comercio internacional, apoy\u00e1ndote en el aprovechamiento efectivo de los tratados de libre comercio suscritos por Panam\u00e1. Nuestro [&hellip;]<\/p>\n","protected":false},"author":1,"featured_media":0,"parent":15,"menu_order":0,"comment_status":"closed","ping_status":"closed","template":"","meta":{"_joinchat":[],"footnotes":""},"class_list":["post-699","page","type-page","status-publish","hentry"],"yoast_head":"<!-- This site is optimized with the Yoast SEO plugin v27.4 - https:\/\/yoast.com\/product\/yoast-seo-wordpress\/ -->\n<title>Comercio Internacional, Abogados en Panam\u00e1 | EDTIJ<\/title>\n<meta name=\"description\" content=\"Abogados expertos en Comercio Internacional en Panam\u00e1: asesor\u00eda integral en normativa arancelaria, requisitos fitosanitarios y emisi\u00f3n de certificados de origen, entre otros.\" \/>\n<meta name=\"robots\" content=\"index, follow, max-snippet:-1, max-image-preview:large, max-video-preview:-1\" \/>\n<link rel=\"canonical\" href=\"https:\/\/www.edtij.com\/esp\/areas-practica\/comercio-internacional\/\" \/>\n<meta property=\"og:locale\" content=\"es_ES\" \/>\n<meta property=\"og:type\" content=\"article\" \/>\n<meta property=\"og:title\" content=\"Comercio Internacional, Abogados en Panam\u00e1 | EDTIJ\" \/>\n<meta property=\"og:description\" content=\"Abogados expertos en Comercio Internacional en Panam\u00e1: asesor\u00eda integral en normativa arancelaria, requisitos fitosanitarios y emisi\u00f3n de certificados de origen, entre otros.\" \/>\n<meta property=\"og:url\" content=\"https:\/\/www.edtij.com\/esp\/areas-practica\/comercio-internacional\/\" \/>\n<meta property=\"og:site_name\" content=\"EDTIJ - Abogados en Panam\u00e1\" \/>\n<meta property=\"article:modified_time\" content=\"2025-05-11T18:14:26+00:00\" \/>\n<meta property=\"og:image\" content=\"https:\/\/www.edtij.com\/esp\/wp-content\/uploads\/2020\/12\/phone-icon.png\" \/>\n<meta name=\"twitter:card\" content=\"summary_large_image\" \/>\n<meta name=\"twitter:label1\" content=\"Tiempo de lectura\" \/>\n\t<meta name=\"twitter:data1\" content=\"2 minutos\" \/>\n<script type=\"application\/ld+json\" class=\"yoast-schema-graph\">{\"@context\":\"https:\\\/\\\/schema.org\",\"@graph\":[{\"@type\":\"WebPage\",\"@id\":\"https:\\\/\\\/www.edtij.com\\\/esp\\\/areas-practica\\\/comercio-internacional\\\/\",\"url\":\"https:\\\/\\\/www.edtij.com\\\/esp\\\/areas-practica\\\/comercio-internacional\\\/\",\"name\":\"Comercio Internacional, Abogados en Panam\u00e1 | EDTIJ\",\"isPartOf\":{\"@id\":\"https:\\\/\\\/www.edtij.com\\\/esp\\\/#website\"},\"primaryImageOfPage\":{\"@id\":\"https:\\\/\\\/www.edtij.com\\\/esp\\\/areas-practica\\\/comercio-internacional\\\/#primaryimage\"},\"image\":{\"@id\":\"https:\\\/\\\/www.edtij.com\\\/esp\\\/areas-practica\\\/comercio-internacional\\\/#primaryimage\"},\"thumbnailUrl\":\"https:\\\/\\\/www.edtij.com\\\/esp\\\/wp-content\\\/uploads\\\/2020\\\/12\\\/phone-icon.png\",\"datePublished\":\"2020-12-09T02:34:22+00:00\",\"dateModified\":\"2025-05-11T18:14:26+00:00\",\"description\":\"Abogados expertos en Comercio Internacional en Panam\u00e1: asesor\u00eda integral en normativa arancelaria, requisitos fitosanitarios y emisi\u00f3n de certificados de origen, entre otros.\",\"breadcrumb\":{\"@id\":\"https:\\\/\\\/www.edtij.com\\\/esp\\\/areas-practica\\\/comercio-internacional\\\/#breadcrumb\"},\"inLanguage\":\"es\",\"potentialAction\":[{\"@type\":\"ReadAction\",\"target\":[\"https:\\\/\\\/www.edtij.com\\\/esp\\\/areas-practica\\\/comercio-internacional\\\/\"]}]},{\"@type\":\"ImageObject\",\"inLanguage\":\"es\",\"@id\":\"https:\\\/\\\/www.edtij.com\\\/esp\\\/areas-practica\\\/comercio-internacional\\\/#primaryimage\",\"url\":\"https:\\\/\\\/www.edtij.com\\\/esp\\\/wp-content\\\/uploads\\\/2020\\\/12\\\/phone-icon.png\",\"contentUrl\":\"https:\\\/\\\/www.edtij.com\\\/esp\\\/wp-content\\\/uploads\\\/2020\\\/12\\\/phone-icon.png\",\"width\":82,\"height\":82},{\"@type\":\"BreadcrumbList\",\"@id\":\"https:\\\/\\\/www.edtij.com\\\/esp\\\/areas-practica\\\/comercio-internacional\\\/#breadcrumb\",\"itemListElement\":[{\"@type\":\"ListItem\",\"position\":1,\"name\":\"Portada\",\"item\":\"https:\\\/\\\/www.edtij.com\\\/esp\\\/\"},{\"@type\":\"ListItem\",\"position\":2,\"name\":\"\u00c1reas de Pr\u00e1ctica\",\"item\":\"https:\\\/\\\/www.edtij.com\\\/esp\\\/areas-practica\\\/\"},{\"@type\":\"ListItem\",\"position\":3,\"name\":\"Comercio Internacional\"}]},{\"@type\":\"WebSite\",\"@id\":\"https:\\\/\\\/www.edtij.com\\\/esp\\\/#website\",\"url\":\"https:\\\/\\\/www.edtij.com\\\/esp\\\/\",\"name\":\"EDTIJ - Abogados en Panam\u00e1\",\"description\":\"\",\"potentialAction\":[{\"@type\":\"SearchAction\",\"target\":{\"@type\":\"EntryPoint\",\"urlTemplate\":\"https:\\\/\\\/www.edtij.com\\\/esp\\\/?s={search_term_string}\"},\"query-input\":{\"@type\":\"PropertyValueSpecification\",\"valueRequired\":true,\"valueName\":\"search_term_string\"}}],\"inLanguage\":\"es\"}]}<\/script>\n<!-- \/ Yoast SEO plugin. -->","yoast_head_json":{"title":"Comercio Internacional, Abogados en Panam\u00e1 | EDTIJ","description":"Abogados expertos en Comercio Internacional en Panam\u00e1: asesor\u00eda integral en normativa arancelaria, requisitos fitosanitarios y emisi\u00f3n de certificados de origen, entre otros.","robots":{"index":"index","follow":"follow","max-snippet":"max-snippet:-1","max-image-preview":"max-image-preview:large","max-video-preview":"max-video-preview:-1"},"canonical":"https:\/\/www.edtij.com\/esp\/areas-practica\/comercio-internacional\/","og_locale":"es_ES","og_type":"article","og_title":"Comercio Internacional, Abogados en Panam\u00e1 | EDTIJ","og_description":"Abogados expertos en Comercio Internacional en Panam\u00e1: asesor\u00eda integral en normativa arancelaria, requisitos fitosanitarios y emisi\u00f3n de certificados de origen, entre otros.","og_url":"https:\/\/www.edtij.com\/esp\/areas-practica\/comercio-internacional\/","og_site_name":"EDTIJ - Abogados en Panam\u00e1","article_modified_time":"2025-05-11T18:14:26+00:00","og_image":[{"url":"https:\/\/www.edtij.com\/esp\/wp-content\/uploads\/2020\/12\/phone-icon.png","type":"","width":"","height":""}],"twitter_card":"summary_large_image","twitter_misc":{"Tiempo de lectura":"2 minutos"},"schema":{"@context":"https:\/\/schema.org","@graph":[{"@type":"WebPage","@id":"https:\/\/www.edtij.com\/esp\/areas-practica\/comercio-internacional\/","url":"https:\/\/www.edtij.com\/esp\/areas-practica\/comercio-internacional\/","name":"Comercio Internacional, Abogados en Panam\u00e1 | EDTIJ","isPartOf":{"@id":"https:\/\/www.edtij.com\/esp\/#website"},"primaryImageOfPage":{"@id":"https:\/\/www.edtij.com\/esp\/areas-practica\/comercio-internacional\/#primaryimage"},"image":{"@id":"https:\/\/www.edtij.com\/esp\/areas-practica\/comercio-internacional\/#primaryimage"},"thumbnailUrl":"https:\/\/www.edtij.com\/esp\/wp-content\/uploads\/2020\/12\/phone-icon.png","datePublished":"2020-12-09T02:34:22+00:00","dateModified":"2025-05-11T18:14:26+00:00","description":"Abogados expertos en Comercio Internacional en Panam\u00e1: asesor\u00eda integral en normativa arancelaria, requisitos fitosanitarios y emisi\u00f3n de certificados de origen, entre otros.","breadcrumb":{"@id":"https:\/\/www.edtij.com\/esp\/areas-practica\/comercio-internacional\/#breadcrumb"},"inLanguage":"es","potentialAction":[{"@type":"ReadAction","target":["https:\/\/www.edtij.com\/esp\/areas-practica\/comercio-internacional\/"]}]},{"@type":"ImageObject","inLanguage":"es","@id":"https:\/\/www.edtij.com\/esp\/areas-practica\/comercio-internacional\/#primaryimage","url":"https:\/\/www.edtij.com\/esp\/wp-content\/uploads\/2020\/12\/phone-icon.png","contentUrl":"https:\/\/www.edtij.com\/esp\/wp-content\/uploads\/2020\/12\/phone-icon.png","width":82,"height":82},{"@type":"BreadcrumbList","@id":"https:\/\/www.edtij.com\/esp\/areas-practica\/comercio-internacional\/#breadcrumb","itemListElement":[{"@type":"ListItem","position":1,"name":"Portada","item":"https:\/\/www.edtij.com\/esp\/"},{"@type":"ListItem","position":2,"name":"\u00c1reas de Pr\u00e1ctica","item":"https:\/\/www.edtij.com\/esp\/areas-practica\/"},{"@type":"ListItem","position":3,"name":"Comercio Internacional"}]},{"@type":"WebSite","@id":"https:\/\/www.edtij.com\/esp\/#website","url":"https:\/\/www.edtij.com\/esp\/","name":"EDTIJ - Abogados en Panam\u00e1","description":"","potentialAction":[{"@type":"SearchAction","target":{"@type":"EntryPoint","urlTemplate":"https:\/\/www.edtij.com\/esp\/?s={search_term_string}"},"query-input":{"@type":"PropertyValueSpecification","valueRequired":true,"valueName":"search_term_string"}}],"inLanguage":"es"}]}},"_links":{"self":[{"href":"https:\/\/www.edtij.com\/esp\/wp-json\/wp\/v2\/pages\/699","targetHints":{"allow":["GET"]}}],"collection":[{"href":"https:\/\/www.edtij.com\/esp\/wp-json\/wp\/v2\/pages"}],"about":[{"href":"https:\/\/www.edtij.com\/esp\/wp-json\/wp\/v2\/types\/page"}],"author":[{"embeddable":true,"href":"https:\/\/www.edtij.com\/esp\/wp-json\/wp\/v2\/users\/1"}],"replies":[{"embeddable":true,"href":"https:\/\/www.edtij.com\/esp\/wp-json\/wp\/v2\/comments?post=699"}],"version-history":[{"count":5,"href":"https:\/\/www.edtij.com\/esp\/wp-json\/wp\/v2\/pages\/699\/revisions"}],"predecessor-version":[{"id":2742,"href":"https:\/\/www.edtij.com\/esp\/wp-json\/wp\/v2\/pages\/699\/revisions\/2742"}],"up":[{"embeddable":true,"href":"https:\/\/www.edtij.com\/esp\/wp-json\/wp\/v2\/pages\/15"}],"wp:attachment":[{"href":"https:\/\/www.edtij.com\/esp\/wp-json\/wp\/v2\/media?parent=699"}],"curies":[{"name":"wp","href":"https:\/\/api.w.org\/{rel}","templated":true}]}}