{"id":601,"date":"2020-12-07T20:31:15","date_gmt":"2020-12-08T01:31:15","guid":{"rendered":"https:\/\/torney.progressionstudios.com\/?page_id=601"},"modified":"2021-10-17T17:25:07","modified_gmt":"2021-10-17T22:25:07","slug":"jacqueline-escobar","status":"publish","type":"page","link":"https:\/\/www.edtij.com\/esp\/jacqueline-escobar\/","title":{"rendered":"Jacqueline Escobar"},"content":{"rendered":"\t\t<div data-elementor-type=\"wp-page\" data-elementor-id=\"601\" class=\"elementor elementor-601\">\n\t\t\t\t\t\t<section class=\"elementor-section elementor-top-section elementor-element elementor-element-de3313a elementor-reverse-mobile elementor-section-boxed elementor-section-height-default elementor-section-height-default\" data-id=\"de3313a\" data-element_type=\"section\" data-e-type=\"section\">\n\t\t\t\t\t\t<div class=\"elementor-container elementor-column-gap-default\">\n\t\t\t\t\t<div class=\"elementor-column elementor-col-50 elementor-top-column elementor-element elementor-element-12f7d85\" data-id=\"12f7d85\" data-element_type=\"column\" data-e-type=\"column\">\n\t\t\t<div class=\"elementor-widget-wrap elementor-element-populated\">\n\t\t\t\t\t\t<div class=\"elementor-element elementor-element-3ff5577 elementor-widget elementor-widget-image\" data-id=\"3ff5577\" data-element_type=\"widget\" data-e-type=\"widget\" data-widget_type=\"image.default\">\n\t\t\t\t<div class=\"elementor-widget-container\">\n\t\t\t\t\t\t\t\t\t\t\t\t\t\t\t<img fetchpriority=\"high\" decoding=\"async\" width=\"391\" height=\"539\" src=\"https:\/\/www.edtij.com\/esp\/wp-content\/uploads\/2021\/10\/perfil_je2.jpg\" class=\"attachment-full size-full wp-image-1711\" alt=\"\" srcset=\"https:\/\/www.edtij.com\/esp\/wp-content\/uploads\/2021\/10\/perfil_je2.jpg 391w, https:\/\/www.edtij.com\/esp\/wp-content\/uploads\/2021\/10\/perfil_je2-218x300.jpg 218w\" sizes=\"(max-width: 391px) 100vw, 391px\" \/>\t\t\t\t\t\t\t\t\t\t\t\t\t\t\t<\/div>\n\t\t\t\t<\/div>\n\t\t\t\t\t<\/div>\n\t\t<\/div>\n\t\t\t\t<div class=\"elementor-column elementor-col-50 elementor-top-column elementor-element elementor-element-e1b89b7\" data-id=\"e1b89b7\" data-element_type=\"column\" data-e-type=\"column\">\n\t\t\t<div class=\"elementor-widget-wrap elementor-element-populated\">\n\t\t\t\t\t\t<div class=\"elementor-element elementor-element-be1443f elementor-widget elementor-widget-heading\" data-id=\"be1443f\" data-element_type=\"widget\" data-e-type=\"widget\" data-widget_type=\"heading.default\">\n\t\t\t\t<div class=\"elementor-widget-container\">\n\t\t\t\t\t<h2 class=\"elementor-heading-title elementor-size-default\">Jacqueline Escobar<\/h2>\t\t\t\t<\/div>\n\t\t\t\t<\/div>\n\t\t\t\t<div class=\"elementor-element elementor-element-a2ea108 elementor-widget elementor-widget-heading\" data-id=\"a2ea108\" data-element_type=\"widget\" data-e-type=\"widget\" data-widget_type=\"heading.default\">\n\t\t\t\t<div class=\"elementor-widget-container\">\n\t\t\t\t\t<div class=\"elementor-heading-title elementor-size-default\">Abogada<\/div>\t\t\t\t<\/div>\n\t\t\t\t<\/div>\n\t\t\t\t<div class=\"elementor-element elementor-element-e694719 elementor-widget elementor-widget-text-editor\" data-id=\"e694719\" data-element_type=\"widget\" data-e-type=\"widget\" data-widget_type=\"text-editor.default\">\n\t\t\t\t<div class=\"elementor-widget-container\">\n\t\t\t\t\t\t\t\t\t<p lang=\"es-ES\" style=\"text-align: justify;\">Egresada con el honor Cum Laude de la Universidad Santa Mar\u00eda La Antigua, en el a\u00f1o 1995. Obtuvo su Maestr\u00eda en Derecho en Duke University en el a\u00f1o 1997. En el a\u00f1o 2002 particip\u00f3 del Programa de negociaciones estrat\u00e9gicas para el sector p\u00fablico en Harvard University.<\/p>\n<p lang=\"es-ES\" style=\"text-align: justify;\">A principio de la d\u00e9cada de los 90, labor\u00f3 en el Departamento de Impuestos de KPMG, para luego desempe\u00f1arse como Abogada del Departamento Jur\u00eddico en el Consejo de Comercio Exterior de Panam\u00e1 en el a\u00f1o 1998. Fue Jefe de Asuntos Bilaterales y Multilaterales de la Direcci\u00f3n Nacional de Negociaciones Comerciales Internacionales, hasta finales del a\u00f1o de 1999, cuando fue nombrada Embajadora y Representante Alterna de la Rep\u00fablica de Panam\u00e1 ante la Organizaci\u00f3n Mundial del Comercio.<\/p>\n<p lang=\"es-ES\" style=\"text-align: justify;\">En el a\u00f1o 2001, se desempe\u00f1o como asesora del Ministro de Comercio e Industrias.<\/p>\t\t\t\t\t\t\t\t<\/div>\n\t\t\t\t<\/div>\n\t\t\t\t\t<\/div>\n\t\t<\/div>\n\t\t\t\t\t<\/div>\n\t\t<\/section>\n\t\t\t\t<section class=\"elementor-section elementor-top-section elementor-element elementor-element-f4786e8 elementor-section-boxed elementor-section-height-default elementor-section-height-default\" data-id=\"f4786e8\" data-element_type=\"section\" data-e-type=\"section\">\n\t\t\t\t\t\t<div class=\"elementor-container elementor-column-gap-default\">\n\t\t\t\t\t<div class=\"elementor-column elementor-col-100 elementor-top-column elementor-element elementor-element-e0ad8e8\" data-id=\"e0ad8e8\" data-element_type=\"column\" data-e-type=\"column\">\n\t\t\t<div class=\"elementor-widget-wrap elementor-element-populated\">\n\t\t\t\t\t\t<div class=\"elementor-element elementor-element-22ff799 elementor-widget elementor-widget-heading\" data-id=\"22ff799\" data-element_type=\"widget\" data-e-type=\"widget\" data-widget_type=\"heading.default\">\n\t\t\t\t<div class=\"elementor-widget-container\">\n\t\t\t\t\t<h2 class=\"elementor-heading-title elementor-size-default\">Asesor\u00eda de calidad y \u00e9tica profesional<\/h2>\t\t\t\t<\/div>\n\t\t\t\t<\/div>\n\t\t\t\t<div class=\"elementor-element elementor-element-84100ea elementor-widget elementor-widget-text-editor\" data-id=\"84100ea\" data-element_type=\"widget\" data-e-type=\"widget\" data-widget_type=\"text-editor.default\">\n\t\t\t\t<div class=\"elementor-widget-container\">\n\t\t\t\t\t\t\t\t\t<p lang=\"es-ES\" style=\"text-align: justify;\">En el a\u00f1o 2003, pas\u00f3 a ocupar el cargo de Directora de la Oficina de Pol\u00edtica Comercial del Ministerio de Desarrollo Agropecuario y form\u00f3 parte de la Comisi\u00f3n Ad Hoc de Inversiones de Panam\u00e1 y Los Estados Unidos de Am\u00e9rica y fue la Coordinadora del Equipo del Ministerio de Desarrollo Agropecuario ante la Comisi\u00f3n Interinstitucional de Apoyo a la gesti\u00f3n de las Negociaciones del Tratado de Libre Comercio entre la Rep\u00fablica de Panam\u00e1 y los Estados Unidos de Am\u00e9rica.<\/p>\n<p lang=\"es-ES\" style=\"text-align: justify;\">Ha participado en diversas consultor\u00edas de comercio internacional a nivel nacional e internacional. En el a\u00f1o 2009 fue asesora corporativa de varias compa\u00f1\u00edas en Estados Unidos.\u00a0 Se especializa en Derecho Comercial, Valores,\u00a0Comercio Internacional y Negociaciones Comerciales Internacionales, con \u00e9nfasis en\u00a0Tratados de Libre Comercio y Acuerdos de Alcance Parcial.<\/p>\t\t\t\t\t\t\t\t<\/div>\n\t\t\t\t<\/div>\n\t\t\t\t\t<\/div>\n\t\t<\/div>\n\t\t\t\t\t<\/div>\n\t\t<\/section>\n\t\t\t\t<section class=\"elementor-section elementor-top-section elementor-element elementor-element-20276932 elementor-section-content-middle elementor-section-boxed elementor-section-height-default elementor-section-height-default\" data-id=\"20276932\" data-element_type=\"section\" data-e-type=\"section\" data-settings=\"{&quot;background_background&quot;:&quot;classic&quot;}\">\n\t\t\t\t\t\t\t<div class=\"elementor-background-overlay\"><\/div>\n\t\t\t\t\t\t\t<div class=\"elementor-container elementor-column-gap-default\">\n\t\t\t\t\t<div class=\"elementor-column elementor-col-50 elementor-top-column elementor-element elementor-element-2e68a114\" data-id=\"2e68a114\" data-element_type=\"column\" data-e-type=\"column\">\n\t\t\t<div class=\"elementor-widget-wrap elementor-element-populated\">\n\t\t\t\t\t\t<div class=\"elementor-element elementor-element-1ab93b99 elementor-widget elementor-widget-heading\" data-id=\"1ab93b99\" data-element_type=\"widget\" data-e-type=\"widget\" data-widget_type=\"heading.default\">\n\t\t\t\t<div class=\"elementor-widget-container\">\n\t\t\t\t\t<h2 class=\"elementor-heading-title elementor-size-default\">Programe una consulta <\/h2>\t\t\t\t<\/div>\n\t\t\t\t<\/div>\n\t\t\t\t\t<\/div>\n\t\t<\/div>\n\t\t\t\t<div class=\"elementor-column elementor-col-50 elementor-top-column elementor-element elementor-element-6707a7a2\" data-id=\"6707a7a2\" data-element_type=\"column\" data-e-type=\"column\">\n\t\t\t<div class=\"elementor-widget-wrap elementor-element-populated\">\n\t\t\t\t\t\t<div class=\"elementor-element elementor-element-21aa6b6 elementor-align-right elementor-mobile-align-center elementor-widget elementor-widget-button\" data-id=\"21aa6b6\" data-element_type=\"widget\" data-e-type=\"widget\" data-widget_type=\"button.default\">\n\t\t\t\t<div class=\"elementor-widget-container\">\n\t\t\t\t\t\t\t\t\t<div class=\"elementor-button-wrapper\">\n\t\t\t\t\t<a class=\"elementor-button elementor-button-link elementor-size-sm\" href=\"https:\/\/www.edtij.com\/esp\/contactenos\/\">\n\t\t\t\t\t\t<span class=\"elementor-button-content-wrapper\">\n\t\t\t\t\t\t\t\t\t<span class=\"elementor-button-text\">Cont\u00e1ctenos<\/span>\n\t\t\t\t\t<\/span>\n\t\t\t\t\t<\/a>\n\t\t\t\t<\/div>\n\t\t\t\t\t\t\t\t<\/div>\n\t\t\t\t<\/div>\n\t\t\t\t\t<\/div>\n\t\t<\/div>\n\t\t\t\t\t<\/div>\n\t\t<\/section>\n\t\t\t\t<\/div>\n\t\t","protected":false},"excerpt":{"rendered":"<p>Jacqueline Escobar Abogada Egresada con el honor Cum Laude de la Universidad Santa Mar\u00eda La Antigua, en el a\u00f1o 1995. Obtuvo su Maestr\u00eda en Derecho en Duke University en el a\u00f1o 1997. En el a\u00f1o 2002 particip\u00f3 del Programa de negociaciones estrat\u00e9gicas para el sector p\u00fablico en Harvard University. A principio de la d\u00e9cada de [&hellip;]<\/p>\n","protected":false},"author":1,"featured_media":0,"parent":0,"menu_order":0,"comment_status":"closed","ping_status":"closed","template":"","meta":{"_joinchat":[],"footnotes":""},"class_list":["post-601","page","type-page","status-publish","hentry"],"yoast_head":"<!-- This site is optimized with the Yoast SEO plugin v27.4 - https:\/\/yoast.com\/product\/yoast-seo-wordpress\/ -->\n<title>Jacqueline Escobar - EDTIJ - Abogados en Panam\u00e1<\/title>\n<meta name=\"robots\" content=\"index, follow, max-snippet:-1, max-image-preview:large, max-video-preview:-1\" \/>\n<link rel=\"canonical\" href=\"https:\/\/www.edtij.com\/esp\/jacqueline-escobar\/\" \/>\n<meta property=\"og:locale\" content=\"es_ES\" \/>\n<meta property=\"og:type\" content=\"article\" \/>\n<meta property=\"og:title\" content=\"Jacqueline Escobar - EDTIJ - Abogados en Panam\u00e1\" \/>\n<meta property=\"og:description\" content=\"Jacqueline Escobar Abogada Egresada con el honor Cum Laude de la Universidad Santa Mar\u00eda La Antigua, en el a\u00f1o 1995. Obtuvo su Maestr\u00eda en Derecho en Duke University en el a\u00f1o 1997. En el a\u00f1o 2002 particip\u00f3 del Programa de negociaciones estrat\u00e9gicas para el sector p\u00fablico en Harvard University. A principio de la d\u00e9cada de [&hellip;]\" \/>\n<meta property=\"og:url\" content=\"https:\/\/www.edtij.com\/esp\/jacqueline-escobar\/\" \/>\n<meta property=\"og:site_name\" content=\"EDTIJ - Abogados en Panam\u00e1\" \/>\n<meta property=\"article:modified_time\" content=\"2021-10-17T22:25:07+00:00\" \/>\n<meta property=\"og:image\" content=\"https:\/\/www.edtij.com\/esp\/wp-content\/uploads\/2021\/10\/perfil_je2.jpg\" \/>\n<meta name=\"twitter:card\" content=\"summary_large_image\" \/>\n<meta name=\"twitter:label1\" content=\"Tiempo de lectura\" \/>\n\t<meta name=\"twitter:data1\" content=\"1 minuto\" \/>\n<script type=\"application\/ld+json\" class=\"yoast-schema-graph\">{\"@context\":\"https:\\\/\\\/schema.org\",\"@graph\":[{\"@type\":\"WebPage\",\"@id\":\"https:\\\/\\\/www.edtij.com\\\/esp\\\/jacqueline-escobar\\\/\",\"url\":\"https:\\\/\\\/www.edtij.com\\\/esp\\\/jacqueline-escobar\\\/\",\"name\":\"Jacqueline Escobar - EDTIJ - Abogados en Panam\u00e1\",\"isPartOf\":{\"@id\":\"https:\\\/\\\/www.edtij.com\\\/esp\\\/#website\"},\"primaryImageOfPage\":{\"@id\":\"https:\\\/\\\/www.edtij.com\\\/esp\\\/jacqueline-escobar\\\/#primaryimage\"},\"image\":{\"@id\":\"https:\\\/\\\/www.edtij.com\\\/esp\\\/jacqueline-escobar\\\/#primaryimage\"},\"thumbnailUrl\":\"https:\\\/\\\/www.edtij.com\\\/esp\\\/wp-content\\\/uploads\\\/2021\\\/10\\\/perfil_je2.jpg\",\"datePublished\":\"2020-12-08T01:31:15+00:00\",\"dateModified\":\"2021-10-17T22:25:07+00:00\",\"breadcrumb\":{\"@id\":\"https:\\\/\\\/www.edtij.com\\\/esp\\\/jacqueline-escobar\\\/#breadcrumb\"},\"inLanguage\":\"es\",\"potentialAction\":[{\"@type\":\"ReadAction\",\"target\":[\"https:\\\/\\\/www.edtij.com\\\/esp\\\/jacqueline-escobar\\\/\"]}]},{\"@type\":\"ImageObject\",\"inLanguage\":\"es\",\"@id\":\"https:\\\/\\\/www.edtij.com\\\/esp\\\/jacqueline-escobar\\\/#primaryimage\",\"url\":\"https:\\\/\\\/www.edtij.com\\\/esp\\\/wp-content\\\/uploads\\\/2021\\\/10\\\/perfil_je2.jpg\",\"contentUrl\":\"https:\\\/\\\/www.edtij.com\\\/esp\\\/wp-content\\\/uploads\\\/2021\\\/10\\\/perfil_je2.jpg\",\"width\":391,\"height\":539},{\"@type\":\"BreadcrumbList\",\"@id\":\"https:\\\/\\\/www.edtij.com\\\/esp\\\/jacqueline-escobar\\\/#breadcrumb\",\"itemListElement\":[{\"@type\":\"ListItem\",\"position\":1,\"name\":\"Portada\",\"item\":\"https:\\\/\\\/www.edtij.com\\\/esp\\\/\"},{\"@type\":\"ListItem\",\"position\":2,\"name\":\"Jacqueline Escobar\"}]},{\"@type\":\"WebSite\",\"@id\":\"https:\\\/\\\/www.edtij.com\\\/esp\\\/#website\",\"url\":\"https:\\\/\\\/www.edtij.com\\\/esp\\\/\",\"name\":\"EDTIJ - Abogados en Panam\u00e1\",\"description\":\"\",\"potentialAction\":[{\"@type\":\"SearchAction\",\"target\":{\"@type\":\"EntryPoint\",\"urlTemplate\":\"https:\\\/\\\/www.edtij.com\\\/esp\\\/?s={search_term_string}\"},\"query-input\":{\"@type\":\"PropertyValueSpecification\",\"valueRequired\":true,\"valueName\":\"search_term_string\"}}],\"inLanguage\":\"es\"}]}<\/script>\n<!-- \/ Yoast SEO plugin. -->","yoast_head_json":{"title":"Jacqueline Escobar - EDTIJ - Abogados en Panam\u00e1","robots":{"index":"index","follow":"follow","max-snippet":"max-snippet:-1","max-image-preview":"max-image-preview:large","max-video-preview":"max-video-preview:-1"},"canonical":"https:\/\/www.edtij.com\/esp\/jacqueline-escobar\/","og_locale":"es_ES","og_type":"article","og_title":"Jacqueline Escobar - EDTIJ - Abogados en Panam\u00e1","og_description":"Jacqueline Escobar Abogada Egresada con el honor Cum Laude de la Universidad Santa Mar\u00eda La Antigua, en el a\u00f1o 1995. Obtuvo su Maestr\u00eda en Derecho en Duke University en el a\u00f1o 1997. En el a\u00f1o 2002 particip\u00f3 del Programa de negociaciones estrat\u00e9gicas para el sector p\u00fablico en Harvard University. A principio de la d\u00e9cada de [&hellip;]","og_url":"https:\/\/www.edtij.com\/esp\/jacqueline-escobar\/","og_site_name":"EDTIJ - Abogados en Panam\u00e1","article_modified_time":"2021-10-17T22:25:07+00:00","og_image":[{"url":"https:\/\/www.edtij.com\/esp\/wp-content\/uploads\/2021\/10\/perfil_je2.jpg","type":"","width":"","height":""}],"twitter_card":"summary_large_image","twitter_misc":{"Tiempo de lectura":"1 minuto"},"schema":{"@context":"https:\/\/schema.org","@graph":[{"@type":"WebPage","@id":"https:\/\/www.edtij.com\/esp\/jacqueline-escobar\/","url":"https:\/\/www.edtij.com\/esp\/jacqueline-escobar\/","name":"Jacqueline Escobar - EDTIJ - Abogados en Panam\u00e1","isPartOf":{"@id":"https:\/\/www.edtij.com\/esp\/#website"},"primaryImageOfPage":{"@id":"https:\/\/www.edtij.com\/esp\/jacqueline-escobar\/#primaryimage"},"image":{"@id":"https:\/\/www.edtij.com\/esp\/jacqueline-escobar\/#primaryimage"},"thumbnailUrl":"https:\/\/www.edtij.com\/esp\/wp-content\/uploads\/2021\/10\/perfil_je2.jpg","datePublished":"2020-12-08T01:31:15+00:00","dateModified":"2021-10-17T22:25:07+00:00","breadcrumb":{"@id":"https:\/\/www.edtij.com\/esp\/jacqueline-escobar\/#breadcrumb"},"inLanguage":"es","potentialAction":[{"@type":"ReadAction","target":["https:\/\/www.edtij.com\/esp\/jacqueline-escobar\/"]}]},{"@type":"ImageObject","inLanguage":"es","@id":"https:\/\/www.edtij.com\/esp\/jacqueline-escobar\/#primaryimage","url":"https:\/\/www.edtij.com\/esp\/wp-content\/uploads\/2021\/10\/perfil_je2.jpg","contentUrl":"https:\/\/www.edtij.com\/esp\/wp-content\/uploads\/2021\/10\/perfil_je2.jpg","width":391,"height":539},{"@type":"BreadcrumbList","@id":"https:\/\/www.edtij.com\/esp\/jacqueline-escobar\/#breadcrumb","itemListElement":[{"@type":"ListItem","position":1,"name":"Portada","item":"https:\/\/www.edtij.com\/esp\/"},{"@type":"ListItem","position":2,"name":"Jacqueline Escobar"}]},{"@type":"WebSite","@id":"https:\/\/www.edtij.com\/esp\/#website","url":"https:\/\/www.edtij.com\/esp\/","name":"EDTIJ - Abogados en Panam\u00e1","description":"","potentialAction":[{"@type":"SearchAction","target":{"@type":"EntryPoint","urlTemplate":"https:\/\/www.edtij.com\/esp\/?s={search_term_string}"},"query-input":{"@type":"PropertyValueSpecification","valueRequired":true,"valueName":"search_term_string"}}],"inLanguage":"es"}]}},"_links":{"self":[{"href":"https:\/\/www.edtij.com\/esp\/wp-json\/wp\/v2\/pages\/601","targetHints":{"allow":["GET"]}}],"collection":[{"href":"https:\/\/www.edtij.com\/esp\/wp-json\/wp\/v2\/pages"}],"about":[{"href":"https:\/\/www.edtij.com\/esp\/wp-json\/wp\/v2\/types\/page"}],"author":[{"embeddable":true,"href":"https:\/\/www.edtij.com\/esp\/wp-json\/wp\/v2\/users\/1"}],"replies":[{"embeddable":true,"href":"https:\/\/www.edtij.com\/esp\/wp-json\/wp\/v2\/comments?post=601"}],"version-history":[{"count":0,"href":"https:\/\/www.edtij.com\/esp\/wp-json\/wp\/v2\/pages\/601\/revisions"}],"wp:attachment":[{"href":"https:\/\/www.edtij.com\/esp\/wp-json\/wp\/v2\/media?parent=601"}],"curies":[{"name":"wp","href":"https:\/\/api.w.org\/{rel}","templated":true}]}}