{"id":558,"date":"2020-12-07T20:07:09","date_gmt":"2020-12-08T01:07:09","guid":{"rendered":"https:\/\/torney.progressionstudios.com\/?page_id=558"},"modified":"2025-05-11T12:47:12","modified_gmt":"2025-05-11T17:47:12","slug":"derecho-fiscal","status":"publish","type":"page","link":"https:\/\/www.edtij.com\/esp\/areas-practica\/derecho-fiscal\/","title":{"rendered":"Derecho Fiscal"},"content":{"rendered":"\t\t<div data-elementor-type=\"wp-page\" data-elementor-id=\"558\" class=\"elementor elementor-558\">\n\t\t\t\t\t\t<section class=\"elementor-section elementor-top-section elementor-element elementor-element-61fdf642 elementor-reverse-mobile elementor-section-boxed elementor-section-height-default elementor-section-height-default\" data-id=\"61fdf642\" data-element_type=\"section\" data-e-type=\"section\">\n\t\t\t\t\t\t<div class=\"elementor-container elementor-column-gap-default\">\n\t\t\t\t\t<div class=\"elementor-column elementor-col-50 elementor-top-column elementor-element elementor-element-2ccf97f1\" data-id=\"2ccf97f1\" data-element_type=\"column\" data-e-type=\"column\">\n\t\t\t<div class=\"elementor-widget-wrap elementor-element-populated\">\n\t\t\t\t\t\t<div class=\"elementor-element elementor-element-7e9aaa16 elementor-widget elementor-widget-heading\" data-id=\"7e9aaa16\" data-element_type=\"widget\" data-e-type=\"widget\" data-widget_type=\"heading.default\">\n\t\t\t\t<div class=\"elementor-widget-container\">\n\t\t\t\t\t<h2 class=\"elementor-heading-title elementor-size-default\">\u00c1reas de Pr\u00e1ctica<\/h2>\t\t\t\t<\/div>\n\t\t\t\t<\/div>\n\t\t\t\t<div class=\"elementor-element elementor-element-1dd1e98d elementor-icon-list--layout-traditional elementor-list-item-link-full_width elementor-widget elementor-widget-icon-list\" data-id=\"1dd1e98d\" data-element_type=\"widget\" data-e-type=\"widget\" data-widget_type=\"icon-list.default\">\n\t\t\t\t<div class=\"elementor-widget-container\">\n\t\t\t\t\t\t\t<ul class=\"elementor-icon-list-items\">\n\t\t\t\t\t\t\t<li class=\"elementor-icon-list-item\">\n\t\t\t\t\t\t\t\t\t\t\t<a href=\"https:\/\/www.edtij.com\/esp\/areas-practica\/derecho-corporativo\/\">\n\n\t\t\t\t\t\t\t\t\t\t\t\t<span class=\"elementor-icon-list-icon\">\n\t\t\t\t\t\t\t<i aria-hidden=\"true\" class=\"fas fa-long-arrow-alt-right\"><\/i>\t\t\t\t\t\t<\/span>\n\t\t\t\t\t\t\t\t\t\t<span class=\"elementor-icon-list-text\">Derecho Corporativo<\/span>\n\t\t\t\t\t\t\t\t\t\t\t<\/a>\n\t\t\t\t\t\t\t\t\t<\/li>\n\t\t\t\t\t\t\t\t<li class=\"elementor-icon-list-item\">\n\t\t\t\t\t\t\t\t\t\t\t<a href=\"https:\/\/www.edtij.com\/esp\/\/areas-practica\/derecho-fiscal\/\" class=\"selected\">\n\n\t\t\t\t\t\t\t\t\t\t\t\t<span class=\"elementor-icon-list-icon\">\n\t\t\t\t\t\t\t<i aria-hidden=\"true\" class=\"fas fa-long-arrow-alt-right\"><\/i>\t\t\t\t\t\t<\/span>\n\t\t\t\t\t\t\t\t\t\t<span class=\"elementor-icon-list-text\">Derecho Fiscal<\/span>\n\t\t\t\t\t\t\t\t\t\t\t<\/a>\n\t\t\t\t\t\t\t\t\t<\/li>\n\t\t\t\t\t\t\t\t<li class=\"elementor-icon-list-item\">\n\t\t\t\t\t\t\t\t\t\t\t<a href=\"https:\/\/www.edtij.com\/esp\/areas-practica\/migracion\/\">\n\n\t\t\t\t\t\t\t\t\t\t\t\t<span class=\"elementor-icon-list-icon\">\n\t\t\t\t\t\t\t<i aria-hidden=\"true\" class=\"fas fa-long-arrow-alt-right\"><\/i>\t\t\t\t\t\t<\/span>\n\t\t\t\t\t\t\t\t\t\t<span class=\"elementor-icon-list-text\">Migraci\u00f3n<\/span>\n\t\t\t\t\t\t\t\t\t\t\t<\/a>\n\t\t\t\t\t\t\t\t\t<\/li>\n\t\t\t\t\t\t\t\t<li class=\"elementor-icon-list-item\">\n\t\t\t\t\t\t\t\t\t\t\t<a href=\"https:\/\/www.edtij.com\/esp\/areas-practica\/derecho-laboral\/\">\n\n\t\t\t\t\t\t\t\t\t\t\t\t<span class=\"elementor-icon-list-icon\">\n\t\t\t\t\t\t\t<i aria-hidden=\"true\" class=\"fas fa-long-arrow-alt-right\"><\/i>\t\t\t\t\t\t<\/span>\n\t\t\t\t\t\t\t\t\t\t<span class=\"elementor-icon-list-text\">Derecho Laboral<\/span>\n\t\t\t\t\t\t\t\t\t\t\t<\/a>\n\t\t\t\t\t\t\t\t\t<\/li>\n\t\t\t\t\t\t\t\t<li class=\"elementor-icon-list-item\">\n\t\t\t\t\t\t\t\t\t\t\t<a href=\"https:\/\/www.edtij.com\/esp\/areas-practica\/derecho-inmobiliario\/\">\n\n\t\t\t\t\t\t\t\t\t\t\t\t<span class=\"elementor-icon-list-icon\">\n\t\t\t\t\t\t\t<i aria-hidden=\"true\" class=\"fas fa-long-arrow-alt-right\"><\/i>\t\t\t\t\t\t<\/span>\n\t\t\t\t\t\t\t\t\t\t<span class=\"elementor-icon-list-text\">Derecho Inmobiliario<\/span>\n\t\t\t\t\t\t\t\t\t\t\t<\/a>\n\t\t\t\t\t\t\t\t\t<\/li>\n\t\t\t\t\t\t\t\t<li class=\"elementor-icon-list-item\">\n\t\t\t\t\t\t\t\t\t\t\t<a href=\"https:\/\/www.edtij.com\/esp\/areas-practica\/derecho-familia\/\">\n\n\t\t\t\t\t\t\t\t\t\t\t\t<span class=\"elementor-icon-list-icon\">\n\t\t\t\t\t\t\t<i aria-hidden=\"true\" class=\"fas fa-long-arrow-alt-right\"><\/i>\t\t\t\t\t\t<\/span>\n\t\t\t\t\t\t\t\t\t\t<span class=\"elementor-icon-list-text\">Planeaci\u00f3n Patrimonial Familiar y Derecho de Familia<\/span>\n\t\t\t\t\t\t\t\t\t\t\t<\/a>\n\t\t\t\t\t\t\t\t\t<\/li>\n\t\t\t\t\t\t\t\t<li class=\"elementor-icon-list-item\">\n\t\t\t\t\t\t\t\t\t\t\t<a href=\"https:\/\/www.edtij.com\/esp\/areas-practica\/comercio-internacional\/\">\n\n\t\t\t\t\t\t\t\t\t\t\t\t<span class=\"elementor-icon-list-icon\">\n\t\t\t\t\t\t\t<i aria-hidden=\"true\" class=\"fas fa-long-arrow-alt-right\"><\/i>\t\t\t\t\t\t<\/span>\n\t\t\t\t\t\t\t\t\t\t<span class=\"elementor-icon-list-text\">Comercio Internacional<\/span>\n\t\t\t\t\t\t\t\t\t\t\t<\/a>\n\t\t\t\t\t\t\t\t\t<\/li>\n\t\t\t\t\t\t\t\t<li class=\"elementor-icon-list-item\">\n\t\t\t\t\t\t\t\t\t\t\t<a href=\"https:\/\/www.edtij.com\/esp\/areas-practica\/valores\/\">\n\n\t\t\t\t\t\t\t\t\t\t\t\t<span class=\"elementor-icon-list-icon\">\n\t\t\t\t\t\t\t<i aria-hidden=\"true\" class=\"fas fa-long-arrow-alt-right\"><\/i>\t\t\t\t\t\t<\/span>\n\t\t\t\t\t\t\t\t\t\t<span class=\"elementor-icon-list-text\">Valores<\/span>\n\t\t\t\t\t\t\t\t\t\t\t<\/a>\n\t\t\t\t\t\t\t\t\t<\/li>\n\t\t\t\t\t\t<\/ul>\n\t\t\t\t\t\t<\/div>\n\t\t\t\t<\/div>\n\t\t\t\t<section class=\"elementor-section elementor-inner-section elementor-element elementor-element-6962027b elementor-section-boxed elementor-section-height-default elementor-section-height-default\" data-id=\"6962027b\" data-element_type=\"section\" data-e-type=\"section\" data-settings=\"{&quot;background_background&quot;:&quot;classic&quot;}\">\n\t\t\t\t\t\t\t<div class=\"elementor-background-overlay\"><\/div>\n\t\t\t\t\t\t\t<div class=\"elementor-container elementor-column-gap-default\">\n\t\t\t\t\t<div class=\"elementor-column elementor-col-100 elementor-inner-column elementor-element elementor-element-eaee775\" data-id=\"eaee775\" data-element_type=\"column\" data-e-type=\"column\">\n\t\t\t<div class=\"elementor-widget-wrap elementor-element-populated\">\n\t\t\t\t\t\t<div class=\"elementor-element elementor-element-60b6bb92 elementor-widget elementor-widget-image\" data-id=\"60b6bb92\" data-element_type=\"widget\" data-e-type=\"widget\" data-widget_type=\"image.default\">\n\t\t\t\t<div class=\"elementor-widget-container\">\n\t\t\t\t\t\t\t\t\t\t\t\t\t\t\t<img decoding=\"async\" width=\"82\" height=\"82\" src=\"https:\/\/www.edtij.com\/esp\/wp-content\/uploads\/2020\/12\/phone-icon.png\" class=\"attachment-large size-large wp-image-608\" alt=\"\" \/>\t\t\t\t\t\t\t\t\t\t\t\t\t\t\t<\/div>\n\t\t\t\t<\/div>\n\t\t\t\t<div class=\"elementor-element elementor-element-1cf2cc9b elementor-widget elementor-widget-heading\" data-id=\"1cf2cc9b\" data-element_type=\"widget\" data-e-type=\"widget\" data-widget_type=\"heading.default\">\n\t\t\t\t<div class=\"elementor-widget-container\">\n\t\t\t\t\t<h2 class=\"elementor-heading-title elementor-size-default\">Obtenga ayuda profesional\npara atender su necesidad<\/h2>\t\t\t\t<\/div>\n\t\t\t\t<\/div>\n\t\t\t\t<div class=\"elementor-element elementor-element-5e04f026 elementor-widget elementor-widget-heading\" data-id=\"5e04f026\" data-element_type=\"widget\" data-e-type=\"widget\" data-widget_type=\"heading.default\">\n\t\t\t\t<div class=\"elementor-widget-container\">\n\t\t\t\t\t<h6 class=\"elementor-heading-title elementor-size-default\">+507-340-6324<\/h6>\t\t\t\t<\/div>\n\t\t\t\t<\/div>\n\t\t\t\t\t<\/div>\n\t\t<\/div>\n\t\t\t\t\t<\/div>\n\t\t<\/section>\n\t\t\t\t\t<\/div>\n\t\t<\/div>\n\t\t\t\t<div class=\"elementor-column elementor-col-50 elementor-top-column elementor-element elementor-element-75b592ff\" data-id=\"75b592ff\" data-element_type=\"column\" data-e-type=\"column\">\n\t\t\t<div class=\"elementor-widget-wrap elementor-element-populated\">\n\t\t\t\t\t\t<div class=\"elementor-element elementor-element-4f22ff81 elementor-widget elementor-widget-image\" data-id=\"4f22ff81\" data-element_type=\"widget\" data-e-type=\"widget\" data-widget_type=\"image.default\">\n\t\t\t\t<div class=\"elementor-widget-container\">\n\t\t\t\t\t\t\t\t\t\t\t\t\t\t\t<img decoding=\"async\" src=\"https:\/\/www.edtij.com\/esp\/wp-content\/uploads\/elementor\/thumbs\/pic_ser_fiscal-q21idli61wvbi996e28r38gi9lm1uf9uzzoylsi4kg.jpg\" title=\"Derecho Fiscal en Panam\u00e1\" alt=\"Derecho Fiscal\" loading=\"lazy\" \/>\t\t\t\t\t\t\t\t\t\t\t\t\t\t\t<\/div>\n\t\t\t\t<\/div>\n\t\t\t\t<div class=\"elementor-element elementor-element-49876f0d elementor-widget elementor-widget-heading\" data-id=\"49876f0d\" data-element_type=\"widget\" data-e-type=\"widget\" data-widget_type=\"heading.default\">\n\t\t\t\t<div class=\"elementor-widget-container\">\n\t\t\t\t\t<h2 class=\"elementor-heading-title elementor-size-default\">Derecho Fiscal<\/h2>\t\t\t\t<\/div>\n\t\t\t\t<\/div>\n\t\t\t\t<div class=\"elementor-element elementor-element-1f89c95d elementor-widget elementor-widget-text-editor\" data-id=\"1f89c95d\" data-element_type=\"widget\" data-e-type=\"widget\" data-widget_type=\"text-editor.default\">\n\t\t\t\t<div class=\"elementor-widget-container\">\n\t\t\t\t\t\t\t\t\t<p>En EDTIJ brindamos <strong>asesor\u00eda tributaria en Panam\u00e1<\/strong> y <strong>planificaci\u00f3n fiscal estrat\u00e9gica<\/strong> para personas naturales y empresas, dise\u00f1ando esquemas a medida que optimizan su carga impositiva y aprovechan al m\u00e1ximo los <strong>tratados de doble tributaci\u00f3n e intercambio de informaci\u00f3n<\/strong> suscritos por Panam\u00e1. Gestionamos la obtenci\u00f3n de <strong>Certificados de Residencia Fiscal<\/strong> para individuos y sociedades, garantizando el cumplimiento de todos los requisitos de la Direcci\u00f3n General de Ingresos. Asimismo, nos encargamos de los <strong>tr\u00e1mites de fusi\u00f3n, escisi\u00f3n y disoluci\u00f3n de empresas<\/strong> ante la DGI, asegurando procesos r\u00e1pidos, transparentes y 100 % conformes con la normativa vigente.<\/p><p>Adicionalmente, ofrecemos:<\/p><ul><li><p>Elaboraci\u00f3n y presentaci\u00f3n de <strong>declaraciones de impuestos<\/strong> (ISR, ITBMS, contribuciones municipales y especiales).<\/p><\/li><li><p>Representaci\u00f3n y defensa en <strong>auditor\u00edas y procesos de fiscalizaci\u00f3n<\/strong> ante la DGI y la Unidad de An\u00e1lisis Financiero.<\/p><\/li><li><p><strong>Due diligence tributario<\/strong> y consultor\u00eda en <strong>precios de transferencia<\/strong>, para garantizar estructuras con sustancia econ\u00f3mica y cumplimiento OCDE.<\/p><\/li><li><p>Dise\u00f1o e implementaci\u00f3n de <strong>incentivos fiscales<\/strong> y <strong>reg\u00edmenes especiales<\/strong> (CAIR, Grandes Contribuyentes, zonas francas), as\u00ed como <strong>consultas y resoluciones anticipadas<\/strong>.<\/p><\/li><li><p>Asesor\u00eda en <strong>cumplimiento normativo<\/strong>, presentaci\u00f3n de informes y reportes a la UAF, y atenci\u00f3n de requerimientos formales.<\/p><\/li><\/ul><p>Con este portafolio integral, cubrimos todas las facetas del derecho fiscal en Panam\u00e1, asegurando soluciones proactivas y resultados tangibles que protegen tu patrimonio y potencian tu crecimiento.<\/p>\t\t\t\t\t\t\t\t<\/div>\n\t\t\t\t<\/div>\n\t\t\t\t<div class=\"elementor-element elementor-element-3918b18c elementor-widget-divider--view-line elementor-widget elementor-widget-divider\" data-id=\"3918b18c\" data-element_type=\"widget\" data-e-type=\"widget\" data-widget_type=\"divider.default\">\n\t\t\t\t<div class=\"elementor-widget-container\">\n\t\t\t\t\t\t\t<div class=\"elementor-divider\">\n\t\t\t<span class=\"elementor-divider-separator\">\n\t\t\t\t\t\t<\/span>\n\t\t<\/div>\n\t\t\t\t\t\t<\/div>\n\t\t\t\t<\/div>\n\t\t\t\t<section class=\"elementor-section elementor-inner-section elementor-element elementor-element-32e10994 elementor-section-content-middle elementor-section-boxed elementor-section-height-default elementor-section-height-default\" data-id=\"32e10994\" data-element_type=\"section\" data-e-type=\"section\">\n\t\t\t\t\t\t<div class=\"elementor-container elementor-column-gap-no\">\n\t\t\t\t\t<div class=\"elementor-column elementor-col-50 elementor-inner-column elementor-element elementor-element-46489f66\" data-id=\"46489f66\" data-element_type=\"column\" data-e-type=\"column\">\n\t\t\t<div class=\"elementor-widget-wrap elementor-element-populated\">\n\t\t\t\t\t\t<div class=\"elementor-element elementor-element-12aef662 elementor-widget elementor-widget-heading\" data-id=\"12aef662\" data-element_type=\"widget\" data-e-type=\"widget\" data-widget_type=\"heading.default\">\n\t\t\t\t<div class=\"elementor-widget-container\">\n\t\t\t\t\t<h2 class=\"elementor-heading-title elementor-size-default\">Nosotros podemos ayudarle<\/h2>\t\t\t\t<\/div>\n\t\t\t\t<\/div>\n\t\t\t\t<div class=\"elementor-element elementor-element-ea4f560 elementor-widget elementor-widget-heading\" data-id=\"ea4f560\" data-element_type=\"widget\" data-e-type=\"widget\" data-widget_type=\"heading.default\">\n\t\t\t\t<div class=\"elementor-widget-container\">\n\t\t\t\t\t<h6 class=\"elementor-heading-title elementor-size-default\">Nuestra firma  fue creada con el objetivo de brindar soluciones adecuadas .<\/h6>\t\t\t\t<\/div>\n\t\t\t\t<\/div>\n\t\t\t\t<div class=\"elementor-element elementor-element-43a567b6 elementor-icon-list--layout-traditional elementor-list-item-link-full_width elementor-widget elementor-widget-icon-list\" data-id=\"43a567b6\" data-element_type=\"widget\" data-e-type=\"widget\" data-widget_type=\"icon-list.default\">\n\t\t\t\t<div class=\"elementor-widget-container\">\n\t\t\t\t\t\t\t<ul class=\"elementor-icon-list-items\">\n\t\t\t\t\t\t\t<li class=\"elementor-icon-list-item\">\n\t\t\t\t\t\t\t\t\t\t\t<span class=\"elementor-icon-list-icon\">\n\t\t\t\t\t\t\t<i aria-hidden=\"true\" class=\"fas fa-check-circle\"><\/i>\t\t\t\t\t\t<\/span>\n\t\t\t\t\t\t\t\t\t\t<span class=\"elementor-icon-list-text\">Fundada en Panam\u00e1 en el a\u00f1o 2004<\/span>\n\t\t\t\t\t\t\t\t\t<\/li>\n\t\t\t\t\t\t\t\t<li class=\"elementor-icon-list-item\">\n\t\t\t\t\t\t\t\t\t\t\t<span class=\"elementor-icon-list-icon\">\n\t\t\t\t\t\t\t<i aria-hidden=\"true\" class=\"fas fa-check-circle\"><\/i>\t\t\t\t\t\t<\/span>\n\t\t\t\t\t\t\t\t\t\t<span class=\"elementor-icon-list-text\">Asesor\u00edas y soluciones calificadas<\/span>\n\t\t\t\t\t\t\t\t\t<\/li>\n\t\t\t\t\t\t\t\t<li class=\"elementor-icon-list-item\">\n\t\t\t\t\t\t\t\t\t\t\t<span class=\"elementor-icon-list-icon\">\n\t\t\t\t\t\t\t<i aria-hidden=\"true\" class=\"fas fa-check-circle\"><\/i>\t\t\t\t\t\t<\/span>\n\t\t\t\t\t\t\t\t\t\t<span class=\"elementor-icon-list-text\">Experiencia en diversas ramas<\/span>\n\t\t\t\t\t\t\t\t\t<\/li>\n\t\t\t\t\t\t\t\t<li class=\"elementor-icon-list-item\">\n\t\t\t\t\t\t\t\t\t\t\t<span class=\"elementor-icon-list-icon\">\n\t\t\t\t\t\t\t<i aria-hidden=\"true\" class=\"fas fa-check-circle\"><\/i>\t\t\t\t\t\t<\/span>\n\t\t\t\t\t\t\t\t\t\t<span class=\"elementor-icon-list-text\">Clientes  locales y multinacionales <\/span>\n\t\t\t\t\t\t\t\t\t<\/li>\n\t\t\t\t\t\t<\/ul>\n\t\t\t\t\t\t<\/div>\n\t\t\t\t<\/div>\n\t\t\t\t\t<\/div>\n\t\t<\/div>\n\t\t\t\t<div class=\"elementor-column elementor-col-50 elementor-inner-column elementor-element elementor-element-69a07a25\" data-id=\"69a07a25\" data-element_type=\"column\" data-e-type=\"column\">\n\t\t\t<div class=\"elementor-widget-wrap elementor-element-populated\">\n\t\t\t\t\t\t<div class=\"elementor-element elementor-element-46293ee9 elementor-widget elementor-widget-image\" data-id=\"46293ee9\" data-element_type=\"widget\" data-e-type=\"widget\" data-widget_type=\"image.default\">\n\t\t\t\t<div class=\"elementor-widget-container\">\n\t\t\t\t\t\t\t\t\t\t\t\t\t\t\t<img decoding=\"async\" src=\"https:\/\/www.edtij.com\/esp\/wp-content\/uploads\/elementor\/thumbs\/firma-abogados-panama-q21g47n4nr4jh10emt85k0w6epmiruhj04u3u9fa2a.jpg\" title=\"firma-abogados-panama\" alt=\"firma-abogados-panama\" loading=\"lazy\" \/>\t\t\t\t\t\t\t\t\t\t\t\t\t\t\t<\/div>\n\t\t\t\t<\/div>\n\t\t\t\t\t<\/div>\n\t\t<\/div>\n\t\t\t\t\t<\/div>\n\t\t<\/section>\n\t\t\t\t<div class=\"elementor-element elementor-element-7ca7cbf8 elementor-widget-divider--view-line elementor-widget elementor-widget-divider\" data-id=\"7ca7cbf8\" data-element_type=\"widget\" data-e-type=\"widget\" data-widget_type=\"divider.default\">\n\t\t\t\t<div class=\"elementor-widget-container\">\n\t\t\t\t\t\t\t<div class=\"elementor-divider\">\n\t\t\t<span class=\"elementor-divider-separator\">\n\t\t\t\t\t\t<\/span>\n\t\t<\/div>\n\t\t\t\t\t\t<\/div>\n\t\t\t\t<\/div>\n\t\t\t\t\t<\/div>\n\t\t<\/div>\n\t\t\t\t\t<\/div>\n\t\t<\/section>\n\t\t\t\t<\/div>\n\t\t","protected":false},"excerpt":{"rendered":"<p>\u00c1reas de Pr\u00e1ctica Derecho Corporativo Derecho Fiscal Migraci\u00f3n Derecho Laboral Derecho Inmobiliario Planeaci\u00f3n Patrimonial Familiar y Derecho de Familia Comercio Internacional Valores Obtenga ayuda profesional para atender su necesidad +507-340-6324 Derecho Fiscal En EDTIJ brindamos asesor\u00eda tributaria en Panam\u00e1 y planificaci\u00f3n fiscal estrat\u00e9gica para personas naturales y empresas, dise\u00f1ando esquemas a medida que optimizan su [&hellip;]<\/p>\n","protected":false},"author":1,"featured_media":0,"parent":15,"menu_order":0,"comment_status":"closed","ping_status":"closed","template":"","meta":{"_joinchat":[],"footnotes":""},"class_list":["post-558","page","type-page","status-publish","hentry"],"yoast_head":"<!-- This site is optimized with the Yoast SEO plugin v27.4 - https:\/\/yoast.com\/product\/yoast-seo-wordpress\/ -->\n<title>Derecho Fiscal en Panam\u00e1 - EDTIJ<\/title>\n<meta name=\"description\" content=\"Asesor\u00eda tributaria en Panam\u00e1: planificaci\u00f3n fiscal estrat\u00e9gica para empresas, optimizaci\u00f3n de obligaciones y asistencia experta para maximizar los beneficios de los tratados de doble tributaci\u00f3n.\" \/>\n<meta name=\"robots\" content=\"index, follow, max-snippet:-1, max-image-preview:large, max-video-preview:-1\" \/>\n<link rel=\"canonical\" href=\"https:\/\/www.edtij.com\/esp\/areas-practica\/derecho-fiscal\/\" \/>\n<meta property=\"og:locale\" content=\"es_ES\" \/>\n<meta property=\"og:type\" content=\"article\" \/>\n<meta property=\"og:title\" content=\"Derecho Fiscal en Panam\u00e1 - EDTIJ\" \/>\n<meta property=\"og:description\" content=\"Asesor\u00eda tributaria en Panam\u00e1: planificaci\u00f3n fiscal estrat\u00e9gica para empresas, optimizaci\u00f3n de obligaciones y asistencia experta para maximizar los beneficios de los tratados de doble tributaci\u00f3n.\" \/>\n<meta property=\"og:url\" content=\"https:\/\/www.edtij.com\/esp\/areas-practica\/derecho-fiscal\/\" \/>\n<meta property=\"og:site_name\" content=\"EDTIJ - Abogados en Panam\u00e1\" \/>\n<meta property=\"article:modified_time\" content=\"2025-05-11T17:47:12+00:00\" \/>\n<meta property=\"og:image\" content=\"https:\/\/www.edtij.com\/esp\/wp-content\/uploads\/2020\/12\/phone-icon.png\" \/>\n<meta name=\"twitter:card\" content=\"summary_large_image\" \/>\n<meta name=\"twitter:label1\" content=\"Tiempo de lectura\" \/>\n\t<meta name=\"twitter:data1\" content=\"2 minutos\" \/>\n<script type=\"application\/ld+json\" class=\"yoast-schema-graph\">{\"@context\":\"https:\\\/\\\/schema.org\",\"@graph\":[{\"@type\":\"WebPage\",\"@id\":\"https:\\\/\\\/www.edtij.com\\\/esp\\\/areas-practica\\\/derecho-fiscal\\\/\",\"url\":\"https:\\\/\\\/www.edtij.com\\\/esp\\\/areas-practica\\\/derecho-fiscal\\\/\",\"name\":\"Derecho Fiscal en Panam\u00e1 - EDTIJ\",\"isPartOf\":{\"@id\":\"https:\\\/\\\/www.edtij.com\\\/esp\\\/#website\"},\"primaryImageOfPage\":{\"@id\":\"https:\\\/\\\/www.edtij.com\\\/esp\\\/areas-practica\\\/derecho-fiscal\\\/#primaryimage\"},\"image\":{\"@id\":\"https:\\\/\\\/www.edtij.com\\\/esp\\\/areas-practica\\\/derecho-fiscal\\\/#primaryimage\"},\"thumbnailUrl\":\"https:\\\/\\\/www.edtij.com\\\/esp\\\/wp-content\\\/uploads\\\/2020\\\/12\\\/phone-icon.png\",\"datePublished\":\"2020-12-08T01:07:09+00:00\",\"dateModified\":\"2025-05-11T17:47:12+00:00\",\"description\":\"Asesor\u00eda tributaria en Panam\u00e1: planificaci\u00f3n fiscal estrat\u00e9gica para empresas, optimizaci\u00f3n de obligaciones y asistencia experta para maximizar los beneficios de los tratados de doble tributaci\u00f3n.\",\"breadcrumb\":{\"@id\":\"https:\\\/\\\/www.edtij.com\\\/esp\\\/areas-practica\\\/derecho-fiscal\\\/#breadcrumb\"},\"inLanguage\":\"es\",\"potentialAction\":[{\"@type\":\"ReadAction\",\"target\":[\"https:\\\/\\\/www.edtij.com\\\/esp\\\/areas-practica\\\/derecho-fiscal\\\/\"]}]},{\"@type\":\"ImageObject\",\"inLanguage\":\"es\",\"@id\":\"https:\\\/\\\/www.edtij.com\\\/esp\\\/areas-practica\\\/derecho-fiscal\\\/#primaryimage\",\"url\":\"https:\\\/\\\/www.edtij.com\\\/esp\\\/wp-content\\\/uploads\\\/2020\\\/12\\\/phone-icon.png\",\"contentUrl\":\"https:\\\/\\\/www.edtij.com\\\/esp\\\/wp-content\\\/uploads\\\/2020\\\/12\\\/phone-icon.png\",\"width\":82,\"height\":82},{\"@type\":\"BreadcrumbList\",\"@id\":\"https:\\\/\\\/www.edtij.com\\\/esp\\\/areas-practica\\\/derecho-fiscal\\\/#breadcrumb\",\"itemListElement\":[{\"@type\":\"ListItem\",\"position\":1,\"name\":\"Portada\",\"item\":\"https:\\\/\\\/www.edtij.com\\\/esp\\\/\"},{\"@type\":\"ListItem\",\"position\":2,\"name\":\"\u00c1reas de Pr\u00e1ctica\",\"item\":\"https:\\\/\\\/www.edtij.com\\\/esp\\\/areas-practica\\\/\"},{\"@type\":\"ListItem\",\"position\":3,\"name\":\"Derecho Fiscal\"}]},{\"@type\":\"WebSite\",\"@id\":\"https:\\\/\\\/www.edtij.com\\\/esp\\\/#website\",\"url\":\"https:\\\/\\\/www.edtij.com\\\/esp\\\/\",\"name\":\"EDTIJ - Abogados en Panam\u00e1\",\"description\":\"\",\"potentialAction\":[{\"@type\":\"SearchAction\",\"target\":{\"@type\":\"EntryPoint\",\"urlTemplate\":\"https:\\\/\\\/www.edtij.com\\\/esp\\\/?s={search_term_string}\"},\"query-input\":{\"@type\":\"PropertyValueSpecification\",\"valueRequired\":true,\"valueName\":\"search_term_string\"}}],\"inLanguage\":\"es\"}]}<\/script>\n<!-- \/ Yoast SEO plugin. -->","yoast_head_json":{"title":"Derecho Fiscal en Panam\u00e1 - EDTIJ","description":"Asesor\u00eda tributaria en Panam\u00e1: planificaci\u00f3n fiscal estrat\u00e9gica para empresas, optimizaci\u00f3n de obligaciones y asistencia experta para maximizar los beneficios de los tratados de doble tributaci\u00f3n.","robots":{"index":"index","follow":"follow","max-snippet":"max-snippet:-1","max-image-preview":"max-image-preview:large","max-video-preview":"max-video-preview:-1"},"canonical":"https:\/\/www.edtij.com\/esp\/areas-practica\/derecho-fiscal\/","og_locale":"es_ES","og_type":"article","og_title":"Derecho Fiscal en Panam\u00e1 - EDTIJ","og_description":"Asesor\u00eda tributaria en Panam\u00e1: planificaci\u00f3n fiscal estrat\u00e9gica para empresas, optimizaci\u00f3n de obligaciones y asistencia experta para maximizar los beneficios de los tratados de doble tributaci\u00f3n.","og_url":"https:\/\/www.edtij.com\/esp\/areas-practica\/derecho-fiscal\/","og_site_name":"EDTIJ - Abogados en Panam\u00e1","article_modified_time":"2025-05-11T17:47:12+00:00","og_image":[{"url":"https:\/\/www.edtij.com\/esp\/wp-content\/uploads\/2020\/12\/phone-icon.png","type":"","width":"","height":""}],"twitter_card":"summary_large_image","twitter_misc":{"Tiempo de lectura":"2 minutos"},"schema":{"@context":"https:\/\/schema.org","@graph":[{"@type":"WebPage","@id":"https:\/\/www.edtij.com\/esp\/areas-practica\/derecho-fiscal\/","url":"https:\/\/www.edtij.com\/esp\/areas-practica\/derecho-fiscal\/","name":"Derecho Fiscal en Panam\u00e1 - EDTIJ","isPartOf":{"@id":"https:\/\/www.edtij.com\/esp\/#website"},"primaryImageOfPage":{"@id":"https:\/\/www.edtij.com\/esp\/areas-practica\/derecho-fiscal\/#primaryimage"},"image":{"@id":"https:\/\/www.edtij.com\/esp\/areas-practica\/derecho-fiscal\/#primaryimage"},"thumbnailUrl":"https:\/\/www.edtij.com\/esp\/wp-content\/uploads\/2020\/12\/phone-icon.png","datePublished":"2020-12-08T01:07:09+00:00","dateModified":"2025-05-11T17:47:12+00:00","description":"Asesor\u00eda tributaria en Panam\u00e1: planificaci\u00f3n fiscal estrat\u00e9gica para empresas, optimizaci\u00f3n de obligaciones y asistencia experta para maximizar los beneficios de los tratados de doble tributaci\u00f3n.","breadcrumb":{"@id":"https:\/\/www.edtij.com\/esp\/areas-practica\/derecho-fiscal\/#breadcrumb"},"inLanguage":"es","potentialAction":[{"@type":"ReadAction","target":["https:\/\/www.edtij.com\/esp\/areas-practica\/derecho-fiscal\/"]}]},{"@type":"ImageObject","inLanguage":"es","@id":"https:\/\/www.edtij.com\/esp\/areas-practica\/derecho-fiscal\/#primaryimage","url":"https:\/\/www.edtij.com\/esp\/wp-content\/uploads\/2020\/12\/phone-icon.png","contentUrl":"https:\/\/www.edtij.com\/esp\/wp-content\/uploads\/2020\/12\/phone-icon.png","width":82,"height":82},{"@type":"BreadcrumbList","@id":"https:\/\/www.edtij.com\/esp\/areas-practica\/derecho-fiscal\/#breadcrumb","itemListElement":[{"@type":"ListItem","position":1,"name":"Portada","item":"https:\/\/www.edtij.com\/esp\/"},{"@type":"ListItem","position":2,"name":"\u00c1reas de Pr\u00e1ctica","item":"https:\/\/www.edtij.com\/esp\/areas-practica\/"},{"@type":"ListItem","position":3,"name":"Derecho Fiscal"}]},{"@type":"WebSite","@id":"https:\/\/www.edtij.com\/esp\/#website","url":"https:\/\/www.edtij.com\/esp\/","name":"EDTIJ - Abogados en Panam\u00e1","description":"","potentialAction":[{"@type":"SearchAction","target":{"@type":"EntryPoint","urlTemplate":"https:\/\/www.edtij.com\/esp\/?s={search_term_string}"},"query-input":{"@type":"PropertyValueSpecification","valueRequired":true,"valueName":"search_term_string"}}],"inLanguage":"es"}]}},"_links":{"self":[{"href":"https:\/\/www.edtij.com\/esp\/wp-json\/wp\/v2\/pages\/558","targetHints":{"allow":["GET"]}}],"collection":[{"href":"https:\/\/www.edtij.com\/esp\/wp-json\/wp\/v2\/pages"}],"about":[{"href":"https:\/\/www.edtij.com\/esp\/wp-json\/wp\/v2\/types\/page"}],"author":[{"embeddable":true,"href":"https:\/\/www.edtij.com\/esp\/wp-json\/wp\/v2\/users\/1"}],"replies":[{"embeddable":true,"href":"https:\/\/www.edtij.com\/esp\/wp-json\/wp\/v2\/comments?post=558"}],"version-history":[{"count":5,"href":"https:\/\/www.edtij.com\/esp\/wp-json\/wp\/v2\/pages\/558\/revisions"}],"predecessor-version":[{"id":2714,"href":"https:\/\/www.edtij.com\/esp\/wp-json\/wp\/v2\/pages\/558\/revisions\/2714"}],"up":[{"embeddable":true,"href":"https:\/\/www.edtij.com\/esp\/wp-json\/wp\/v2\/pages\/15"}],"wp:attachment":[{"href":"https:\/\/www.edtij.com\/esp\/wp-json\/wp\/v2\/media?parent=558"}],"curies":[{"name":"wp","href":"https:\/\/api.w.org\/{rel}","templated":true}]}}