{"id":2598,"date":"2025-03-20T23:32:15","date_gmt":"2025-03-21T04:32:15","guid":{"rendered":"https:\/\/www.edtij.com\/esp\/?page_id=2598"},"modified":"2025-03-20T23:32:15","modified_gmt":"2025-03-21T04:32:15","slug":"diligencia-debida-y-cumplimiento","status":"publish","type":"page","link":"https:\/\/www.edtij.com\/esp\/diligencia-debida-y-cumplimiento\/","title":{"rendered":"Diligencia Debida y Cumplimiento"},"content":{"rendered":"<p><img fetchpriority=\"high\" decoding=\"async\" class=\"size-medium wp-image-2580 alignleft\" src=\"https:\/\/www.edtij.com\/esp\/wp-content\/uploads\/2025\/01\/compliance-300x300.png\" alt=\"\" width=\"300\" height=\"300\" srcset=\"https:\/\/www.edtij.com\/esp\/wp-content\/uploads\/2025\/01\/compliance-300x300.png 300w, https:\/\/www.edtij.com\/esp\/wp-content\/uploads\/2025\/01\/compliance-150x150.png 150w, https:\/\/www.edtij.com\/esp\/wp-content\/uploads\/2025\/01\/compliance-768x768.png 768w, https:\/\/www.edtij.com\/esp\/wp-content\/uploads\/2025\/01\/compliance.png 1024w\" sizes=\"(max-width: 300px) 100vw, 300px\" \/><\/p>\n<p data-start=\"0\" data-end=\"46\"><strong data-start=\"0\" data-end=\"46\">Diligencia Debida y Cumplimiento en Panam\u00e1<\/strong><\/p>\n<p style=\"text-align: justify;\" data-start=\"48\" data-end=\"687\">En un entorno regulatorio global cada vez m\u00e1s exigente, la <strong data-start=\"107\" data-end=\"156\">diligencia debida y el cumplimiento normativo<\/strong> son pilares esenciales para operar de forma \u00e9tica, transparente y sostenible. En Panam\u00e1, este marco est\u00e1 regulado principalmente por la <strong data-start=\"293\" data-end=\"311\">Ley 23 de 2015<\/strong>, que establece medidas para prevenir el blanqueo de capitales, el financiamiento del terrorismo y la proliferaci\u00f3n de armas de destrucci\u00f3n masiva. Esta ley es complementada por m\u00faltiples resoluciones y acuerdos emitidos por la <strong data-start=\"539\" data-end=\"592\">Superintendencia de Sujetos No Financieros (SSNF)<\/strong>, la <strong data-start=\"597\" data-end=\"640\">Superintendencia del Mercado de Valores<\/strong>, y la <strong data-start=\"647\" data-end=\"686\">Unidad de An\u00e1lisis Financiero (UAF)<\/strong>.<\/p>\n<p style=\"text-align: justify;\" data-start=\"689\" data-end=\"1212\">Las obligaciones de <strong data-start=\"709\" data-end=\"739\">conozca a su cliente (KYC)<\/strong> en Panam\u00e1 incluyen la <strong data-start=\"762\" data-end=\"848\">identificaci\u00f3n y verificaci\u00f3n de la identidad del cliente y del beneficiario final<\/strong>, la <strong data-start=\"853\" data-end=\"888\">evaluaci\u00f3n del perfil de riesgo<\/strong>, la <strong data-start=\"893\" data-end=\"938\">actualizaci\u00f3n peri\u00f3dica de la informaci\u00f3n<\/strong>, y el <strong data-start=\"945\" data-end=\"1013\">monitoreo continuo de las relaciones comerciales y transacciones<\/strong>. Adicionalmente, se exige el <strong data-start=\"1043\" data-end=\"1081\">reporte de operaciones sospechosas<\/strong>, el <strong data-start=\"1086\" data-end=\"1144\">mantenimiento de registros por un m\u00ednimo de cinco a\u00f1os<\/strong>, y la adopci\u00f3n de <strong data-start=\"1163\" data-end=\"1201\">pol\u00edticas internas de cumplimiento<\/strong> efectivas.<\/p>\n<p style=\"text-align: justify;\" data-start=\"1214\" data-end=\"1508\" data-is-last-node=\"\" data-is-only-node=\"\">En EDTIJ brindamos asesor\u00eda especializada en la implementaci\u00f3n de sistemas de cumplimiento normativo ajustados a la legislaci\u00f3n paname\u00f1a e internacional, permitiendo a nuestros clientes mitigar riesgos legales, proteger su reputaci\u00f3n y operar en conformidad con los m\u00e1s altos est\u00e1ndares \u00e9ticos.<\/p>\n<p data-start=\"1214\" data-end=\"1508\" data-is-last-node=\"\" data-is-only-node=\"\">Ponemos a disposici\u00f3n de nuestros clientes los documentos que deben ser completados y enviados a nosotros para iniciar una relaci\u00f3n comercial:<\/p>\n<ol>\n<li data-start=\"1214\" data-end=\"1508\"><a href=\"https:\/\/www.edtij.com\/esp\/wp-content\/uploads\/2025\/03\/Formulario-Diligencia-Debida-Entity-EDTIJ-FINAL-ENE24.pdf\">Formulario de Diligencia Debida &#8211; PERSONA JURIDICA &#8211; EDTIJ<\/a><\/li>\n<li data-start=\"1214\" data-end=\"1508\"><a href=\"https:\/\/www.edtij.com\/esp\/wp-content\/uploads\/2025\/03\/Formulario-Diligencia-Debida-PERSONA-NATURAL-EDTIJ-SEPTIEMBRE-2022.pdf\">Formulario Diligencia Debida- PERSONA NATURAL &#8211; EDTIJ SEPTIEMBRE 2022<\/a><\/li>\n<li data-start=\"1214\" data-end=\"1508\"><a href=\"https:\/\/www.edtij.com\/esp\/wp-content\/uploads\/2025\/03\/Convenio-de-Representacion-Agente-Residente-Sociedad-Fundacion-2021.pdf\">Convenio de Representaci\u00f3n Agente Residente &#8211; Sociedad-Fundacion 2021<\/a><\/li>\n<li data-start=\"1214\" data-end=\"1508\"><a href=\"https:\/\/www.edtij.com\/esp\/wp-content\/uploads\/2025\/03\/Solicitud-de-Incorporacion-de-Fundacion-Interes-Privado-2021.pdf\">Solicitud de<\/a> <a href=\"https:\/\/www.edtij.com\/esp\/wp-content\/uploads\/2025\/03\/Solicitud-de-Incorporacion-de-Fundacion-Interes-Privado-2021.pdf\">Incorporaci\u00f3n de Fundacion Interes Privado &#8211; 2021<\/a><\/li>\n<li data-start=\"1214\" data-end=\"1508\"><a href=\"https:\/\/www.edtij.com\/esp\/wp-content\/uploads\/2025\/03\/Declaracion-Jurada-de-Beneficiarios-Finales-sociedad-2021.pdf\">Declaracion Jurada de Beneficiarios<\/a><a href=\"https:\/\/www.edtij.com\/esp\/wp-content\/uploads\/2025\/03\/Declaracion-Jurada-de-Beneficiarios-Finales-sociedad-2021.pdf\">Finales sociedad &#8211; 2021<\/a><\/li>\n<li data-start=\"1214\" data-end=\"1508\"><a href=\"https:\/\/www.edtij.com\/esp\/wp-content\/uploads\/2025\/03\/Declaracion-Jurada-de-Actividades-2021.pdf\">Declaracion Jurada de Actividades &#8211; 2021<\/a><\/li>\n<li data-start=\"1214\" data-end=\"1508\"><a href=\"https:\/\/www.edtij.com\/esp\/wp-content\/uploads\/2025\/03\/Declaracion-Jurada-de-Beneficiarios-Finales-Fundacion-2021.pdf\">Declaraci\u00f3n Jurada de Beneficiarios Finales &#8211; Fundacion 2021<\/a><\/li>\n<li data-start=\"1214\" data-end=\"1508\"><a href=\"https:\/\/www.edtij.com\/esp\/wp-content\/uploads\/2025\/03\/Declaracion-Jurada-de-Registros-Contables-2021.pdf\">Declaracion Jurada de Registros Contables &#8211; 2021<\/a><\/li>\n<li data-start=\"1214\" data-end=\"1508\"><a href=\"https:\/\/www.edtij.com\/esp\/wp-content\/uploads\/2025\/03\/Declaracion-Jurada-de-Uso-Licito-2021.pdf\">Declaraci\u00f3n Jurada de Uso Licito &#8211; 2021<\/a><\/li>\n<li data-start=\"1214\" data-end=\"1508\"><a href=\"https:\/\/www.edtij.com\/esp\/wp-content\/uploads\/2025\/03\/Solicitud-de-Incorporacion-de-Sociedad-2021.pdf\">Solicitud de Incorporaci\u00f3n de Sociedad &#8211; 2021<\/a><\/li>\n<\/ol>\n<p data-start=\"1214\" data-end=\"1508\" data-is-last-node=\"\" data-is-only-node=\"\">Todo beneficiario final de una persona jur\u00eddica, deber\u00e1 suministrarnos los siguientes documentos:<\/p>\n<p data-start=\"1214\" data-end=\"1508\" data-is-last-node=\"\" data-is-only-node=\"\">\u2751 Formulario de Diligencia Debida firmado<\/p>\n<p data-start=\"1214\" data-end=\"1508\" data-is-last-node=\"\" data-is-only-node=\"\">\u2751 Declaraci\u00f3n de Uso L\u00edcito<\/p>\n<p data-start=\"1214\" data-end=\"1508\" data-is-last-node=\"\" data-is-only-node=\"\">\u2751 Copia de la p\u00e1gina principal del pasaporte<\/p>\n<p data-start=\"1214\" data-end=\"1508\" data-is-last-node=\"\" data-is-only-node=\"\">\u2751\u00a0 Copia de segunda identificaci\u00f3n<\/p>\n<p data-start=\"1214\" data-end=\"1508\" data-is-last-node=\"\" data-is-only-node=\"\">\u2751 Copia de recibo de agua, luz, celular o telefono<\/p>\n<p data-start=\"1214\" data-end=\"1508\" data-is-last-node=\"\" data-is-only-node=\"\">\u2751 Refrencias bancarias y comerciales<\/p>\n<p data-start=\"1214\" data-end=\"1508\" data-is-last-node=\"\" data-is-only-node=\"\">En caso de Beneficiarios Finales Persona Jur\u00eddica, adicional a lo anterior tambi\u00e9n deber\u00e1 proporciona:<\/p>\n<p data-start=\"1214\" data-end=\"1508\" data-is-last-node=\"\" data-is-only-node=\"\">\u2751\u00a0 Certificado de Incorporaci\u00f3n<\/p>\n<p data-start=\"1214\" data-end=\"1508\" data-is-last-node=\"\" data-is-only-node=\"\">\u2751 Registros Contables y\/o Estados Financieros<\/p>\n","protected":false},"excerpt":{"rendered":"<p>Diligencia Debida y Cumplimiento en Panam\u00e1 En un entorno regulatorio global cada vez m\u00e1s exigente, la diligencia debida y el cumplimiento normativo son pilares esenciales para operar de forma \u00e9tica, transparente y sostenible. En Panam\u00e1, este marco est\u00e1 regulado principalmente por la Ley 23 de 2015, que establece medidas para prevenir el blanqueo de capitales, [&hellip;]<\/p>\n","protected":false},"author":5,"featured_media":0,"parent":0,"menu_order":0,"comment_status":"closed","ping_status":"closed","template":"","meta":{"footnotes":""},"class_list":["post-2598","page","type-page","status-publish","hentry"],"yoast_head":"<!-- This site is optimized with the Yoast SEO plugin v27.4 - https:\/\/yoast.com\/product\/yoast-seo-wordpress\/ -->\n<title>Diligencia Debida y Cumplimiento - EDTIJ - Abogados en Panam\u00e1<\/title>\n<meta name=\"description\" content=\"Descubre c\u00f3mo cumplir con las normas de diligencia debida y KYC en Panam\u00e1. Asesor\u00eda legal experta en cumplimiento normativo, Ley 23 de 2015 y prevenci\u00f3n de riesgos legales\" \/>\n<meta name=\"robots\" content=\"index, follow, max-snippet:-1, max-image-preview:large, max-video-preview:-1\" \/>\n<link rel=\"canonical\" href=\"https:\/\/www.edtij.com\/esp\/diligencia-debida-y-cumplimiento\/\" \/>\n<meta property=\"og:locale\" content=\"es_ES\" \/>\n<meta property=\"og:type\" content=\"article\" \/>\n<meta property=\"og:title\" content=\"Diligencia Debida y Cumplimiento - EDTIJ - Abogados en Panam\u00e1\" \/>\n<meta property=\"og:description\" content=\"Descubre c\u00f3mo cumplir con las normas de diligencia debida y KYC en Panam\u00e1. Asesor\u00eda legal experta en cumplimiento normativo, Ley 23 de 2015 y prevenci\u00f3n de riesgos legales\" \/>\n<meta property=\"og:url\" content=\"https:\/\/www.edtij.com\/esp\/diligencia-debida-y-cumplimiento\/\" \/>\n<meta property=\"og:site_name\" content=\"EDTIJ - Abogados en Panam\u00e1\" \/>\n<meta property=\"og:image\" content=\"https:\/\/www.edtij.com\/esp\/wp-content\/uploads\/2025\/01\/compliance.png\" \/>\n\t<meta property=\"og:image:width\" content=\"1024\" \/>\n\t<meta property=\"og:image:height\" content=\"1024\" \/>\n\t<meta property=\"og:image:type\" content=\"image\/png\" \/>\n<meta name=\"twitter:card\" content=\"summary_large_image\" \/>\n<meta name=\"twitter:label1\" content=\"Tiempo de lectura\" \/>\n\t<meta name=\"twitter:data1\" content=\"2 minutos\" \/>\n<script type=\"application\/ld+json\" class=\"yoast-schema-graph\">{\"@context\":\"https:\\\/\\\/schema.org\",\"@graph\":[{\"@type\":\"WebPage\",\"@id\":\"https:\\\/\\\/www.edtij.com\\\/esp\\\/diligencia-debida-y-cumplimiento\\\/\",\"url\":\"https:\\\/\\\/www.edtij.com\\\/esp\\\/diligencia-debida-y-cumplimiento\\\/\",\"name\":\"Diligencia Debida y Cumplimiento - EDTIJ - Abogados en Panam\u00e1\",\"isPartOf\":{\"@id\":\"https:\\\/\\\/www.edtij.com\\\/esp\\\/#website\"},\"primaryImageOfPage\":{\"@id\":\"https:\\\/\\\/www.edtij.com\\\/esp\\\/diligencia-debida-y-cumplimiento\\\/#primaryimage\"},\"image\":{\"@id\":\"https:\\\/\\\/www.edtij.com\\\/esp\\\/diligencia-debida-y-cumplimiento\\\/#primaryimage\"},\"thumbnailUrl\":\"https:\\\/\\\/www.edtij.com\\\/esp\\\/wp-content\\\/uploads\\\/2025\\\/01\\\/compliance-300x300.png\",\"datePublished\":\"2025-03-21T04:32:15+00:00\",\"description\":\"Descubre c\u00f3mo cumplir con las normas de diligencia debida y KYC en Panam\u00e1. Asesor\u00eda legal experta en cumplimiento normativo, Ley 23 de 2015 y prevenci\u00f3n de riesgos legales\",\"breadcrumb\":{\"@id\":\"https:\\\/\\\/www.edtij.com\\\/esp\\\/diligencia-debida-y-cumplimiento\\\/#breadcrumb\"},\"inLanguage\":\"es\",\"potentialAction\":[{\"@type\":\"ReadAction\",\"target\":[\"https:\\\/\\\/www.edtij.com\\\/esp\\\/diligencia-debida-y-cumplimiento\\\/\"]}]},{\"@type\":\"ImageObject\",\"inLanguage\":\"es\",\"@id\":\"https:\\\/\\\/www.edtij.com\\\/esp\\\/diligencia-debida-y-cumplimiento\\\/#primaryimage\",\"url\":\"https:\\\/\\\/www.edtij.com\\\/esp\\\/wp-content\\\/uploads\\\/2025\\\/01\\\/compliance.png\",\"contentUrl\":\"https:\\\/\\\/www.edtij.com\\\/esp\\\/wp-content\\\/uploads\\\/2025\\\/01\\\/compliance.png\",\"width\":1024,\"height\":1024},{\"@type\":\"BreadcrumbList\",\"@id\":\"https:\\\/\\\/www.edtij.com\\\/esp\\\/diligencia-debida-y-cumplimiento\\\/#breadcrumb\",\"itemListElement\":[{\"@type\":\"ListItem\",\"position\":1,\"name\":\"Portada\",\"item\":\"https:\\\/\\\/www.edtij.com\\\/esp\\\/\"},{\"@type\":\"ListItem\",\"position\":2,\"name\":\"Diligencia Debida y Cumplimiento\"}]},{\"@type\":\"WebSite\",\"@id\":\"https:\\\/\\\/www.edtij.com\\\/esp\\\/#website\",\"url\":\"https:\\\/\\\/www.edtij.com\\\/esp\\\/\",\"name\":\"EDTIJ - Abogados en Panam\u00e1\",\"description\":\"\",\"potentialAction\":[{\"@type\":\"SearchAction\",\"target\":{\"@type\":\"EntryPoint\",\"urlTemplate\":\"https:\\\/\\\/www.edtij.com\\\/esp\\\/?s={search_term_string}\"},\"query-input\":{\"@type\":\"PropertyValueSpecification\",\"valueRequired\":true,\"valueName\":\"search_term_string\"}}],\"inLanguage\":\"es\"}]}<\/script>\n<!-- \/ Yoast SEO plugin. -->","yoast_head_json":{"title":"Diligencia Debida y Cumplimiento - EDTIJ - Abogados en Panam\u00e1","description":"Descubre c\u00f3mo cumplir con las normas de diligencia debida y KYC en Panam\u00e1. Asesor\u00eda legal experta en cumplimiento normativo, Ley 23 de 2015 y prevenci\u00f3n de riesgos legales","robots":{"index":"index","follow":"follow","max-snippet":"max-snippet:-1","max-image-preview":"max-image-preview:large","max-video-preview":"max-video-preview:-1"},"canonical":"https:\/\/www.edtij.com\/esp\/diligencia-debida-y-cumplimiento\/","og_locale":"es_ES","og_type":"article","og_title":"Diligencia Debida y Cumplimiento - EDTIJ - Abogados en Panam\u00e1","og_description":"Descubre c\u00f3mo cumplir con las normas de diligencia debida y KYC en Panam\u00e1. Asesor\u00eda legal experta en cumplimiento normativo, Ley 23 de 2015 y prevenci\u00f3n de riesgos legales","og_url":"https:\/\/www.edtij.com\/esp\/diligencia-debida-y-cumplimiento\/","og_site_name":"EDTIJ - Abogados en Panam\u00e1","og_image":[{"width":1024,"height":1024,"url":"https:\/\/www.edtij.com\/esp\/wp-content\/uploads\/2025\/01\/compliance.png","type":"image\/png"}],"twitter_card":"summary_large_image","twitter_misc":{"Tiempo de lectura":"2 minutos"},"schema":{"@context":"https:\/\/schema.org","@graph":[{"@type":"WebPage","@id":"https:\/\/www.edtij.com\/esp\/diligencia-debida-y-cumplimiento\/","url":"https:\/\/www.edtij.com\/esp\/diligencia-debida-y-cumplimiento\/","name":"Diligencia Debida y Cumplimiento - EDTIJ - Abogados en Panam\u00e1","isPartOf":{"@id":"https:\/\/www.edtij.com\/esp\/#website"},"primaryImageOfPage":{"@id":"https:\/\/www.edtij.com\/esp\/diligencia-debida-y-cumplimiento\/#primaryimage"},"image":{"@id":"https:\/\/www.edtij.com\/esp\/diligencia-debida-y-cumplimiento\/#primaryimage"},"thumbnailUrl":"https:\/\/www.edtij.com\/esp\/wp-content\/uploads\/2025\/01\/compliance-300x300.png","datePublished":"2025-03-21T04:32:15+00:00","description":"Descubre c\u00f3mo cumplir con las normas de diligencia debida y KYC en Panam\u00e1. Asesor\u00eda legal experta en cumplimiento normativo, Ley 23 de 2015 y prevenci\u00f3n de riesgos legales","breadcrumb":{"@id":"https:\/\/www.edtij.com\/esp\/diligencia-debida-y-cumplimiento\/#breadcrumb"},"inLanguage":"es","potentialAction":[{"@type":"ReadAction","target":["https:\/\/www.edtij.com\/esp\/diligencia-debida-y-cumplimiento\/"]}]},{"@type":"ImageObject","inLanguage":"es","@id":"https:\/\/www.edtij.com\/esp\/diligencia-debida-y-cumplimiento\/#primaryimage","url":"https:\/\/www.edtij.com\/esp\/wp-content\/uploads\/2025\/01\/compliance.png","contentUrl":"https:\/\/www.edtij.com\/esp\/wp-content\/uploads\/2025\/01\/compliance.png","width":1024,"height":1024},{"@type":"BreadcrumbList","@id":"https:\/\/www.edtij.com\/esp\/diligencia-debida-y-cumplimiento\/#breadcrumb","itemListElement":[{"@type":"ListItem","position":1,"name":"Portada","item":"https:\/\/www.edtij.com\/esp\/"},{"@type":"ListItem","position":2,"name":"Diligencia Debida y Cumplimiento"}]},{"@type":"WebSite","@id":"https:\/\/www.edtij.com\/esp\/#website","url":"https:\/\/www.edtij.com\/esp\/","name":"EDTIJ - Abogados en Panam\u00e1","description":"","potentialAction":[{"@type":"SearchAction","target":{"@type":"EntryPoint","urlTemplate":"https:\/\/www.edtij.com\/esp\/?s={search_term_string}"},"query-input":{"@type":"PropertyValueSpecification","valueRequired":true,"valueName":"search_term_string"}}],"inLanguage":"es"}]}},"_links":{"self":[{"href":"https:\/\/www.edtij.com\/esp\/wp-json\/wp\/v2\/pages\/2598","targetHints":{"allow":["GET"]}}],"collection":[{"href":"https:\/\/www.edtij.com\/esp\/wp-json\/wp\/v2\/pages"}],"about":[{"href":"https:\/\/www.edtij.com\/esp\/wp-json\/wp\/v2\/types\/page"}],"author":[{"embeddable":true,"href":"https:\/\/www.edtij.com\/esp\/wp-json\/wp\/v2\/users\/5"}],"replies":[{"embeddable":true,"href":"https:\/\/www.edtij.com\/esp\/wp-json\/wp\/v2\/comments?post=2598"}],"version-history":[{"count":2,"href":"https:\/\/www.edtij.com\/esp\/wp-json\/wp\/v2\/pages\/2598\/revisions"}],"predecessor-version":[{"id":2613,"href":"https:\/\/www.edtij.com\/esp\/wp-json\/wp\/v2\/pages\/2598\/revisions\/2613"}],"wp:attachment":[{"href":"https:\/\/www.edtij.com\/esp\/wp-json\/wp\/v2\/media?parent=2598"}],"curies":[{"name":"wp","href":"https:\/\/api.w.org\/{rel}","templated":true}]}}