{"id":1777,"date":"2021-10-14T11:27:10","date_gmt":"2021-10-14T16:27:10","guid":{"rendered":"https:\/\/www.edtij.com\/esp\/?page_id=1777"},"modified":"2021-10-17T17:39:36","modified_gmt":"2021-10-17T22:39:36","slug":"marisel-jurado","status":"publish","type":"page","link":"https:\/\/www.edtij.com\/esp\/marisel-jurado\/","title":{"rendered":"Marisel Jurado"},"content":{"rendered":"\t\t<div data-elementor-type=\"wp-page\" data-elementor-id=\"1777\" class=\"elementor elementor-1777\">\n\t\t\t\t\t\t<section class=\"elementor-section elementor-top-section elementor-element elementor-element-1ba165f2 elementor-reverse-mobile elementor-section-boxed elementor-section-height-default elementor-section-height-default\" data-id=\"1ba165f2\" data-element_type=\"section\" data-e-type=\"section\">\n\t\t\t\t\t\t<div class=\"elementor-container elementor-column-gap-default\">\n\t\t\t\t\t<div class=\"elementor-column elementor-col-50 elementor-top-column elementor-element elementor-element-3164207a\" data-id=\"3164207a\" data-element_type=\"column\" data-e-type=\"column\">\n\t\t\t<div class=\"elementor-widget-wrap elementor-element-populated\">\n\t\t\t\t\t\t<div class=\"elementor-element elementor-element-2d484c9f elementor-widget elementor-widget-image\" data-id=\"2d484c9f\" data-element_type=\"widget\" data-e-type=\"widget\" data-widget_type=\"image.default\">\n\t\t\t\t<div class=\"elementor-widget-container\">\n\t\t\t\t\t\t\t\t\t\t\t\t\t\t\t<img fetchpriority=\"high\" decoding=\"async\" width=\"391\" height=\"539\" src=\"https:\/\/www.edtij.com\/esp\/wp-content\/uploads\/2021\/10\/perfil_jurado.jpg\" class=\"attachment-full size-full wp-image-1780\" alt=\"\" srcset=\"https:\/\/www.edtij.com\/esp\/wp-content\/uploads\/2021\/10\/perfil_jurado.jpg 391w, https:\/\/www.edtij.com\/esp\/wp-content\/uploads\/2021\/10\/perfil_jurado-218x300.jpg 218w\" sizes=\"(max-width: 391px) 100vw, 391px\" \/>\t\t\t\t\t\t\t\t\t\t\t\t\t\t\t<\/div>\n\t\t\t\t<\/div>\n\t\t\t\t\t<\/div>\n\t\t<\/div>\n\t\t\t\t<div class=\"elementor-column elementor-col-50 elementor-top-column elementor-element elementor-element-9c6fec4\" data-id=\"9c6fec4\" data-element_type=\"column\" data-e-type=\"column\">\n\t\t\t<div class=\"elementor-widget-wrap elementor-element-populated\">\n\t\t\t\t\t\t<div class=\"elementor-element elementor-element-3236f07 elementor-widget elementor-widget-heading\" data-id=\"3236f07\" data-element_type=\"widget\" data-e-type=\"widget\" data-widget_type=\"heading.default\">\n\t\t\t\t<div class=\"elementor-widget-container\">\n\t\t\t\t\t<h2 class=\"elementor-heading-title elementor-size-default\">Marisel Jurado<\/h2>\t\t\t\t<\/div>\n\t\t\t\t<\/div>\n\t\t\t\t<div class=\"elementor-element elementor-element-3adebd74 elementor-widget elementor-widget-heading\" data-id=\"3adebd74\" data-element_type=\"widget\" data-e-type=\"widget\" data-widget_type=\"heading.default\">\n\t\t\t\t<div class=\"elementor-widget-container\">\n\t\t\t\t\t<div class=\"elementor-heading-title elementor-size-default\">Abogada<\/div>\t\t\t\t<\/div>\n\t\t\t\t<\/div>\n\t\t\t\t<div class=\"elementor-element elementor-element-39c6c400 elementor-widget elementor-widget-text-editor\" data-id=\"39c6c400\" data-element_type=\"widget\" data-e-type=\"widget\" data-widget_type=\"text-editor.default\">\n\t\t\t\t<div class=\"elementor-widget-container\">\n\t\t\t\t\t\t\t\t\t<p lang=\"es-ES\" style=\"text-align: justify;\">Egresada de la Universidad Santa Mar\u00eda La Antigua en 1998 con un t\u00edtulo en Derecho y Ciencias Pol\u00edticas. En el 2000, se gradu\u00f3 con honores \u201cCum Laude\u201d del Postgrado en \u201cStrategic Management\u201d de la Universidad Latinoamericana de Ciencias y Tecnolog\u00eda (ULACIT); y con honores \u201cSumma Cum Laude Probatus\u201d de la Maestr\u00eda en Administraci\u00f3n de Empresas Biling\u00fce de la ULACIT. En el 2007, termin\u00f3 estudios en la ULACIT de Maestr\u00eda en Contabilidad y Auditor\u00eda, con menci\u00f3n honor\u00edfico \u201cPalma Acad\u00e9mica\u201d.<\/p>\n<p style=\"text-align: justify;\">Dentro de los programas destacados en los que ha participado est\u00e1n: Diplomado en Negociaciones Internacionales de la Universidad de Santiago de Chile en el 2000, Programa Intensivo de Negociaci\u00f3n en materia de Inversiones de la Universidad de Lima, Per\u00fa; y entrenamiento intensivo en Negociaciones Internacionales de la Universidad de Georgetown, en Washington D.C. (2002).<\/p>\t\t\t\t\t\t\t\t<\/div>\n\t\t\t\t<\/div>\n\t\t\t\t\t<\/div>\n\t\t<\/div>\n\t\t\t\t\t<\/div>\n\t\t<\/section>\n\t\t\t\t<section class=\"elementor-section elementor-top-section elementor-element elementor-element-6b7e837c elementor-section-boxed elementor-section-height-default elementor-section-height-default\" data-id=\"6b7e837c\" data-element_type=\"section\" data-e-type=\"section\">\n\t\t\t\t\t\t<div class=\"elementor-container elementor-column-gap-default\">\n\t\t\t\t\t<div class=\"elementor-column elementor-col-100 elementor-top-column elementor-element elementor-element-515c6c6f\" data-id=\"515c6c6f\" data-element_type=\"column\" data-e-type=\"column\">\n\t\t\t<div class=\"elementor-widget-wrap elementor-element-populated\">\n\t\t\t\t\t\t<div class=\"elementor-element elementor-element-265a191b elementor-widget elementor-widget-heading\" data-id=\"265a191b\" data-element_type=\"widget\" data-e-type=\"widget\" data-widget_type=\"heading.default\">\n\t\t\t\t<div class=\"elementor-widget-container\">\n\t\t\t\t\t<h2 class=\"elementor-heading-title elementor-size-default\">Asesor\u00eda de calidad y \u00e9tica profesional<\/h2>\t\t\t\t<\/div>\n\t\t\t\t<\/div>\n\t\t\t\t<div class=\"elementor-element elementor-element-39a71195 elementor-widget elementor-widget-text-editor\" data-id=\"39a71195\" data-element_type=\"widget\" data-e-type=\"widget\" data-widget_type=\"text-editor.default\">\n\t\t\t\t<div class=\"elementor-widget-container\">\n\t\t\t\t\t\t\t\t\t<p lang=\"es-ES\" style=\"text-align: justify;\">Ha ocupado importantes cargos en el sector p\u00fablico, brindando asesor\u00eda a ministros y viceministros del Gobierno de Panam\u00e1, en materia de Negociaciones Internacionales y Comercio Exterior. Trabaj\u00f3 en la Comisi\u00f3n Nacional para la Promoci\u00f3n de Inversiones Extranjeras (PRO-PANAMA) en el a\u00f1o 1997. Fue negociadora por Panam\u00e1 de los tratados de libre comercio y los acuerdos de promoci\u00f3n y protecci\u00f3n de inversiones extranjeras.<\/p>\n<p style=\"text-align: justify;\">Ha sido consultora para diferentes agencias gubernamentales y ONG\u00b4s, entre las m\u00e1s destacadas la elaboraci\u00f3n de la Estrategia Nacional del Gobierno de Panam\u00e1 para el Programa de \u201cFortalecimiento de la Capacidad Comercial\u201d (Trade Capacity Building Program) del Acuerdo de Promoci\u00f3n Comercial entre Panam\u00e1 y los Estados Unidos. Es Miembro del Colegio Nacional de Abogados. Se especializa en transacciones comerciales y bancarias relacionadas con la compraventa de bienes, Derecho Procesal y Derecho Civil.\u00a0 Del mismo modo, es consultora en materia de negociaci\u00f3n, administraci\u00f3n y aplicaci\u00f3n de \u00a0Tratados de Libre Comercio y Comercio Exterior.<\/p>\n<p lang=\"es-ES\" style=\"text-align: center;\">.<\/p>\t\t\t\t\t\t\t\t<\/div>\n\t\t\t\t<\/div>\n\t\t\t\t\t<\/div>\n\t\t<\/div>\n\t\t\t\t\t<\/div>\n\t\t<\/section>\n\t\t\t\t<section class=\"elementor-section elementor-top-section elementor-element elementor-element-5a4e601c elementor-section-content-middle elementor-section-boxed elementor-section-height-default elementor-section-height-default\" data-id=\"5a4e601c\" data-element_type=\"section\" data-e-type=\"section\" data-settings=\"{&quot;background_background&quot;:&quot;classic&quot;}\">\n\t\t\t\t\t\t\t<div class=\"elementor-background-overlay\"><\/div>\n\t\t\t\t\t\t\t<div class=\"elementor-container elementor-column-gap-default\">\n\t\t\t\t\t<div class=\"elementor-column elementor-col-50 elementor-top-column elementor-element elementor-element-2b429592\" data-id=\"2b429592\" data-element_type=\"column\" data-e-type=\"column\">\n\t\t\t<div class=\"elementor-widget-wrap elementor-element-populated\">\n\t\t\t\t\t\t<div class=\"elementor-element elementor-element-67491d3c elementor-widget elementor-widget-heading\" data-id=\"67491d3c\" data-element_type=\"widget\" data-e-type=\"widget\" data-widget_type=\"heading.default\">\n\t\t\t\t<div class=\"elementor-widget-container\">\n\t\t\t\t\t<h2 class=\"elementor-heading-title elementor-size-default\">Programe una consulta <\/h2>\t\t\t\t<\/div>\n\t\t\t\t<\/div>\n\t\t\t\t\t<\/div>\n\t\t<\/div>\n\t\t\t\t<div class=\"elementor-column elementor-col-50 elementor-top-column elementor-element elementor-element-556c5f8c\" data-id=\"556c5f8c\" data-element_type=\"column\" data-e-type=\"column\">\n\t\t\t<div class=\"elementor-widget-wrap elementor-element-populated\">\n\t\t\t\t\t\t<div class=\"elementor-element elementor-element-718a571d elementor-align-right elementor-mobile-align-center elementor-widget elementor-widget-button\" data-id=\"718a571d\" data-element_type=\"widget\" data-e-type=\"widget\" data-widget_type=\"button.default\">\n\t\t\t\t<div class=\"elementor-widget-container\">\n\t\t\t\t\t\t\t\t\t<div class=\"elementor-button-wrapper\">\n\t\t\t\t\t<a class=\"elementor-button elementor-button-link elementor-size-sm\" href=\"https:\/\/www.edtij.com\/esp\/contactenos\/\">\n\t\t\t\t\t\t<span class=\"elementor-button-content-wrapper\">\n\t\t\t\t\t\t\t\t\t<span class=\"elementor-button-text\">Cont\u00e1ctenos<\/span>\n\t\t\t\t\t<\/span>\n\t\t\t\t\t<\/a>\n\t\t\t\t<\/div>\n\t\t\t\t\t\t\t\t<\/div>\n\t\t\t\t<\/div>\n\t\t\t\t\t<\/div>\n\t\t<\/div>\n\t\t\t\t\t<\/div>\n\t\t<\/section>\n\t\t\t\t<\/div>\n\t\t","protected":false},"excerpt":{"rendered":"<p>Marisel Jurado Abogada Egresada de la Universidad Santa Mar\u00eda La Antigua en 1998 con un t\u00edtulo en Derecho y Ciencias Pol\u00edticas. En el 2000, se gradu\u00f3 con honores \u201cCum Laude\u201d del Postgrado en \u201cStrategic Management\u201d de la Universidad Latinoamericana de Ciencias y Tecnolog\u00eda (ULACIT); y con honores \u201cSumma Cum Laude Probatus\u201d de la Maestr\u00eda en [&hellip;]<\/p>\n","protected":false},"author":1,"featured_media":0,"parent":0,"menu_order":0,"comment_status":"closed","ping_status":"closed","template":"","meta":{"_joinchat":[],"footnotes":""},"class_list":["post-1777","page","type-page","status-publish","hentry"],"yoast_head":"<!-- This site is optimized with the Yoast SEO plugin v27.4 - https:\/\/yoast.com\/product\/yoast-seo-wordpress\/ -->\n<title>Marisel Jurado - EDTIJ - Abogados en Panam\u00e1<\/title>\n<meta name=\"robots\" content=\"index, follow, max-snippet:-1, max-image-preview:large, max-video-preview:-1\" \/>\n<link rel=\"canonical\" href=\"https:\/\/www.edtij.com\/esp\/marisel-jurado\/\" \/>\n<meta property=\"og:locale\" content=\"es_ES\" \/>\n<meta property=\"og:type\" content=\"article\" \/>\n<meta property=\"og:title\" content=\"Marisel Jurado - EDTIJ - Abogados en Panam\u00e1\" \/>\n<meta property=\"og:description\" content=\"Marisel Jurado Abogada Egresada de la Universidad Santa Mar\u00eda La Antigua en 1998 con un t\u00edtulo en Derecho y Ciencias Pol\u00edticas. En el 2000, se gradu\u00f3 con honores \u201cCum Laude\u201d del Postgrado en \u201cStrategic Management\u201d de la Universidad Latinoamericana de Ciencias y Tecnolog\u00eda (ULACIT); y con honores \u201cSumma Cum Laude Probatus\u201d de la Maestr\u00eda en [&hellip;]\" \/>\n<meta property=\"og:url\" content=\"https:\/\/www.edtij.com\/esp\/marisel-jurado\/\" \/>\n<meta property=\"og:site_name\" content=\"EDTIJ - Abogados en Panam\u00e1\" \/>\n<meta property=\"article:modified_time\" content=\"2021-10-17T22:39:36+00:00\" \/>\n<meta property=\"og:image\" content=\"https:\/\/www.edtij.com\/esp\/wp-content\/uploads\/2021\/10\/perfil_jurado.jpg\" \/>\n<meta name=\"twitter:card\" content=\"summary_large_image\" \/>\n<meta name=\"twitter:label1\" content=\"Tiempo de lectura\" \/>\n\t<meta name=\"twitter:data1\" content=\"2 minutos\" \/>\n<script type=\"application\/ld+json\" class=\"yoast-schema-graph\">{\"@context\":\"https:\\\/\\\/schema.org\",\"@graph\":[{\"@type\":\"WebPage\",\"@id\":\"https:\\\/\\\/www.edtij.com\\\/esp\\\/marisel-jurado\\\/\",\"url\":\"https:\\\/\\\/www.edtij.com\\\/esp\\\/marisel-jurado\\\/\",\"name\":\"Marisel Jurado - EDTIJ - Abogados en Panam\u00e1\",\"isPartOf\":{\"@id\":\"https:\\\/\\\/www.edtij.com\\\/esp\\\/#website\"},\"primaryImageOfPage\":{\"@id\":\"https:\\\/\\\/www.edtij.com\\\/esp\\\/marisel-jurado\\\/#primaryimage\"},\"image\":{\"@id\":\"https:\\\/\\\/www.edtij.com\\\/esp\\\/marisel-jurado\\\/#primaryimage\"},\"thumbnailUrl\":\"https:\\\/\\\/www.edtij.com\\\/esp\\\/wp-content\\\/uploads\\\/2021\\\/10\\\/perfil_jurado.jpg\",\"datePublished\":\"2021-10-14T16:27:10+00:00\",\"dateModified\":\"2021-10-17T22:39:36+00:00\",\"breadcrumb\":{\"@id\":\"https:\\\/\\\/www.edtij.com\\\/esp\\\/marisel-jurado\\\/#breadcrumb\"},\"inLanguage\":\"es\",\"potentialAction\":[{\"@type\":\"ReadAction\",\"target\":[\"https:\\\/\\\/www.edtij.com\\\/esp\\\/marisel-jurado\\\/\"]}]},{\"@type\":\"ImageObject\",\"inLanguage\":\"es\",\"@id\":\"https:\\\/\\\/www.edtij.com\\\/esp\\\/marisel-jurado\\\/#primaryimage\",\"url\":\"https:\\\/\\\/www.edtij.com\\\/esp\\\/wp-content\\\/uploads\\\/2021\\\/10\\\/perfil_jurado.jpg\",\"contentUrl\":\"https:\\\/\\\/www.edtij.com\\\/esp\\\/wp-content\\\/uploads\\\/2021\\\/10\\\/perfil_jurado.jpg\",\"width\":391,\"height\":539},{\"@type\":\"BreadcrumbList\",\"@id\":\"https:\\\/\\\/www.edtij.com\\\/esp\\\/marisel-jurado\\\/#breadcrumb\",\"itemListElement\":[{\"@type\":\"ListItem\",\"position\":1,\"name\":\"Portada\",\"item\":\"https:\\\/\\\/www.edtij.com\\\/esp\\\/\"},{\"@type\":\"ListItem\",\"position\":2,\"name\":\"Marisel Jurado\"}]},{\"@type\":\"WebSite\",\"@id\":\"https:\\\/\\\/www.edtij.com\\\/esp\\\/#website\",\"url\":\"https:\\\/\\\/www.edtij.com\\\/esp\\\/\",\"name\":\"EDTIJ - Abogados en Panam\u00e1\",\"description\":\"\",\"potentialAction\":[{\"@type\":\"SearchAction\",\"target\":{\"@type\":\"EntryPoint\",\"urlTemplate\":\"https:\\\/\\\/www.edtij.com\\\/esp\\\/?s={search_term_string}\"},\"query-input\":{\"@type\":\"PropertyValueSpecification\",\"valueRequired\":true,\"valueName\":\"search_term_string\"}}],\"inLanguage\":\"es\"}]}<\/script>\n<!-- \/ Yoast SEO plugin. -->","yoast_head_json":{"title":"Marisel Jurado - EDTIJ - Abogados en Panam\u00e1","robots":{"index":"index","follow":"follow","max-snippet":"max-snippet:-1","max-image-preview":"max-image-preview:large","max-video-preview":"max-video-preview:-1"},"canonical":"https:\/\/www.edtij.com\/esp\/marisel-jurado\/","og_locale":"es_ES","og_type":"article","og_title":"Marisel Jurado - EDTIJ - Abogados en Panam\u00e1","og_description":"Marisel Jurado Abogada Egresada de la Universidad Santa Mar\u00eda La Antigua en 1998 con un t\u00edtulo en Derecho y Ciencias Pol\u00edticas. En el 2000, se gradu\u00f3 con honores \u201cCum Laude\u201d del Postgrado en \u201cStrategic Management\u201d de la Universidad Latinoamericana de Ciencias y Tecnolog\u00eda (ULACIT); y con honores \u201cSumma Cum Laude Probatus\u201d de la Maestr\u00eda en [&hellip;]","og_url":"https:\/\/www.edtij.com\/esp\/marisel-jurado\/","og_site_name":"EDTIJ - Abogados en Panam\u00e1","article_modified_time":"2021-10-17T22:39:36+00:00","og_image":[{"url":"https:\/\/www.edtij.com\/esp\/wp-content\/uploads\/2021\/10\/perfil_jurado.jpg","type":"","width":"","height":""}],"twitter_card":"summary_large_image","twitter_misc":{"Tiempo de lectura":"2 minutos"},"schema":{"@context":"https:\/\/schema.org","@graph":[{"@type":"WebPage","@id":"https:\/\/www.edtij.com\/esp\/marisel-jurado\/","url":"https:\/\/www.edtij.com\/esp\/marisel-jurado\/","name":"Marisel Jurado - EDTIJ - Abogados en Panam\u00e1","isPartOf":{"@id":"https:\/\/www.edtij.com\/esp\/#website"},"primaryImageOfPage":{"@id":"https:\/\/www.edtij.com\/esp\/marisel-jurado\/#primaryimage"},"image":{"@id":"https:\/\/www.edtij.com\/esp\/marisel-jurado\/#primaryimage"},"thumbnailUrl":"https:\/\/www.edtij.com\/esp\/wp-content\/uploads\/2021\/10\/perfil_jurado.jpg","datePublished":"2021-10-14T16:27:10+00:00","dateModified":"2021-10-17T22:39:36+00:00","breadcrumb":{"@id":"https:\/\/www.edtij.com\/esp\/marisel-jurado\/#breadcrumb"},"inLanguage":"es","potentialAction":[{"@type":"ReadAction","target":["https:\/\/www.edtij.com\/esp\/marisel-jurado\/"]}]},{"@type":"ImageObject","inLanguage":"es","@id":"https:\/\/www.edtij.com\/esp\/marisel-jurado\/#primaryimage","url":"https:\/\/www.edtij.com\/esp\/wp-content\/uploads\/2021\/10\/perfil_jurado.jpg","contentUrl":"https:\/\/www.edtij.com\/esp\/wp-content\/uploads\/2021\/10\/perfil_jurado.jpg","width":391,"height":539},{"@type":"BreadcrumbList","@id":"https:\/\/www.edtij.com\/esp\/marisel-jurado\/#breadcrumb","itemListElement":[{"@type":"ListItem","position":1,"name":"Portada","item":"https:\/\/www.edtij.com\/esp\/"},{"@type":"ListItem","position":2,"name":"Marisel Jurado"}]},{"@type":"WebSite","@id":"https:\/\/www.edtij.com\/esp\/#website","url":"https:\/\/www.edtij.com\/esp\/","name":"EDTIJ - Abogados en Panam\u00e1","description":"","potentialAction":[{"@type":"SearchAction","target":{"@type":"EntryPoint","urlTemplate":"https:\/\/www.edtij.com\/esp\/?s={search_term_string}"},"query-input":{"@type":"PropertyValueSpecification","valueRequired":true,"valueName":"search_term_string"}}],"inLanguage":"es"}]}},"_links":{"self":[{"href":"https:\/\/www.edtij.com\/esp\/wp-json\/wp\/v2\/pages\/1777","targetHints":{"allow":["GET"]}}],"collection":[{"href":"https:\/\/www.edtij.com\/esp\/wp-json\/wp\/v2\/pages"}],"about":[{"href":"https:\/\/www.edtij.com\/esp\/wp-json\/wp\/v2\/types\/page"}],"author":[{"embeddable":true,"href":"https:\/\/www.edtij.com\/esp\/wp-json\/wp\/v2\/users\/1"}],"replies":[{"embeddable":true,"href":"https:\/\/www.edtij.com\/esp\/wp-json\/wp\/v2\/comments?post=1777"}],"version-history":[{"count":0,"href":"https:\/\/www.edtij.com\/esp\/wp-json\/wp\/v2\/pages\/1777\/revisions"}],"wp:attachment":[{"href":"https:\/\/www.edtij.com\/esp\/wp-json\/wp\/v2\/media?parent=1777"}],"curies":[{"name":"wp","href":"https:\/\/api.w.org\/{rel}","templated":true}]}}