{"id":1770,"date":"2021-10-14T11:20:15","date_gmt":"2021-10-14T16:20:15","guid":{"rendered":"https:\/\/www.edtij.com\/esp\/?page_id=1770"},"modified":"2026-04-30T08:22:03","modified_gmt":"2026-04-30T13:22:03","slug":"maruquel-icaza","status":"publish","type":"page","link":"https:\/\/www.edtij.com\/esp\/maruquel-icaza\/","title":{"rendered":"Maruquel Icaza"},"content":{"rendered":"\t\t<div data-elementor-type=\"wp-page\" data-elementor-id=\"1770\" class=\"elementor elementor-1770\">\n\t\t\t\t\t\t<section class=\"elementor-section elementor-top-section elementor-element elementor-element-369f177f elementor-reverse-mobile elementor-section-boxed elementor-section-height-default elementor-section-height-default\" data-id=\"369f177f\" data-element_type=\"section\" data-e-type=\"section\">\n\t\t\t\t\t\t<div class=\"elementor-container elementor-column-gap-default\">\n\t\t\t\t\t<div class=\"elementor-column elementor-col-50 elementor-top-column elementor-element elementor-element-ca9c7dd\" data-id=\"ca9c7dd\" data-element_type=\"column\" data-e-type=\"column\">\n\t\t\t<div class=\"elementor-widget-wrap elementor-element-populated\">\n\t\t\t\t\t\t<div class=\"elementor-element elementor-element-158f9e7d elementor-widget elementor-widget-image\" data-id=\"158f9e7d\" data-element_type=\"widget\" data-e-type=\"widget\" data-widget_type=\"image.default\">\n\t\t\t\t<div class=\"elementor-widget-container\">\n\t\t\t\t\t\t\t\t\t\t\t\t\t\t\t<img fetchpriority=\"high\" decoding=\"async\" width=\"391\" height=\"539\" src=\"https:\/\/www.edtij.com\/esp\/wp-content\/uploads\/2021\/10\/perfil_icaza.jpg\" class=\"attachment-full size-full wp-image-1773\" alt=\"\" srcset=\"https:\/\/www.edtij.com\/esp\/wp-content\/uploads\/2021\/10\/perfil_icaza.jpg 391w, https:\/\/www.edtij.com\/esp\/wp-content\/uploads\/2021\/10\/perfil_icaza-218x300.jpg 218w\" sizes=\"(max-width: 391px) 100vw, 391px\" \/>\t\t\t\t\t\t\t\t\t\t\t\t\t\t\t<\/div>\n\t\t\t\t<\/div>\n\t\t\t\t\t<\/div>\n\t\t<\/div>\n\t\t\t\t<div class=\"elementor-column elementor-col-50 elementor-top-column elementor-element elementor-element-585fe2d\" data-id=\"585fe2d\" data-element_type=\"column\" data-e-type=\"column\">\n\t\t\t<div class=\"elementor-widget-wrap elementor-element-populated\">\n\t\t\t\t\t\t<div class=\"elementor-element elementor-element-63972fea elementor-widget elementor-widget-heading\" data-id=\"63972fea\" data-element_type=\"widget\" data-e-type=\"widget\" data-widget_type=\"heading.default\">\n\t\t\t\t<div class=\"elementor-widget-container\">\n\t\t\t\t\t<h2 class=\"elementor-heading-title elementor-size-default\">Maruquel Icaza<\/h2>\t\t\t\t<\/div>\n\t\t\t\t<\/div>\n\t\t\t\t<div class=\"elementor-element elementor-element-371a042f elementor-widget elementor-widget-heading\" data-id=\"371a042f\" data-element_type=\"widget\" data-e-type=\"widget\" data-widget_type=\"heading.default\">\n\t\t\t\t<div class=\"elementor-widget-container\">\n\t\t\t\t\t<div class=\"elementor-heading-title elementor-size-default\">Abogada<\/div>\t\t\t\t<\/div>\n\t\t\t\t<\/div>\n\t\t\t\t<div class=\"elementor-element elementor-element-58667182 elementor-widget elementor-widget-text-editor\" data-id=\"58667182\" data-element_type=\"widget\" data-e-type=\"widget\" data-widget_type=\"text-editor.default\">\n\t\t\t\t<div class=\"elementor-widget-container\">\n\t\t\t\t\t\t\t\t\t<p lang=\"es-ES\" style=\"text-align: justify;\">Egresada con el honor Cum Laude de la Universidad Santa Mar\u00eda La Antigua, en el a\u00f1o 1996. Obtuvo su Maestr\u00eda en Derecho Internacional con \u00e9nfasis en Negocios en el Washington College of Law de American University en Washington, D.C, Estados Unidos, en el a\u00f1o 2002.<\/p>\n<p lang=\"es-ES\" style=\"text-align: justify;\">Labor\u00f3 en el Instituto Paname\u00f1o de Comercio Exterior y como Consejera Legal y Vicec\u00f3nsul en la Embajada de Panam\u00e1 en Washington, D.C, Estados Unidos.<\/p>\n<p lang=\"es-ES\" style=\"text-align: justify;\">Posteriormente, se desempe\u00f1\u00f3 en el Ministerio de Relaciones Exteriores en la Direcci\u00f3n de Asuntos Jur\u00eddicos y Tratados.<\/p>\t\t\t\t\t\t\t\t<\/div>\n\t\t\t\t<\/div>\n\t\t\t\t\t<\/div>\n\t\t<\/div>\n\t\t\t\t\t<\/div>\n\t\t<\/section>\n\t\t\t\t<section class=\"elementor-section elementor-top-section elementor-element elementor-element-44c8ddc1 elementor-section-boxed elementor-section-height-default elementor-section-height-default\" data-id=\"44c8ddc1\" data-element_type=\"section\" data-e-type=\"section\">\n\t\t\t\t\t\t<div class=\"elementor-container elementor-column-gap-default\">\n\t\t\t\t\t<div class=\"elementor-column elementor-col-100 elementor-top-column elementor-element elementor-element-11c4d99b\" data-id=\"11c4d99b\" data-element_type=\"column\" data-e-type=\"column\">\n\t\t\t<div class=\"elementor-widget-wrap elementor-element-populated\">\n\t\t\t\t\t\t<div class=\"elementor-element elementor-element-3ffb2760 elementor-widget elementor-widget-heading\" data-id=\"3ffb2760\" data-element_type=\"widget\" data-e-type=\"widget\" data-widget_type=\"heading.default\">\n\t\t\t\t<div class=\"elementor-widget-container\">\n\t\t\t\t\t<h2 class=\"elementor-heading-title elementor-size-default\">Asesor\u00eda de calidad y \u00e9tica profesional<\/h2>\t\t\t\t<\/div>\n\t\t\t\t<\/div>\n\t\t\t\t<div class=\"elementor-element elementor-element-6a2e539a elementor-widget elementor-widget-text-editor\" data-id=\"6a2e539a\" data-element_type=\"widget\" data-e-type=\"widget\" data-widget_type=\"text-editor.default\">\n\t\t\t\t<div class=\"elementor-widget-container\">\n\t\t\t\t\t\t\t\t\t<p lang=\"es-ES\" style=\"text-align: justify;\">Ha realizado diversos cursos a nivel local e internacional relacionados con temas de Lavado de dinero, Narcotr\u00e1fico, Terrorismo, Promoci\u00f3n de Inversiones, Comercio Internacional y Propiedad Intelectual. Tiene experiencia en Tr\u00e1mites Migratorios, Propiedad Intelectual, Derecho de Familia y Derecho Internacional. Adem\u00e1s, se encarga de los temas relacionados con la reubicaci\u00f3n en Panam\u00e1. Corredora de Bienes Ra\u00edces con licencia PN 6029.<\/p>\t\t\t\t\t\t\t\t<\/div>\n\t\t\t\t<\/div>\n\t\t\t\t\t<\/div>\n\t\t<\/div>\n\t\t\t\t\t<\/div>\n\t\t<\/section>\n\t\t\t\t<section class=\"elementor-section elementor-top-section elementor-element elementor-element-4f72a744 elementor-section-content-middle elementor-section-boxed elementor-section-height-default elementor-section-height-default\" data-id=\"4f72a744\" data-element_type=\"section\" data-e-type=\"section\" data-settings=\"{&quot;background_background&quot;:&quot;classic&quot;}\">\n\t\t\t\t\t\t\t<div class=\"elementor-background-overlay\"><\/div>\n\t\t\t\t\t\t\t<div class=\"elementor-container elementor-column-gap-default\">\n\t\t\t\t\t<div class=\"elementor-column elementor-col-50 elementor-top-column elementor-element elementor-element-5154d257\" data-id=\"5154d257\" data-element_type=\"column\" data-e-type=\"column\">\n\t\t\t<div class=\"elementor-widget-wrap elementor-element-populated\">\n\t\t\t\t\t\t<div class=\"elementor-element elementor-element-345469ec elementor-widget elementor-widget-heading\" data-id=\"345469ec\" data-element_type=\"widget\" data-e-type=\"widget\" data-widget_type=\"heading.default\">\n\t\t\t\t<div class=\"elementor-widget-container\">\n\t\t\t\t\t<h2 class=\"elementor-heading-title elementor-size-default\">Programe una consulta <\/h2>\t\t\t\t<\/div>\n\t\t\t\t<\/div>\n\t\t\t\t\t<\/div>\n\t\t<\/div>\n\t\t\t\t<div class=\"elementor-column elementor-col-50 elementor-top-column elementor-element elementor-element-515f1862\" data-id=\"515f1862\" data-element_type=\"column\" data-e-type=\"column\">\n\t\t\t<div class=\"elementor-widget-wrap elementor-element-populated\">\n\t\t\t\t\t\t<div class=\"elementor-element elementor-element-4085a5bb elementor-align-right elementor-mobile-align-center elementor-widget elementor-widget-button\" data-id=\"4085a5bb\" data-element_type=\"widget\" data-e-type=\"widget\" data-widget_type=\"button.default\">\n\t\t\t\t<div class=\"elementor-widget-container\">\n\t\t\t\t\t\t\t\t\t<div class=\"elementor-button-wrapper\">\n\t\t\t\t\t<a class=\"elementor-button elementor-button-link elementor-size-sm\" href=\"https:\/\/www.edtij.com\/esp\/contactenos\/\">\n\t\t\t\t\t\t<span class=\"elementor-button-content-wrapper\">\n\t\t\t\t\t\t\t\t\t<span class=\"elementor-button-text\">Cont\u00e1ctenos<\/span>\n\t\t\t\t\t<\/span>\n\t\t\t\t\t<\/a>\n\t\t\t\t<\/div>\n\t\t\t\t\t\t\t\t<\/div>\n\t\t\t\t<\/div>\n\t\t\t\t\t<\/div>\n\t\t<\/div>\n\t\t\t\t\t<\/div>\n\t\t<\/section>\n\t\t\t\t<\/div>\n\t\t","protected":false},"excerpt":{"rendered":"<p>Maruquel Icaza Abogada Egresada con el honor Cum Laude de la Universidad Santa Mar\u00eda La Antigua, en el a\u00f1o 1996. Obtuvo su Maestr\u00eda en Derecho Internacional con \u00e9nfasis en Negocios en el Washington College of Law de American University en Washington, D.C, Estados Unidos, en el a\u00f1o 2002. Labor\u00f3 en el Instituto Paname\u00f1o de Comercio [&hellip;]<\/p>\n","protected":false},"author":1,"featured_media":0,"parent":0,"menu_order":0,"comment_status":"closed","ping_status":"closed","template":"","meta":{"_joinchat":[],"footnotes":""},"class_list":["post-1770","page","type-page","status-publish","hentry"],"yoast_head":"<!-- This site is optimized with the Yoast SEO plugin v27.4 - https:\/\/yoast.com\/product\/yoast-seo-wordpress\/ -->\n<title>Maruquel Icaza - EDTIJ - Abogados en Panam\u00e1<\/title>\n<meta name=\"robots\" content=\"index, follow, max-snippet:-1, max-image-preview:large, max-video-preview:-1\" \/>\n<link rel=\"canonical\" href=\"https:\/\/www.edtij.com\/esp\/maruquel-icaza\/\" \/>\n<meta property=\"og:locale\" content=\"es_ES\" \/>\n<meta property=\"og:type\" content=\"article\" \/>\n<meta property=\"og:title\" content=\"Maruquel Icaza - EDTIJ - Abogados en Panam\u00e1\" \/>\n<meta property=\"og:description\" content=\"Maruquel Icaza Abogada Egresada con el honor Cum Laude de la Universidad Santa Mar\u00eda La Antigua, en el a\u00f1o 1996. Obtuvo su Maestr\u00eda en Derecho Internacional con \u00e9nfasis en Negocios en el Washington College of Law de American University en Washington, D.C, Estados Unidos, en el a\u00f1o 2002. Labor\u00f3 en el Instituto Paname\u00f1o de Comercio [&hellip;]\" \/>\n<meta property=\"og:url\" content=\"https:\/\/www.edtij.com\/esp\/maruquel-icaza\/\" \/>\n<meta property=\"og:site_name\" content=\"EDTIJ - Abogados en Panam\u00e1\" \/>\n<meta property=\"article:modified_time\" content=\"2026-04-30T13:22:03+00:00\" \/>\n<meta property=\"og:image\" content=\"https:\/\/www.edtij.com\/esp\/wp-content\/uploads\/2021\/10\/perfil_icaza.jpg\" \/>\n\t<meta property=\"og:image:width\" content=\"391\" \/>\n\t<meta property=\"og:image:height\" content=\"539\" \/>\n\t<meta property=\"og:image:type\" content=\"image\/jpeg\" \/>\n<meta name=\"twitter:card\" content=\"summary_large_image\" \/>\n<meta name=\"twitter:label1\" content=\"Tiempo de lectura\" \/>\n\t<meta name=\"twitter:data1\" content=\"1 minuto\" \/>\n<script type=\"application\/ld+json\" class=\"yoast-schema-graph\">{\"@context\":\"https:\\\/\\\/schema.org\",\"@graph\":[{\"@type\":\"WebPage\",\"@id\":\"https:\\\/\\\/www.edtij.com\\\/esp\\\/maruquel-icaza\\\/\",\"url\":\"https:\\\/\\\/www.edtij.com\\\/esp\\\/maruquel-icaza\\\/\",\"name\":\"Maruquel Icaza - EDTIJ - Abogados en Panam\u00e1\",\"isPartOf\":{\"@id\":\"https:\\\/\\\/www.edtij.com\\\/esp\\\/#website\"},\"primaryImageOfPage\":{\"@id\":\"https:\\\/\\\/www.edtij.com\\\/esp\\\/maruquel-icaza\\\/#primaryimage\"},\"image\":{\"@id\":\"https:\\\/\\\/www.edtij.com\\\/esp\\\/maruquel-icaza\\\/#primaryimage\"},\"thumbnailUrl\":\"https:\\\/\\\/www.edtij.com\\\/esp\\\/wp-content\\\/uploads\\\/2021\\\/10\\\/perfil_icaza.jpg\",\"datePublished\":\"2021-10-14T16:20:15+00:00\",\"dateModified\":\"2026-04-30T13:22:03+00:00\",\"breadcrumb\":{\"@id\":\"https:\\\/\\\/www.edtij.com\\\/esp\\\/maruquel-icaza\\\/#breadcrumb\"},\"inLanguage\":\"es\",\"potentialAction\":[{\"@type\":\"ReadAction\",\"target\":[\"https:\\\/\\\/www.edtij.com\\\/esp\\\/maruquel-icaza\\\/\"]}]},{\"@type\":\"ImageObject\",\"inLanguage\":\"es\",\"@id\":\"https:\\\/\\\/www.edtij.com\\\/esp\\\/maruquel-icaza\\\/#primaryimage\",\"url\":\"https:\\\/\\\/www.edtij.com\\\/esp\\\/wp-content\\\/uploads\\\/2021\\\/10\\\/perfil_icaza.jpg\",\"contentUrl\":\"https:\\\/\\\/www.edtij.com\\\/esp\\\/wp-content\\\/uploads\\\/2021\\\/10\\\/perfil_icaza.jpg\",\"width\":391,\"height\":539},{\"@type\":\"BreadcrumbList\",\"@id\":\"https:\\\/\\\/www.edtij.com\\\/esp\\\/maruquel-icaza\\\/#breadcrumb\",\"itemListElement\":[{\"@type\":\"ListItem\",\"position\":1,\"name\":\"Portada\",\"item\":\"https:\\\/\\\/www.edtij.com\\\/esp\\\/\"},{\"@type\":\"ListItem\",\"position\":2,\"name\":\"Maruquel Icaza\"}]},{\"@type\":\"WebSite\",\"@id\":\"https:\\\/\\\/www.edtij.com\\\/esp\\\/#website\",\"url\":\"https:\\\/\\\/www.edtij.com\\\/esp\\\/\",\"name\":\"EDTIJ - Abogados en Panam\u00e1\",\"description\":\"\",\"potentialAction\":[{\"@type\":\"SearchAction\",\"target\":{\"@type\":\"EntryPoint\",\"urlTemplate\":\"https:\\\/\\\/www.edtij.com\\\/esp\\\/?s={search_term_string}\"},\"query-input\":{\"@type\":\"PropertyValueSpecification\",\"valueRequired\":true,\"valueName\":\"search_term_string\"}}],\"inLanguage\":\"es\"}]}<\/script>\n<!-- \/ Yoast SEO plugin. -->","yoast_head_json":{"title":"Maruquel Icaza - EDTIJ - Abogados en Panam\u00e1","robots":{"index":"index","follow":"follow","max-snippet":"max-snippet:-1","max-image-preview":"max-image-preview:large","max-video-preview":"max-video-preview:-1"},"canonical":"https:\/\/www.edtij.com\/esp\/maruquel-icaza\/","og_locale":"es_ES","og_type":"article","og_title":"Maruquel Icaza - EDTIJ - Abogados en Panam\u00e1","og_description":"Maruquel Icaza Abogada Egresada con el honor Cum Laude de la Universidad Santa Mar\u00eda La Antigua, en el a\u00f1o 1996. Obtuvo su Maestr\u00eda en Derecho Internacional con \u00e9nfasis en Negocios en el Washington College of Law de American University en Washington, D.C, Estados Unidos, en el a\u00f1o 2002. Labor\u00f3 en el Instituto Paname\u00f1o de Comercio [&hellip;]","og_url":"https:\/\/www.edtij.com\/esp\/maruquel-icaza\/","og_site_name":"EDTIJ - Abogados en Panam\u00e1","article_modified_time":"2026-04-30T13:22:03+00:00","og_image":[{"width":391,"height":539,"url":"https:\/\/www.edtij.com\/esp\/wp-content\/uploads\/2021\/10\/perfil_icaza.jpg","type":"image\/jpeg"}],"twitter_card":"summary_large_image","twitter_misc":{"Tiempo de lectura":"1 minuto"},"schema":{"@context":"https:\/\/schema.org","@graph":[{"@type":"WebPage","@id":"https:\/\/www.edtij.com\/esp\/maruquel-icaza\/","url":"https:\/\/www.edtij.com\/esp\/maruquel-icaza\/","name":"Maruquel Icaza - EDTIJ - Abogados en Panam\u00e1","isPartOf":{"@id":"https:\/\/www.edtij.com\/esp\/#website"},"primaryImageOfPage":{"@id":"https:\/\/www.edtij.com\/esp\/maruquel-icaza\/#primaryimage"},"image":{"@id":"https:\/\/www.edtij.com\/esp\/maruquel-icaza\/#primaryimage"},"thumbnailUrl":"https:\/\/www.edtij.com\/esp\/wp-content\/uploads\/2021\/10\/perfil_icaza.jpg","datePublished":"2021-10-14T16:20:15+00:00","dateModified":"2026-04-30T13:22:03+00:00","breadcrumb":{"@id":"https:\/\/www.edtij.com\/esp\/maruquel-icaza\/#breadcrumb"},"inLanguage":"es","potentialAction":[{"@type":"ReadAction","target":["https:\/\/www.edtij.com\/esp\/maruquel-icaza\/"]}]},{"@type":"ImageObject","inLanguage":"es","@id":"https:\/\/www.edtij.com\/esp\/maruquel-icaza\/#primaryimage","url":"https:\/\/www.edtij.com\/esp\/wp-content\/uploads\/2021\/10\/perfil_icaza.jpg","contentUrl":"https:\/\/www.edtij.com\/esp\/wp-content\/uploads\/2021\/10\/perfil_icaza.jpg","width":391,"height":539},{"@type":"BreadcrumbList","@id":"https:\/\/www.edtij.com\/esp\/maruquel-icaza\/#breadcrumb","itemListElement":[{"@type":"ListItem","position":1,"name":"Portada","item":"https:\/\/www.edtij.com\/esp\/"},{"@type":"ListItem","position":2,"name":"Maruquel Icaza"}]},{"@type":"WebSite","@id":"https:\/\/www.edtij.com\/esp\/#website","url":"https:\/\/www.edtij.com\/esp\/","name":"EDTIJ - Abogados en Panam\u00e1","description":"","potentialAction":[{"@type":"SearchAction","target":{"@type":"EntryPoint","urlTemplate":"https:\/\/www.edtij.com\/esp\/?s={search_term_string}"},"query-input":{"@type":"PropertyValueSpecification","valueRequired":true,"valueName":"search_term_string"}}],"inLanguage":"es"}]}},"_links":{"self":[{"href":"https:\/\/www.edtij.com\/esp\/wp-json\/wp\/v2\/pages\/1770","targetHints":{"allow":["GET"]}}],"collection":[{"href":"https:\/\/www.edtij.com\/esp\/wp-json\/wp\/v2\/pages"}],"about":[{"href":"https:\/\/www.edtij.com\/esp\/wp-json\/wp\/v2\/types\/page"}],"author":[{"embeddable":true,"href":"https:\/\/www.edtij.com\/esp\/wp-json\/wp\/v2\/users\/1"}],"replies":[{"embeddable":true,"href":"https:\/\/www.edtij.com\/esp\/wp-json\/wp\/v2\/comments?post=1770"}],"version-history":[{"count":6,"href":"https:\/\/www.edtij.com\/esp\/wp-json\/wp\/v2\/pages\/1770\/revisions"}],"predecessor-version":[{"id":3018,"href":"https:\/\/www.edtij.com\/esp\/wp-json\/wp\/v2\/pages\/1770\/revisions\/3018"}],"wp:attachment":[{"href":"https:\/\/www.edtij.com\/esp\/wp-json\/wp\/v2\/media?parent=1770"}],"curies":[{"name":"wp","href":"https:\/\/api.w.org\/{rel}","templated":true}]}}