{"id":1760,"date":"2021-10-14T11:00:14","date_gmt":"2021-10-14T16:00:14","guid":{"rendered":"https:\/\/www.edtij.com\/esp\/?page_id=1760"},"modified":"2025-05-10T16:15:17","modified_gmt":"2025-05-10T21:15:17","slug":"marisel-della-togna","status":"publish","type":"page","link":"https:\/\/www.edtij.com\/esp\/marisel-della-togna\/","title":{"rendered":"Marisel Della Togna"},"content":{"rendered":"\t\t<div data-elementor-type=\"wp-page\" data-elementor-id=\"1760\" class=\"elementor elementor-1760\">\n\t\t\t\t\t\t<section class=\"elementor-section elementor-top-section elementor-element elementor-element-4daaa11d elementor-reverse-mobile elementor-section-boxed elementor-section-height-default elementor-section-height-default\" data-id=\"4daaa11d\" data-element_type=\"section\" data-e-type=\"section\">\n\t\t\t\t\t\t<div class=\"elementor-container elementor-column-gap-default\">\n\t\t\t\t\t<div class=\"elementor-column elementor-col-50 elementor-top-column elementor-element elementor-element-79fae459\" data-id=\"79fae459\" data-element_type=\"column\" data-e-type=\"column\">\n\t\t\t<div class=\"elementor-widget-wrap elementor-element-populated\">\n\t\t\t\t\t\t<div class=\"elementor-element elementor-element-3114fae1 elementor-widget elementor-widget-image\" data-id=\"3114fae1\" data-element_type=\"widget\" data-e-type=\"widget\" data-widget_type=\"image.default\">\n\t\t\t\t<div class=\"elementor-widget-container\">\n\t\t\t\t\t\t\t\t\t\t\t\t\t\t\t<img fetchpriority=\"high\" decoding=\"async\" width=\"391\" height=\"539\" src=\"https:\/\/www.edtij.com\/esp\/wp-content\/uploads\/2021\/10\/perfil_togna.jpg\" class=\"attachment-full size-full wp-image-1766\" alt=\"\" srcset=\"https:\/\/www.edtij.com\/esp\/wp-content\/uploads\/2021\/10\/perfil_togna.jpg 391w, https:\/\/www.edtij.com\/esp\/wp-content\/uploads\/2021\/10\/perfil_togna-218x300.jpg 218w\" sizes=\"(max-width: 391px) 100vw, 391px\" \/>\t\t\t\t\t\t\t\t\t\t\t\t\t\t\t<\/div>\n\t\t\t\t<\/div>\n\t\t\t\t\t<\/div>\n\t\t<\/div>\n\t\t\t\t<div class=\"elementor-column elementor-col-50 elementor-top-column elementor-element elementor-element-7d1aaa15\" data-id=\"7d1aaa15\" data-element_type=\"column\" data-e-type=\"column\">\n\t\t\t<div class=\"elementor-widget-wrap elementor-element-populated\">\n\t\t\t\t\t\t<div class=\"elementor-element elementor-element-527b09c4 elementor-widget elementor-widget-heading\" data-id=\"527b09c4\" data-element_type=\"widget\" data-e-type=\"widget\" data-widget_type=\"heading.default\">\n\t\t\t\t<div class=\"elementor-widget-container\">\n\t\t\t\t\t<h2 class=\"elementor-heading-title elementor-size-default\">Marisel Della Togna<\/h2>\t\t\t\t<\/div>\n\t\t\t\t<\/div>\n\t\t\t\t<div class=\"elementor-element elementor-element-7eb4a6b1 elementor-widget elementor-widget-heading\" data-id=\"7eb4a6b1\" data-element_type=\"widget\" data-e-type=\"widget\" data-widget_type=\"heading.default\">\n\t\t\t\t<div class=\"elementor-widget-container\">\n\t\t\t\t\t<div class=\"elementor-heading-title elementor-size-default\">Abogada<\/div>\t\t\t\t<\/div>\n\t\t\t\t<\/div>\n\t\t\t\t<div class=\"elementor-element elementor-element-5e624e7f elementor-widget elementor-widget-text-editor\" data-id=\"5e624e7f\" data-element_type=\"widget\" data-e-type=\"widget\" data-widget_type=\"text-editor.default\">\n\t\t\t\t<div class=\"elementor-widget-container\">\n\t\t\t\t\t\t\t\t\t<p lang=\"es-ES\" style=\"text-align: justify;\">Egresada de la Universidad Santa Mar\u00eda La Antigua de la Rep\u00fablica de Panam\u00e1, en el a\u00f1o 1995. Obtuvo su Maestr\u00eda en Derecho Mercantil en el a\u00f1o 1997 en dicha Universidad.<\/p>\n<p style=\"text-align: justify;\">En el a\u00f1o 2001, recibi\u00f3 capacitaci\u00f3n para obtenci\u00f3n de la Licencia de Analista y Corredor de Bolsa de Valores y en el a\u00f1o 2002, obtuvo un Diplomado Internacional de Alta Especializaci\u00f3n en \u201cNegociaciones, Tratados y el Comercio Internacional\u201d en la Universidad Latinoamericana de Comercio Exterior y la Universidad de Santiago de Chile. En el a\u00f1o 2003, obtuvo un Postgrado en Comercio Internacional en la Universidad Latinoamericana de Comercio Exterior y en el a\u00f1o 2004, el t\u00edtulo de Maestr\u00eda en Negociaci\u00f3n, Administraci\u00f3n y Ejecuci\u00f3n de Tratados en el Comercio Internacional.<\/p>\t\t\t\t\t\t\t\t<\/div>\n\t\t\t\t<\/div>\n\t\t\t\t\t<\/div>\n\t\t<\/div>\n\t\t\t\t\t<\/div>\n\t\t<\/section>\n\t\t\t\t<section class=\"elementor-section elementor-top-section elementor-element elementor-element-5e123120 elementor-section-boxed elementor-section-height-default elementor-section-height-default\" data-id=\"5e123120\" data-element_type=\"section\" data-e-type=\"section\">\n\t\t\t\t\t\t<div class=\"elementor-container elementor-column-gap-default\">\n\t\t\t\t\t<div class=\"elementor-column elementor-col-100 elementor-top-column elementor-element elementor-element-3df79ae2\" data-id=\"3df79ae2\" data-element_type=\"column\" data-e-type=\"column\">\n\t\t\t<div class=\"elementor-widget-wrap elementor-element-populated\">\n\t\t\t\t\t\t<div class=\"elementor-element elementor-element-4ef1244d elementor-widget elementor-widget-heading\" data-id=\"4ef1244d\" data-element_type=\"widget\" data-e-type=\"widget\" data-widget_type=\"heading.default\">\n\t\t\t\t<div class=\"elementor-widget-container\">\n\t\t\t\t\t<h2 class=\"elementor-heading-title elementor-size-default\">Asesor\u00eda de calidad y \u00e9tica profesional<\/h2>\t\t\t\t<\/div>\n\t\t\t\t<\/div>\n\t\t\t\t<div class=\"elementor-element elementor-element-664d1da7 elementor-widget elementor-widget-text-editor\" data-id=\"664d1da7\" data-element_type=\"widget\" data-e-type=\"widget\" data-widget_type=\"text-editor.default\">\n\t\t\t\t<div class=\"elementor-widget-container\">\n\t\t\t\t\t\t\t\t\t<p lang=\"es-ES\" style=\"text-align: justify;\">Desde el a\u00f1o 1997, se desempe\u00f1\u00f3 como Asesora del Ministro de Econom\u00eda y Finanzas. Form\u00f3 parte de la Comisi\u00f3n Ad Hoc de Inversiones de Panam\u00e1 y Los Estados Unidos de Am\u00e9rica y fue la Coordinadora del Equipo del Ministerio de Econom\u00eda y Finanzas ante la Comisi\u00f3n Interinstitucional de Apoyo a la gesti\u00f3n de las Negociaciones del Tratado de Libre Comercio entre la Rep\u00fablica de Panam\u00e1 y los Estados Unidos de Am\u00e9rica.<\/p>\n<p style=\"text-align: justify;\">En el a\u00f1o 2009 fue nombrada Subdirectora de Ingresos del Ministerio de Econom\u00eda y Finanzas, el cual desempe\u00f1\u00f3 hasta mediados del 2011. Durante este tiempo, fue negociadora del Contrato suscrito entre la Rep\u00fablica de Panam\u00e1 y el Banco Mundial, Fondo Monetario Internacional (FMI) y el Banco Interamericano de Desarrollo (BID) para el proyecto de Reorganizaci\u00f3n y Modernizaci\u00f3n del Sistema Tributario Paname\u00f1o.\u00a0 Practica el\u00a0Derecho Corporativo, es asesora en materia de\u00a0Derecho Fiscal y tiene experiencia en Contratos con \u00e9nfasis en las Contrataciones P\u00fablicas.<\/p>\n<p lang=\"es-ES\" style=\"text-align: center;\">.<\/p>\t\t\t\t\t\t\t\t<\/div>\n\t\t\t\t<\/div>\n\t\t\t\t\t<\/div>\n\t\t<\/div>\n\t\t\t\t\t<\/div>\n\t\t<\/section>\n\t\t\t\t<section class=\"elementor-section elementor-top-section elementor-element elementor-element-33b35aa0 elementor-section-content-middle elementor-section-boxed elementor-section-height-default elementor-section-height-default\" data-id=\"33b35aa0\" data-element_type=\"section\" data-e-type=\"section\" data-settings=\"{&quot;background_background&quot;:&quot;classic&quot;}\">\n\t\t\t\t\t\t\t<div class=\"elementor-background-overlay\"><\/div>\n\t\t\t\t\t\t\t<div class=\"elementor-container elementor-column-gap-default\">\n\t\t\t\t\t<div class=\"elementor-column elementor-col-50 elementor-top-column elementor-element elementor-element-6a4c899f\" data-id=\"6a4c899f\" data-element_type=\"column\" data-e-type=\"column\">\n\t\t\t<div class=\"elementor-widget-wrap elementor-element-populated\">\n\t\t\t\t\t\t<div class=\"elementor-element elementor-element-26b98d7e elementor-widget elementor-widget-heading\" data-id=\"26b98d7e\" data-element_type=\"widget\" data-e-type=\"widget\" data-widget_type=\"heading.default\">\n\t\t\t\t<div class=\"elementor-widget-container\">\n\t\t\t\t\t<h2 class=\"elementor-heading-title elementor-size-default\">Programe una consulta <\/h2>\t\t\t\t<\/div>\n\t\t\t\t<\/div>\n\t\t\t\t\t<\/div>\n\t\t<\/div>\n\t\t\t\t<div class=\"elementor-column elementor-col-50 elementor-top-column elementor-element elementor-element-c694c3f\" data-id=\"c694c3f\" data-element_type=\"column\" data-e-type=\"column\">\n\t\t\t<div class=\"elementor-widget-wrap elementor-element-populated\">\n\t\t\t\t\t\t<div class=\"elementor-element elementor-element-3f27cbf1 elementor-align-right elementor-mobile-align-center elementor-widget elementor-widget-button\" data-id=\"3f27cbf1\" data-element_type=\"widget\" data-e-type=\"widget\" data-widget_type=\"button.default\">\n\t\t\t\t<div class=\"elementor-widget-container\">\n\t\t\t\t\t\t\t\t\t<div class=\"elementor-button-wrapper\">\n\t\t\t\t\t<a class=\"elementor-button elementor-button-link elementor-size-sm\" href=\"https:\/\/www.edtij.com\/esp\/contactenos\/\">\n\t\t\t\t\t\t<span class=\"elementor-button-content-wrapper\">\n\t\t\t\t\t\t\t\t\t<span class=\"elementor-button-text\">Cont\u00e1ctenos<\/span>\n\t\t\t\t\t<\/span>\n\t\t\t\t\t<\/a>\n\t\t\t\t<\/div>\n\t\t\t\t\t\t\t\t<\/div>\n\t\t\t\t<\/div>\n\t\t\t\t\t<\/div>\n\t\t<\/div>\n\t\t\t\t\t<\/div>\n\t\t<\/section>\n\t\t\t\t<\/div>\n\t\t","protected":false},"excerpt":{"rendered":"<p>Marisel Della Togna Abogada Egresada de la Universidad Santa Mar\u00eda La Antigua de la Rep\u00fablica de Panam\u00e1, en el a\u00f1o 1995. Obtuvo su Maestr\u00eda en Derecho Mercantil en el a\u00f1o 1997 en dicha Universidad. En el a\u00f1o 2001, recibi\u00f3 capacitaci\u00f3n para obtenci\u00f3n de la Licencia de Analista y Corredor de Bolsa de Valores y en [&hellip;]<\/p>\n","protected":false},"author":1,"featured_media":0,"parent":0,"menu_order":0,"comment_status":"closed","ping_status":"closed","template":"","meta":{"_joinchat":[],"footnotes":""},"class_list":["post-1760","page","type-page","status-publish","hentry"],"yoast_head":"<!-- This site is optimized with the Yoast SEO plugin v27.4 - https:\/\/yoast.com\/product\/yoast-seo-wordpress\/ -->\n<title>Marisel Della Togna - EDTIJ - Abogados en Panam\u00e1<\/title>\n<meta name=\"description\" content=\"Marisel Della Togna: abogada corporativa y fiscal en Panam\u00e1, partner de Escobar, Della Togna, Icaza &amp; Jurado, experta en derecho corporativo, tributario e internacional, asesorando a empresas e inversionistas.\" \/>\n<meta name=\"robots\" content=\"index, follow, max-snippet:-1, max-image-preview:large, max-video-preview:-1\" \/>\n<link rel=\"canonical\" href=\"https:\/\/www.edtij.com\/esp\/marisel-della-togna\/\" \/>\n<meta property=\"og:locale\" content=\"es_ES\" \/>\n<meta property=\"og:type\" content=\"article\" \/>\n<meta property=\"og:title\" content=\"Marisel Della Togna - EDTIJ - Abogados en Panam\u00e1\" \/>\n<meta property=\"og:description\" content=\"Marisel Della Togna: abogada corporativa y fiscal en Panam\u00e1, partner de Escobar, Della Togna, Icaza &amp; Jurado, experta en derecho corporativo, tributario e internacional, asesorando a empresas e inversionistas.\" \/>\n<meta property=\"og:url\" content=\"https:\/\/www.edtij.com\/esp\/marisel-della-togna\/\" \/>\n<meta property=\"og:site_name\" content=\"EDTIJ - Abogados en Panam\u00e1\" \/>\n<meta property=\"article:modified_time\" content=\"2025-05-10T21:15:17+00:00\" \/>\n<meta property=\"og:image\" content=\"https:\/\/www.edtij.com\/esp\/wp-content\/uploads\/2021\/10\/perfil_togna.jpg\" \/>\n<meta name=\"twitter:card\" content=\"summary_large_image\" \/>\n<meta name=\"twitter:label1\" content=\"Tiempo de lectura\" \/>\n\t<meta name=\"twitter:data1\" content=\"2 minutos\" \/>\n<script type=\"application\/ld+json\" class=\"yoast-schema-graph\">{\"@context\":\"https:\\\/\\\/schema.org\",\"@graph\":[{\"@type\":\"WebPage\",\"@id\":\"https:\\\/\\\/www.edtij.com\\\/esp\\\/marisel-della-togna\\\/\",\"url\":\"https:\\\/\\\/www.edtij.com\\\/esp\\\/marisel-della-togna\\\/\",\"name\":\"Marisel Della Togna - EDTIJ - Abogados en Panam\u00e1\",\"isPartOf\":{\"@id\":\"https:\\\/\\\/www.edtij.com\\\/esp\\\/#website\"},\"primaryImageOfPage\":{\"@id\":\"https:\\\/\\\/www.edtij.com\\\/esp\\\/marisel-della-togna\\\/#primaryimage\"},\"image\":{\"@id\":\"https:\\\/\\\/www.edtij.com\\\/esp\\\/marisel-della-togna\\\/#primaryimage\"},\"thumbnailUrl\":\"https:\\\/\\\/www.edtij.com\\\/esp\\\/wp-content\\\/uploads\\\/2021\\\/10\\\/perfil_togna.jpg\",\"datePublished\":\"2021-10-14T16:00:14+00:00\",\"dateModified\":\"2025-05-10T21:15:17+00:00\",\"description\":\"Marisel Della Togna: abogada corporativa y fiscal en Panam\u00e1, partner de Escobar, Della Togna, Icaza & Jurado, experta en derecho corporativo, tributario e internacional, asesorando a empresas e inversionistas.\",\"breadcrumb\":{\"@id\":\"https:\\\/\\\/www.edtij.com\\\/esp\\\/marisel-della-togna\\\/#breadcrumb\"},\"inLanguage\":\"es\",\"potentialAction\":[{\"@type\":\"ReadAction\",\"target\":[\"https:\\\/\\\/www.edtij.com\\\/esp\\\/marisel-della-togna\\\/\"]}]},{\"@type\":\"ImageObject\",\"inLanguage\":\"es\",\"@id\":\"https:\\\/\\\/www.edtij.com\\\/esp\\\/marisel-della-togna\\\/#primaryimage\",\"url\":\"https:\\\/\\\/www.edtij.com\\\/esp\\\/wp-content\\\/uploads\\\/2021\\\/10\\\/perfil_togna.jpg\",\"contentUrl\":\"https:\\\/\\\/www.edtij.com\\\/esp\\\/wp-content\\\/uploads\\\/2021\\\/10\\\/perfil_togna.jpg\",\"width\":391,\"height\":539},{\"@type\":\"BreadcrumbList\",\"@id\":\"https:\\\/\\\/www.edtij.com\\\/esp\\\/marisel-della-togna\\\/#breadcrumb\",\"itemListElement\":[{\"@type\":\"ListItem\",\"position\":1,\"name\":\"Portada\",\"item\":\"https:\\\/\\\/www.edtij.com\\\/esp\\\/\"},{\"@type\":\"ListItem\",\"position\":2,\"name\":\"Marisel Della Togna\"}]},{\"@type\":\"WebSite\",\"@id\":\"https:\\\/\\\/www.edtij.com\\\/esp\\\/#website\",\"url\":\"https:\\\/\\\/www.edtij.com\\\/esp\\\/\",\"name\":\"EDTIJ - Abogados en Panam\u00e1\",\"description\":\"\",\"potentialAction\":[{\"@type\":\"SearchAction\",\"target\":{\"@type\":\"EntryPoint\",\"urlTemplate\":\"https:\\\/\\\/www.edtij.com\\\/esp\\\/?s={search_term_string}\"},\"query-input\":{\"@type\":\"PropertyValueSpecification\",\"valueRequired\":true,\"valueName\":\"search_term_string\"}}],\"inLanguage\":\"es\"}]}<\/script>\n<!-- \/ Yoast SEO plugin. -->","yoast_head_json":{"title":"Marisel Della Togna - EDTIJ - Abogados en Panam\u00e1","description":"Marisel Della Togna: abogada corporativa y fiscal en Panam\u00e1, partner de Escobar, Della Togna, Icaza & Jurado, experta en derecho corporativo, tributario e internacional, asesorando a empresas e inversionistas.","robots":{"index":"index","follow":"follow","max-snippet":"max-snippet:-1","max-image-preview":"max-image-preview:large","max-video-preview":"max-video-preview:-1"},"canonical":"https:\/\/www.edtij.com\/esp\/marisel-della-togna\/","og_locale":"es_ES","og_type":"article","og_title":"Marisel Della Togna - EDTIJ - Abogados en Panam\u00e1","og_description":"Marisel Della Togna: abogada corporativa y fiscal en Panam\u00e1, partner de Escobar, Della Togna, Icaza & Jurado, experta en derecho corporativo, tributario e internacional, asesorando a empresas e inversionistas.","og_url":"https:\/\/www.edtij.com\/esp\/marisel-della-togna\/","og_site_name":"EDTIJ - Abogados en Panam\u00e1","article_modified_time":"2025-05-10T21:15:17+00:00","og_image":[{"url":"https:\/\/www.edtij.com\/esp\/wp-content\/uploads\/2021\/10\/perfil_togna.jpg","type":"","width":"","height":""}],"twitter_card":"summary_large_image","twitter_misc":{"Tiempo de lectura":"2 minutos"},"schema":{"@context":"https:\/\/schema.org","@graph":[{"@type":"WebPage","@id":"https:\/\/www.edtij.com\/esp\/marisel-della-togna\/","url":"https:\/\/www.edtij.com\/esp\/marisel-della-togna\/","name":"Marisel Della Togna - EDTIJ - Abogados en Panam\u00e1","isPartOf":{"@id":"https:\/\/www.edtij.com\/esp\/#website"},"primaryImageOfPage":{"@id":"https:\/\/www.edtij.com\/esp\/marisel-della-togna\/#primaryimage"},"image":{"@id":"https:\/\/www.edtij.com\/esp\/marisel-della-togna\/#primaryimage"},"thumbnailUrl":"https:\/\/www.edtij.com\/esp\/wp-content\/uploads\/2021\/10\/perfil_togna.jpg","datePublished":"2021-10-14T16:00:14+00:00","dateModified":"2025-05-10T21:15:17+00:00","description":"Marisel Della Togna: abogada corporativa y fiscal en Panam\u00e1, partner de Escobar, Della Togna, Icaza & Jurado, experta en derecho corporativo, tributario e internacional, asesorando a empresas e inversionistas.","breadcrumb":{"@id":"https:\/\/www.edtij.com\/esp\/marisel-della-togna\/#breadcrumb"},"inLanguage":"es","potentialAction":[{"@type":"ReadAction","target":["https:\/\/www.edtij.com\/esp\/marisel-della-togna\/"]}]},{"@type":"ImageObject","inLanguage":"es","@id":"https:\/\/www.edtij.com\/esp\/marisel-della-togna\/#primaryimage","url":"https:\/\/www.edtij.com\/esp\/wp-content\/uploads\/2021\/10\/perfil_togna.jpg","contentUrl":"https:\/\/www.edtij.com\/esp\/wp-content\/uploads\/2021\/10\/perfil_togna.jpg","width":391,"height":539},{"@type":"BreadcrumbList","@id":"https:\/\/www.edtij.com\/esp\/marisel-della-togna\/#breadcrumb","itemListElement":[{"@type":"ListItem","position":1,"name":"Portada","item":"https:\/\/www.edtij.com\/esp\/"},{"@type":"ListItem","position":2,"name":"Marisel Della Togna"}]},{"@type":"WebSite","@id":"https:\/\/www.edtij.com\/esp\/#website","url":"https:\/\/www.edtij.com\/esp\/","name":"EDTIJ - Abogados en Panam\u00e1","description":"","potentialAction":[{"@type":"SearchAction","target":{"@type":"EntryPoint","urlTemplate":"https:\/\/www.edtij.com\/esp\/?s={search_term_string}"},"query-input":{"@type":"PropertyValueSpecification","valueRequired":true,"valueName":"search_term_string"}}],"inLanguage":"es"}]}},"_links":{"self":[{"href":"https:\/\/www.edtij.com\/esp\/wp-json\/wp\/v2\/pages\/1760","targetHints":{"allow":["GET"]}}],"collection":[{"href":"https:\/\/www.edtij.com\/esp\/wp-json\/wp\/v2\/pages"}],"about":[{"href":"https:\/\/www.edtij.com\/esp\/wp-json\/wp\/v2\/types\/page"}],"author":[{"embeddable":true,"href":"https:\/\/www.edtij.com\/esp\/wp-json\/wp\/v2\/users\/1"}],"replies":[{"embeddable":true,"href":"https:\/\/www.edtij.com\/esp\/wp-json\/wp\/v2\/comments?post=1760"}],"version-history":[{"count":1,"href":"https:\/\/www.edtij.com\/esp\/wp-json\/wp\/v2\/pages\/1760\/revisions"}],"predecessor-version":[{"id":2679,"href":"https:\/\/www.edtij.com\/esp\/wp-json\/wp\/v2\/pages\/1760\/revisions\/2679"}],"wp:attachment":[{"href":"https:\/\/www.edtij.com\/esp\/wp-json\/wp\/v2\/media?parent=1760"}],"curies":[{"name":"wp","href":"https:\/\/api.w.org\/{rel}","templated":true}]}}