{"id":11,"date":"2020-11-30T18:33:26","date_gmt":"2020-11-30T23:33:26","guid":{"rendered":"https:\/\/torney.progressionstudios.com\/?page_id=11"},"modified":"2025-05-10T16:32:33","modified_gmt":"2025-05-10T21:32:33","slug":"contactenos","status":"publish","type":"page","link":"https:\/\/www.edtij.com\/esp\/contactenos\/","title":{"rendered":"Cont\u00e1ctenos"},"content":{"rendered":"\t\t<div data-elementor-type=\"wp-page\" data-elementor-id=\"11\" class=\"elementor elementor-11\">\n\t\t\t\t\t\t<section class=\"elementor-section elementor-top-section elementor-element elementor-element-414fe43e elementor-section-boxed elementor-section-height-default elementor-section-height-default\" data-id=\"414fe43e\" data-element_type=\"section\" data-e-type=\"section\">\n\t\t\t\t\t\t<div class=\"elementor-container elementor-column-gap-default\">\n\t\t\t\t\t<div class=\"elementor-column elementor-col-50 elementor-top-column elementor-element elementor-element-61e0d6c6\" data-id=\"61e0d6c6\" data-element_type=\"column\" data-e-type=\"column\">\n\t\t\t<div class=\"elementor-widget-wrap elementor-element-populated\">\n\t\t\t\t\t\t<div class=\"elementor-element elementor-element-393ca26 elementor-widget__width-auto elementor-widget elementor-widget-heading\" data-id=\"393ca26\" data-element_type=\"widget\" data-e-type=\"widget\" data-widget_type=\"heading.default\">\n\t\t\t\t<div class=\"elementor-widget-container\">\n\t\t\t\t\t<div class=\"elementor-heading-title elementor-size-default\">Contactenos<\/div>\t\t\t\t<\/div>\n\t\t\t\t<\/div>\n\t\t\t\t<div class=\"elementor-element elementor-element-634e358b elementor-widget__width-auto elementor-widget-divider--view-line elementor-widget elementor-widget-divider\" data-id=\"634e358b\" data-element_type=\"widget\" data-e-type=\"widget\" data-widget_type=\"divider.default\">\n\t\t\t\t<div class=\"elementor-widget-container\">\n\t\t\t\t\t\t\t<div class=\"elementor-divider\">\n\t\t\t<span class=\"elementor-divider-separator\">\n\t\t\t\t\t\t<\/span>\n\t\t<\/div>\n\t\t\t\t\t\t<\/div>\n\t\t\t\t<\/div>\n\t\t\t\t<div class=\"elementor-element elementor-element-490e6a57 elementor-widget elementor-widget-heading\" data-id=\"490e6a57\" data-element_type=\"widget\" data-e-type=\"widget\" data-widget_type=\"heading.default\">\n\t\t\t\t<div class=\"elementor-widget-container\">\n\t\t\t\t\t<h2 class=\"elementor-heading-title elementor-size-default\">D\u00e9janos un \nmensaje<\/h2>\t\t\t\t<\/div>\n\t\t\t\t<\/div>\n\t\t\t\t<div class=\"elementor-element elementor-element-13c67763 elementor-widget elementor-widget-text-editor\" data-id=\"13c67763\" data-element_type=\"widget\" data-e-type=\"widget\" data-widget_type=\"text-editor.default\">\n\t\t\t\t<div class=\"elementor-widget-container\">\n\t\t\t\t\t\t\t\t\t<p>Ser\u00e1 un gusto servirle y atender su mensaje en la brevedad posible. <br \/><br \/>Favor utilice cualquiera de nuestros medios de contacto,<\/p>\t\t\t\t\t\t\t\t<\/div>\n\t\t\t\t<\/div>\n\t\t\t\t\t<\/div>\n\t\t<\/div>\n\t\t\t\t<div class=\"elementor-column elementor-col-50 elementor-top-column elementor-element elementor-element-5bc71cd3\" data-id=\"5bc71cd3\" data-element_type=\"column\" data-e-type=\"column\">\n\t\t\t<div class=\"elementor-widget-wrap elementor-element-populated\">\n\t\t\t\t\t\t<div class=\"elementor-element elementor-element-9066011 elementor-widget elementor-widget-text-editor\" data-id=\"9066011\" data-element_type=\"widget\" data-e-type=\"widget\" data-widget_type=\"text-editor.default\">\n\t\t\t\t<div class=\"elementor-widget-container\">\n\t\t\t\t\t\t\t\t\t\n<div class=\"wpcf7 no-js\" id=\"wpcf7-f7-o1\" lang=\"en-US\" dir=\"ltr\" data-wpcf7-id=\"7\">\n<div class=\"screen-reader-response\"><p role=\"status\" aria-live=\"polite\" aria-atomic=\"true\"><\/p> <ul><\/ul><\/div>\n<form action=\"\/esp\/wp-json\/wp\/v2\/pages\/11#wpcf7-f7-o1\" method=\"post\" class=\"wpcf7-form init\" aria-label=\"Contact form\" novalidate=\"novalidate\" data-status=\"init\">\n<fieldset class=\"hidden-fields-container\"><input type=\"hidden\" name=\"_wpcf7\" value=\"7\" \/><input type=\"hidden\" name=\"_wpcf7_version\" value=\"6.1.5\" \/><input type=\"hidden\" name=\"_wpcf7_locale\" value=\"en_US\" \/><input type=\"hidden\" name=\"_wpcf7_unit_tag\" value=\"wpcf7-f7-o1\" \/><input type=\"hidden\" name=\"_wpcf7_container_post\" value=\"0\" \/><input type=\"hidden\" name=\"_wpcf7_posted_data_hash\" value=\"\" \/>\n<\/fieldset>\n<p><label> Nombre<br \/>\n<span class=\"wpcf7-form-control-wrap\" data-name=\"your-name\"><input size=\"40\" maxlength=\"400\" class=\"wpcf7-form-control wpcf7-text wpcf7-validates-as-required\" aria-required=\"true\" aria-invalid=\"false\" value=\"\" type=\"text\" name=\"your-name\" \/><\/span> <\/label>\n<\/p>\n<p><label> Email<br \/>\n<span class=\"wpcf7-form-control-wrap\" data-name=\"your-email\"><input size=\"40\" maxlength=\"400\" class=\"wpcf7-form-control wpcf7-email wpcf7-validates-as-required wpcf7-text wpcf7-validates-as-email\" aria-required=\"true\" aria-invalid=\"false\" value=\"\" type=\"email\" name=\"your-email\" \/><\/span> <\/label>\n<\/p>\n<p><label> Telef\u00f3nos<br \/>\n<span class=\"wpcf7-form-control-wrap\" data-name=\"your-subject\"><input size=\"40\" maxlength=\"400\" class=\"wpcf7-form-control wpcf7-text wpcf7-validates-as-required\" aria-required=\"true\" aria-invalid=\"false\" value=\"\" type=\"text\" name=\"your-subject\" \/><\/span> <\/label>\n<\/p>\n<p><label> Pa\u00eds<br \/>\n<span class=\"wpcf7-form-control-wrap\" data-name=\"Paisorigen\"><input size=\"40\" maxlength=\"400\" class=\"wpcf7-form-control wpcf7-text\" aria-invalid=\"false\" value=\"\" type=\"text\" name=\"Paisorigen\" \/><\/span> <\/label>\n<\/p>\n<p><label> Mensaje<br \/>\n<span class=\"wpcf7-form-control-wrap\" data-name=\"your-message\"><textarea cols=\"40\" rows=\"10\" maxlength=\"2000\" class=\"wpcf7-form-control wpcf7-textarea\" aria-invalid=\"false\" name=\"your-message\"><\/textarea><\/span> <\/label>\n<\/p>\n<div class=\"altacaptcha-field\"><altcha-widget challengeurl=\"https:\/\/www.edtij.com\/esp\/wp-admin\/admin-ajax.php?action=altacaptcha_challenge\" auto=\"onfocus\" style=\"color:var(--altacaptcha-accent,currentColor);--altcha-color-text:currentColor;--altcha-color-active:var(--altacaptcha-accent,var(--wp--preset--color--primary,currentColor));--altcha-color-border:currentColor;--altcha-color-border-focus:currentColor;\" lang=\"en-US\"><\/altcha-widget><\/div><p><input class=\"wpcf7-form-control wpcf7-submit has-spinner\" type=\"submit\" value=\"Enviar datos\" \/>\n<\/p><div class=\"wpcf7-response-output\" aria-hidden=\"true\"><\/div>\n<\/form>\n<\/div>\n\t\t\t\t\t\t\t\t<\/div>\n\t\t\t\t<\/div>\n\t\t\t\t\t<\/div>\n\t\t<\/div>\n\t\t\t\t\t<\/div>\n\t\t<\/section>\n\t\t\t\t<section class=\"elementor-section elementor-top-section elementor-element elementor-element-446f5f8c elementor-section-boxed elementor-section-height-default elementor-section-height-default\" data-id=\"446f5f8c\" data-element_type=\"section\" data-e-type=\"section\">\n\t\t\t\t\t\t<div class=\"elementor-container elementor-column-gap-default\">\n\t\t\t\t\t<div class=\"elementor-column elementor-col-100 elementor-top-column elementor-element elementor-element-49d51211\" data-id=\"49d51211\" data-element_type=\"column\" data-e-type=\"column\">\n\t\t\t<div class=\"elementor-widget-wrap elementor-element-populated\">\n\t\t\t\t\t\t<div class=\"elementor-element elementor-element-21011f8 elementor-widget-divider--view-line elementor-widget elementor-widget-divider\" data-id=\"21011f8\" data-element_type=\"widget\" data-e-type=\"widget\" data-widget_type=\"divider.default\">\n\t\t\t\t<div class=\"elementor-widget-container\">\n\t\t\t\t\t\t\t<div class=\"elementor-divider\">\n\t\t\t<span class=\"elementor-divider-separator\">\n\t\t\t\t\t\t<\/span>\n\t\t<\/div>\n\t\t\t\t\t\t<\/div>\n\t\t\t\t<\/div>\n\t\t\t\t\t<\/div>\n\t\t<\/div>\n\t\t\t\t\t<\/div>\n\t\t<\/section>\n\t\t\t\t<section class=\"elementor-section elementor-top-section elementor-element elementor-element-395da852 elementor-section-boxed elementor-section-height-default elementor-section-height-default\" data-id=\"395da852\" data-element_type=\"section\" data-e-type=\"section\">\n\t\t\t\t\t\t<div class=\"elementor-container elementor-column-gap-default\">\n\t\t\t\t\t<div class=\"elementor-column elementor-col-33 elementor-top-column elementor-element elementor-element-2d43798d\" data-id=\"2d43798d\" data-element_type=\"column\" data-e-type=\"column\">\n\t\t\t<div class=\"elementor-widget-wrap elementor-element-populated\">\n\t\t\t\t\t\t<div class=\"elementor-element elementor-element-1dfd5937 elementor-position-left elementor-vertical-align-middle elementor-widget elementor-widget-image-box\" data-id=\"1dfd5937\" data-element_type=\"widget\" data-e-type=\"widget\" data-widget_type=\"image-box.default\">\n\t\t\t\t<div class=\"elementor-widget-container\">\n\t\t\t\t\t<div class=\"elementor-image-box-wrapper\"><figure class=\"elementor-image-box-img\"><img decoding=\"async\" width=\"91\" height=\"92\" src=\"https:\/\/www.edtij.com\/esp\/wp-content\/uploads\/2020\/11\/phone.png\" class=\"attachment-full size-full wp-image-43\" alt=\"\" \/><\/figure><div class=\"elementor-image-box-content\"><h3 class=\"elementor-image-box-title\">+507-340-6324<\/h3><p class=\"elementor-image-box-description\">Tel\u00e9fono<\/p><\/div><\/div>\t\t\t\t<\/div>\n\t\t\t\t<\/div>\n\t\t\t\t\t<\/div>\n\t\t<\/div>\n\t\t\t\t<div class=\"elementor-column elementor-col-33 elementor-top-column elementor-element elementor-element-75d125a0\" data-id=\"75d125a0\" data-element_type=\"column\" data-e-type=\"column\">\n\t\t\t<div class=\"elementor-widget-wrap elementor-element-populated\">\n\t\t\t\t\t\t<div class=\"elementor-element elementor-element-3f7d0eff elementor-position-left elementor-vertical-align-middle elementor-widget elementor-widget-image-box\" data-id=\"3f7d0eff\" data-element_type=\"widget\" data-e-type=\"widget\" data-widget_type=\"image-box.default\">\n\t\t\t\t<div class=\"elementor-widget-container\">\n\t\t\t\t\t<div class=\"elementor-image-box-wrapper\"><figure class=\"elementor-image-box-img\"><img decoding=\"async\" width=\"91\" height=\"92\" src=\"https:\/\/www.edtij.com\/esp\/wp-content\/uploads\/2020\/11\/email.png\" class=\"attachment-full size-full wp-image-44\" alt=\"\" \/><\/figure><div class=\"elementor-image-box-content\"><h3 class=\"elementor-image-box-title\">info@edtij.com<\/h3><p class=\"elementor-image-box-description\">Correo electr\u00f3nico<\/p><\/div><\/div>\t\t\t\t<\/div>\n\t\t\t\t<\/div>\n\t\t\t\t\t<\/div>\n\t\t<\/div>\n\t\t\t\t<div class=\"elementor-column elementor-col-33 elementor-top-column elementor-element elementor-element-456cbe1\" data-id=\"456cbe1\" data-element_type=\"column\" data-e-type=\"column\">\n\t\t\t<div class=\"elementor-widget-wrap elementor-element-populated\">\n\t\t\t\t\t\t<div class=\"elementor-element elementor-element-39cd992f elementor-position-left elementor-vertical-align-middle elementor-widget elementor-widget-image-box\" data-id=\"39cd992f\" data-element_type=\"widget\" data-e-type=\"widget\" data-widget_type=\"image-box.default\">\n\t\t\t\t<div class=\"elementor-widget-container\">\n\t\t\t\t\t<div class=\"elementor-image-box-wrapper\"><figure class=\"elementor-image-box-img\"><img decoding=\"async\" width=\"91\" height=\"92\" src=\"https:\/\/www.edtij.com\/esp\/wp-content\/uploads\/2020\/11\/map-marker.png\" class=\"attachment-full size-full wp-image-45\" alt=\"\" \/><\/figure><div class=\"elementor-image-box-content\"><h3 class=\"elementor-image-box-title\">Ocean Business Plaza<\/h3><p class=\"elementor-image-box-description\">Piso 23, Oficina 2311 Ave. Aquilino De La Guardia y Calle 47 \/ Apartado postal: 0819-00054 Panam\u00e1 Rep\u00fablica de Panam\u00e1<\/p><\/div><\/div>\t\t\t\t<\/div>\n\t\t\t\t<\/div>\n\t\t\t\t\t<\/div>\n\t\t<\/div>\n\t\t\t\t\t<\/div>\n\t\t<\/section>\n\t\t\t\t<section class=\"elementor-section elementor-top-section elementor-element elementor-element-5a30883 elementor-section-boxed elementor-section-height-default elementor-section-height-default\" data-id=\"5a30883\" data-element_type=\"section\" data-e-type=\"section\">\n\t\t\t\t\t\t<div class=\"elementor-container elementor-column-gap-default\">\n\t\t\t\t\t<div class=\"elementor-column elementor-col-100 elementor-top-column elementor-element elementor-element-1f03ddf\" data-id=\"1f03ddf\" data-element_type=\"column\" data-e-type=\"column\">\n\t\t\t<div class=\"elementor-widget-wrap\">\n\t\t\t\t\t\t\t<\/div>\n\t\t<\/div>\n\t\t\t\t\t<\/div>\n\t\t<\/section>\n\t\t\t\t<section class=\"elementor-section elementor-top-section elementor-element elementor-element-6f83425 elementor-section-full_width elementor-section-height-default elementor-section-height-default\" data-id=\"6f83425\" data-element_type=\"section\" data-e-type=\"section\">\n\t\t\t\t\t\t<div class=\"elementor-container elementor-column-gap-default\">\n\t\t\t\t\t<div class=\"elementor-column elementor-col-100 elementor-top-column elementor-element elementor-element-ec61c53\" data-id=\"ec61c53\" data-element_type=\"column\" data-e-type=\"column\">\n\t\t\t<div class=\"elementor-widget-wrap elementor-element-populated\">\n\t\t\t\t\t\t<div class=\"elementor-element elementor-element-bd03407 elementor-widget elementor-widget-osm-map-elementor\" data-id=\"bd03407\" data-element_type=\"widget\" data-e-type=\"widget\" data-widget_type=\"osm-map-elementor.default\">\n\t\t\t\t<div class=\"elementor-widget-container\">\n\t\t\t\t\t<div id=\"osm-map-bd03407\" \n        class=\"osm-map-container\" \n        data-center=\"8.9770976019523,-79.522737382122\"><\/div>        <script type=\"text\/javascript\">\n                    <\/script>\n        \t\t\t\t<\/div>\n\t\t\t\t<\/div>\n\t\t\t\t\t<\/div>\n\t\t<\/div>\n\t\t\t\t\t<\/div>\n\t\t<\/section>\n\t\t\t\t<\/div>\n\t\t","protected":false},"excerpt":{"rendered":"<p>Contactenos D\u00e9janos un mensaje Ser\u00e1 un gusto servirle y atender su mensaje en la brevedad posible. Favor utilice cualquiera de nuestros medios de contacto, +507-340-6324 Tel\u00e9fono info@edtij.com Correo electr\u00f3nico Ocean Business Plaza Piso 23, Oficina 2311 Ave. Aquilino De La Guardia y Calle 47 \/ Apartado postal: 0819-00054 Panam\u00e1 Rep\u00fablica de Panam\u00e1<\/p>\n","protected":false},"author":1,"featured_media":0,"parent":0,"menu_order":0,"comment_status":"closed","ping_status":"closed","template":"","meta":{"_joinchat":[],"footnotes":""},"class_list":["post-11","page","type-page","status-publish","hentry"],"yoast_head":"<!-- This site is optimized with the Yoast SEO plugin v27.4 - https:\/\/yoast.com\/product\/yoast-seo-wordpress\/ -->\n<title>Cont\u00e1ctenos - EDTIJ - Abogados en Panam\u00e1<\/title>\n<meta name=\"description\" content=\"Contacta a Escobar, Della Togna, Icaza &amp; Jurado (EDTIJ), firma de abogados en Panam\u00e1, para recibir asesor\u00eda experta en derecho corporativo, fiscal, internacional y migratorio.\" \/>\n<meta name=\"robots\" content=\"index, follow, max-snippet:-1, max-image-preview:large, max-video-preview:-1\" \/>\n<link rel=\"canonical\" href=\"https:\/\/www.edtij.com\/esp\/contactenos\/\" \/>\n<meta property=\"og:locale\" content=\"es_ES\" \/>\n<meta property=\"og:type\" content=\"article\" \/>\n<meta property=\"og:title\" content=\"Cont\u00e1ctenos - EDTIJ - Abogados en Panam\u00e1\" \/>\n<meta property=\"og:description\" content=\"Contacta a Escobar, Della Togna, Icaza &amp; Jurado (EDTIJ), firma de abogados en Panam\u00e1, para recibir asesor\u00eda experta en derecho corporativo, fiscal, internacional y migratorio.\" \/>\n<meta property=\"og:url\" content=\"https:\/\/www.edtij.com\/esp\/contactenos\/\" \/>\n<meta property=\"og:site_name\" content=\"EDTIJ - Abogados en Panam\u00e1\" \/>\n<meta property=\"article:modified_time\" content=\"2025-05-10T21:32:33+00:00\" \/>\n<meta property=\"og:image\" content=\"https:\/\/www.edtij.com\/esp\/wp-content\/uploads\/2020\/11\/phone.png\" \/>\n<meta name=\"twitter:card\" content=\"summary_large_image\" \/>\n<meta name=\"twitter:label1\" content=\"Tiempo de lectura\" \/>\n\t<meta name=\"twitter:data1\" content=\"1 minuto\" \/>\n<script type=\"application\/ld+json\" class=\"yoast-schema-graph\">{\"@context\":\"https:\\\/\\\/schema.org\",\"@graph\":[{\"@type\":\"WebPage\",\"@id\":\"https:\\\/\\\/www.edtij.com\\\/esp\\\/contactenos\\\/\",\"url\":\"https:\\\/\\\/www.edtij.com\\\/esp\\\/contactenos\\\/\",\"name\":\"Cont\u00e1ctenos - EDTIJ - Abogados en Panam\u00e1\",\"isPartOf\":{\"@id\":\"https:\\\/\\\/www.edtij.com\\\/esp\\\/#website\"},\"primaryImageOfPage\":{\"@id\":\"https:\\\/\\\/www.edtij.com\\\/esp\\\/contactenos\\\/#primaryimage\"},\"image\":{\"@id\":\"https:\\\/\\\/www.edtij.com\\\/esp\\\/contactenos\\\/#primaryimage\"},\"thumbnailUrl\":\"https:\\\/\\\/www.edtij.com\\\/esp\\\/wp-content\\\/uploads\\\/2020\\\/11\\\/phone.png\",\"datePublished\":\"2020-11-30T23:33:26+00:00\",\"dateModified\":\"2025-05-10T21:32:33+00:00\",\"description\":\"Contacta a Escobar, Della Togna, Icaza & Jurado (EDTIJ), firma de abogados en Panam\u00e1, para recibir asesor\u00eda experta en derecho corporativo, fiscal, internacional y migratorio.\",\"breadcrumb\":{\"@id\":\"https:\\\/\\\/www.edtij.com\\\/esp\\\/contactenos\\\/#breadcrumb\"},\"inLanguage\":\"es\",\"potentialAction\":[{\"@type\":\"ReadAction\",\"target\":[\"https:\\\/\\\/www.edtij.com\\\/esp\\\/contactenos\\\/\"]}]},{\"@type\":\"ImageObject\",\"inLanguage\":\"es\",\"@id\":\"https:\\\/\\\/www.edtij.com\\\/esp\\\/contactenos\\\/#primaryimage\",\"url\":\"https:\\\/\\\/www.edtij.com\\\/esp\\\/wp-content\\\/uploads\\\/2020\\\/11\\\/phone.png\",\"contentUrl\":\"https:\\\/\\\/www.edtij.com\\\/esp\\\/wp-content\\\/uploads\\\/2020\\\/11\\\/phone.png\",\"width\":91,\"height\":92},{\"@type\":\"BreadcrumbList\",\"@id\":\"https:\\\/\\\/www.edtij.com\\\/esp\\\/contactenos\\\/#breadcrumb\",\"itemListElement\":[{\"@type\":\"ListItem\",\"position\":1,\"name\":\"Portada\",\"item\":\"https:\\\/\\\/www.edtij.com\\\/esp\\\/\"},{\"@type\":\"ListItem\",\"position\":2,\"name\":\"Cont\u00e1ctenos\"}]},{\"@type\":\"WebSite\",\"@id\":\"https:\\\/\\\/www.edtij.com\\\/esp\\\/#website\",\"url\":\"https:\\\/\\\/www.edtij.com\\\/esp\\\/\",\"name\":\"EDTIJ - Abogados en Panam\u00e1\",\"description\":\"\",\"potentialAction\":[{\"@type\":\"SearchAction\",\"target\":{\"@type\":\"EntryPoint\",\"urlTemplate\":\"https:\\\/\\\/www.edtij.com\\\/esp\\\/?s={search_term_string}\"},\"query-input\":{\"@type\":\"PropertyValueSpecification\",\"valueRequired\":true,\"valueName\":\"search_term_string\"}}],\"inLanguage\":\"es\"}]}<\/script>\n<!-- \/ Yoast SEO plugin. -->","yoast_head_json":{"title":"Cont\u00e1ctenos - EDTIJ - Abogados en Panam\u00e1","description":"Contacta a Escobar, Della Togna, Icaza & Jurado (EDTIJ), firma de abogados en Panam\u00e1, para recibir asesor\u00eda experta en derecho corporativo, fiscal, internacional y migratorio.","robots":{"index":"index","follow":"follow","max-snippet":"max-snippet:-1","max-image-preview":"max-image-preview:large","max-video-preview":"max-video-preview:-1"},"canonical":"https:\/\/www.edtij.com\/esp\/contactenos\/","og_locale":"es_ES","og_type":"article","og_title":"Cont\u00e1ctenos - EDTIJ - Abogados en Panam\u00e1","og_description":"Contacta a Escobar, Della Togna, Icaza & Jurado (EDTIJ), firma de abogados en Panam\u00e1, para recibir asesor\u00eda experta en derecho corporativo, fiscal, internacional y migratorio.","og_url":"https:\/\/www.edtij.com\/esp\/contactenos\/","og_site_name":"EDTIJ - Abogados en Panam\u00e1","article_modified_time":"2025-05-10T21:32:33+00:00","og_image":[{"url":"https:\/\/www.edtij.com\/esp\/wp-content\/uploads\/2020\/11\/phone.png","type":"","width":"","height":""}],"twitter_card":"summary_large_image","twitter_misc":{"Tiempo de lectura":"1 minuto"},"schema":{"@context":"https:\/\/schema.org","@graph":[{"@type":"WebPage","@id":"https:\/\/www.edtij.com\/esp\/contactenos\/","url":"https:\/\/www.edtij.com\/esp\/contactenos\/","name":"Cont\u00e1ctenos - EDTIJ - Abogados en Panam\u00e1","isPartOf":{"@id":"https:\/\/www.edtij.com\/esp\/#website"},"primaryImageOfPage":{"@id":"https:\/\/www.edtij.com\/esp\/contactenos\/#primaryimage"},"image":{"@id":"https:\/\/www.edtij.com\/esp\/contactenos\/#primaryimage"},"thumbnailUrl":"https:\/\/www.edtij.com\/esp\/wp-content\/uploads\/2020\/11\/phone.png","datePublished":"2020-11-30T23:33:26+00:00","dateModified":"2025-05-10T21:32:33+00:00","description":"Contacta a Escobar, Della Togna, Icaza & Jurado (EDTIJ), firma de abogados en Panam\u00e1, para recibir asesor\u00eda experta en derecho corporativo, fiscal, internacional y migratorio.","breadcrumb":{"@id":"https:\/\/www.edtij.com\/esp\/contactenos\/#breadcrumb"},"inLanguage":"es","potentialAction":[{"@type":"ReadAction","target":["https:\/\/www.edtij.com\/esp\/contactenos\/"]}]},{"@type":"ImageObject","inLanguage":"es","@id":"https:\/\/www.edtij.com\/esp\/contactenos\/#primaryimage","url":"https:\/\/www.edtij.com\/esp\/wp-content\/uploads\/2020\/11\/phone.png","contentUrl":"https:\/\/www.edtij.com\/esp\/wp-content\/uploads\/2020\/11\/phone.png","width":91,"height":92},{"@type":"BreadcrumbList","@id":"https:\/\/www.edtij.com\/esp\/contactenos\/#breadcrumb","itemListElement":[{"@type":"ListItem","position":1,"name":"Portada","item":"https:\/\/www.edtij.com\/esp\/"},{"@type":"ListItem","position":2,"name":"Cont\u00e1ctenos"}]},{"@type":"WebSite","@id":"https:\/\/www.edtij.com\/esp\/#website","url":"https:\/\/www.edtij.com\/esp\/","name":"EDTIJ - Abogados en Panam\u00e1","description":"","potentialAction":[{"@type":"SearchAction","target":{"@type":"EntryPoint","urlTemplate":"https:\/\/www.edtij.com\/esp\/?s={search_term_string}"},"query-input":{"@type":"PropertyValueSpecification","valueRequired":true,"valueName":"search_term_string"}}],"inLanguage":"es"}]}},"_links":{"self":[{"href":"https:\/\/www.edtij.com\/esp\/wp-json\/wp\/v2\/pages\/11","targetHints":{"allow":["GET"]}}],"collection":[{"href":"https:\/\/www.edtij.com\/esp\/wp-json\/wp\/v2\/pages"}],"about":[{"href":"https:\/\/www.edtij.com\/esp\/wp-json\/wp\/v2\/types\/page"}],"author":[{"embeddable":true,"href":"https:\/\/www.edtij.com\/esp\/wp-json\/wp\/v2\/users\/1"}],"replies":[{"embeddable":true,"href":"https:\/\/www.edtij.com\/esp\/wp-json\/wp\/v2\/comments?post=11"}],"version-history":[{"count":2,"href":"https:\/\/www.edtij.com\/esp\/wp-json\/wp\/v2\/pages\/11\/revisions"}],"predecessor-version":[{"id":2683,"href":"https:\/\/www.edtij.com\/esp\/wp-json\/wp\/v2\/pages\/11\/revisions\/2683"}],"wp:attachment":[{"href":"https:\/\/www.edtij.com\/esp\/wp-json\/wp\/v2\/media?parent=11"}],"curies":[{"name":"wp","href":"https:\/\/api.w.org\/{rel}","templated":true}]}}